{"id":71214,"date":"2018-11-04T12:04:31","date_gmt":"2018-11-04T11:04:31","guid":{"rendered":"https:\/\/www.musicapalazzo.com\/?page_id=71214"},"modified":"2019-04-16T12:16:15","modified_gmt":"2019-04-16T10:16:15","slug":"storia-opera-venezia","status":"publish","type":"page","link":"https:\/\/www.musicapalazzo.com\/it\/storia-opera-venezia\/","title":{"rendered":"Storia dell&#8217;opera a Venezia"},"content":{"rendered":"<div class=\"wpb-content-wrapper\"><p>[vc_row][vc_column][vc_empty_space height=&#8221;100px&#8221;][\/vc_column][\/vc_row][vc_row][vc_column width=&#8221;1\/2&#8243; css=&#8221;.vc_custom_1554376253458{margin-left: 0px !important;padding-left: 0px !important;}&#8221;][vc_column_text]<\/p>\n<h1>STORIA DELL\u2019OPERA LIRICA A VENEZIA<\/h1>\n<p>[\/vc_column_text][vc_empty_space height=&#8221;50px&#8221;][\/vc_column][vc_column width=&#8221;1\/2&#8243;][\/vc_column][\/vc_row][vc_row][vc_column][vc_row_inner][vc_column_inner offset=&#8221;vc_col-lg-5 vc_col-md-6&#8243;][vc_column_text]<\/p>\n<h2 style=\"text-align: left;\">L&#8217;Opera nei palazzi<\/h2>\n<p>[\/vc_column_text][vc_empty_space][\/vc_column_inner][\/vc_row_inner][vc_row_inner][vc_column_inner css=&#8221;.vc_custom_1554376010350{border-left-width: 1px !important;padding-top: 8px !important;padding-bottom: 8px !important;border-left-color: #c59c26 !important;border-left-style: solid !important;}&#8221; offset=&#8221;vc_col-lg-5 vc_col-md-6&#8243;][vc_column_text]Nell\u2019epoca barocca i palazzi veneziani sono sempre stati luoghi della musica come parte integrante delle feste e dei grandi ricevimenti. A le cantate o alle serenate allegoriche venivano accostate anche le rappresentazioni di Opere in musica seppure di carattere celebrativo: Monteverdi stesso scrisse la celebre Combattimento di Tancredi e Clorinda che fu rappresentata nel 1624 a Palazzo Mocenigo. Sei anni dopo lo stesso palazzo ospit\u00f2 Proserpina rapita sempre di Monteverdi su testo di Giulio Strozzi. Le rappresentazioni delle opere nei palazzi erano riservate ad un pubblico scelto e limitato agli amici della famiglia nobile che aveva organizzato l\u2019evento.[\/vc_column_text][\/vc_column_inner][vc_column_inner offset=&#8221;vc_col-lg-offset-1 vc_col-lg-6 vc_col-md-6 vc_hidden-sm vc_hidden-xs&#8221;][vc_single_image image=&#8221;75738&#8243; img_size=&#8221;full&#8221; alignment=&#8221;center&#8221; style=&#8221;vc_box_circle&#8221;][\/vc_column_inner][\/vc_row_inner][vc_empty_space height=&#8221;128px&#8221;][\/vc_column][\/vc_row][vc_row][vc_column][vc_row_inner][vc_column_inner offset=&#8221;vc_col-md-offset-7 vc_col-md-5&#8243;][vc_column_text]<\/p>\n<h2>Nasce il primo teatro musicale pubblico<\/h2>\n<p>[\/vc_column_text][vc_empty_space][\/vc_column_inner][\/vc_row_inner][vc_row_inner][vc_column_inner width=&#8221;1\/2&#8243;][vc_single_image image=&#8221;75772&#8243; img_size=&#8221;full&#8221; alignment=&#8221;center&#8221; style=&#8221;vc_box_circle&#8221;][\/vc_column_inner][vc_column_inner css=&#8221;.vc_custom_1554374341198{border-left-width: 1px !important;padding-top: 8px !important;padding-bottom: 8px !important;border-left-color: #c59c26 !important;border-left-style: solid !important;}&#8221; offset=&#8221;vc_col-lg-offset-1 vc_col-lg-5 vc_col-md-6&#8243;][vc_column_text]Nel 1636 avviene un fatto straordinario destinato a cambiare la storia dell\u2019opera a Venezia : la famiglia Tron ottiene il permesso dal consiglio dei dieci di fare ricostruire il Teatro S. Cassian (bruciato in un incendio) con il permesso di destinarlo non pi\u00f9 alle commedie bens\u00ec al teatro musicale.<\/p>\n<p>Il teatro venne ricostruito in meno di un anno e nel 1637 fu inaugurato: per la prima volta della storia del melodramma nacque un teatro musicale pubblico a pagamento.<\/p>\n<p>Il successo fu tale che ben presto vennero edificati ben altri 16 Teatri e nel corso del secolo successivo Venezia ebbe l\u2019invidiabile primato a livello europeo di essere la Citt\u00e0 dell\u2019Opera per eccellenza.<\/p>\n<p>Tra l\u2019apertura del teatro S. Cassiano e l\u2019apertura dell\u2019ultimo teatro del secolo il S. Giovanni Grisostomo nel 1678 furono rappresentate a Venezia pi\u00f9 di 150 opere.<\/p>\n<p>Tra i pi\u00f9 importanti compositori a Venezia ricordiamo oltre a Monteverdi, Francesco Cavalli e Crespi i quali ebbero il pregio di inaugurare una formula di opera lirica, perfezionata poi in futuro da altri compositori, le cui unit\u00e0 strutturali mettono in equilibrio l\u2019apporto del librettista e del compositore. Nel seicento veneziano inoltre si manifesta l\u2019aria col da capo che consolida il rapporto dinamico tra il pubblico e i cantanti ed emerge la figura della prima donna.[\/vc_column_text][\/vc_column_inner][\/vc_row_inner][vc_empty_space height=&#8221;128px&#8221;][\/vc_column][\/vc_row][vc_row][vc_column][vc_empty_space][vc_column_text]<\/p>\n<h2>Il giovane Rossini al Teatro S. Mois\u00e8<\/h2>\n<p>[\/vc_column_text][vc_empty_space][vc_row_inner][vc_column_inner css=&#8221;.vc_custom_1554374325779{border-left-width: 1px !important;padding-top: 8px !important;padding-bottom: 8px !important;border-left-color: #c59c26 !important;border-left-style: solid !important;}&#8221; offset=&#8221;vc_col-lg-5 vc_col-md-6&#8243;][vc_empty_space][vc_column_text]Il Teatro S. Mois\u00e8 fu uno dei primi teatri in cui si rappresentarono le opere liriche, un piccolo teatro ma molto elegante che produceva delle stagioni di grande qualit\u00e0 musicale. Vi furono rappresentate opere di Cavalli,Vivaldi, Albinoni,Galuppi e Rossini.<\/p>\n<p>Il giovane Gioacchino Rossini debutt\u00f2 diciottenne al Teatro S. Mois\u00e8 con La Cambiale di matrimonio e dopo il trionfo di quest\u2019opera fu lungamente applaudito per L\u2019Inganno felice; La Scala di seta; L\u2019Occasione fa il ladro e Il Signor Bruschino. Nel 1818 il Teatro S. Mois\u00e8 fu chiuso e venduto.<\/p>\n<p>\u201cAnche se il re imperatore Napoleone avesse onorato Venezia con la sua presenza, il suo arrivo non avrebbe distratto il pubblico da Rossini\u201d (Stendhal, Vita di Rossini)[\/vc_column_text][\/vc_column_inner][vc_column_inner offset=&#8221;vc_col-lg-offset-1 vc_col-lg-6 vc_col-md-6 vc_hidden-sm vc_hidden-xs&#8221;][vc_single_image image=&#8221;75777&#8243; img_size=&#8221;full&#8221; alignment=&#8221;center&#8221; style=&#8221;vc_box_circle&#8221;][\/vc_column_inner][\/vc_row_inner][vc_empty_space height=&#8221;128px&#8221;][\/vc_column][\/vc_row][vc_row][vc_column][vc_empty_space][vc_row_inner][vc_column_inner offset=&#8221;vc_col-md-offset-7 vc_col-md-5&#8243;][vc_column_text]<\/p>\n<h2>Il Teatro La Fenice<\/h2>\n<p>[\/vc_column_text][vc_empty_space][\/vc_column_inner][\/vc_row_inner][vc_row_inner][vc_column_inner width=&#8221;1\/2&#8243;][vc_single_image image=&#8221;75788&#8243; img_size=&#8221;full&#8221; alignment=&#8221;center&#8221; style=&#8221;vc_box_circle&#8221;][vc_column_text]<\/p>\n<p style=\"text-align: left;\"><span style=\"font-size: 12px;\">Foto: Pietro Tessarin<\/span><\/p>\n<p>[\/vc_column_text][\/vc_column_inner][vc_column_inner css=&#8221;.vc_custom_1500200680272{border-left-width: 1px !important;padding-top: 8px !important;padding-bottom: 8px !important;border-left-color: #c59c26 !important;border-left-style: solid !important;}&#8221; offset=&#8221;vc_col-lg-offset-1 vc_col-lg-5 vc_col-md-6&#8243;][vc_column_text]Nel settecento erano sette i teatri d\u2019opera a Venezia e nel 1773 il teatro pi\u00f9 importante, il S. Benedetto venne distrutto da un incendio e la vertenza giudiziaria che ne segu\u00ec la ricostruzione, tra la famiglia Vernier (proprietaria del terreno) e la societ\u00e0 proprietaria del teatro port\u00f2 quest\u2019ultima, avendo perso la causa a costruire un nuovo teatro ancora pi\u00f9 lussuoso: il Teatro La Fenice.<\/p>\n<p>Il teatro fu inaugurato nel 1790 e fino al 1836 fu il luogo dove vennero rappresentate le prime di numerosi capolavori tra cui il Tancredi e la Semiramide di Rossini, I Capuleti e i Montecchi e Beatrice di Tenda di Bellini, Belisario, Pia de\u2019 Tolomei e Maria di Rudenz di Donizetti.<\/p>\n<p>Il massimo teatro veneto fu poi distrutto da un incendio nel 1836.<\/p>\n<p>La ricostruzione del Teatro la Fenice apport\u00f2 numerose modifiche alla struttura del teatro e lo rese ancora pi\u00f9 elegante e bello, il teatro continua cos\u00ec il suo ineguagliato cammino come uno dei massimi teatri italiani ed europei.<\/p>\n<p>Il Teatro la Fenice ha contribuito a formare la storia del melodramma ospitando, dopo il Teatro alla Scala, il maggior numero di prime verdiane<\/p>\n<p>Il Teatro sub\u00ec nel novecento numerosi interventi di restauro e nel 1987 fu ricostruito nuovamente dopo un incendio devastante.<\/p>\n<p>Anche nel corso del novecento vi furono rappresentate varie prime assolute di incredibile importanza tra cui La carriera di un libertino di Igor Stravinskij, L\u2019Angelo di fuoco di Serghei Prokofiev, Il Giro di vite di Benjamin Britten, Intolleranza 1960 di Luigi Nono.[\/vc_column_text][\/vc_column_inner][\/vc_row_inner][vc_empty_space height=&#8221;128px&#8221;][\/vc_column][\/vc_row][vc_row][vc_column][vc_empty_space][vc_column_text]<\/p>\n<h2>Le opere di Giuseppe Verdi a Venezia<\/h2>\n<p>[\/vc_column_text][vc_empty_space][vc_row_inner][vc_column_inner css=&#8221;.vc_custom_1554374325779{border-left-width: 1px !important;padding-top: 8px !important;padding-bottom: 8px !important;border-left-color: #c59c26 !important;border-left-style: solid !important;}&#8221; offset=&#8221;vc_col-lg-5 vc_col-md-6&#8243;][vc_empty_space][vc_column_text]Giuseppe Verdi scrisse ben cinque opere commissionate dal Teatro La Fenice: Ernani, Attila, Rigoletto, La Traviata e Simon Boccanegra.<\/p>\n<p>Ernani, con libretto del veneziano Francesco Maria fu messa in scena il 10 marzo 1844 e nonostante sub\u00ec pesanti censure da parte della polizia austriaca ebbe comunque un buon successo.<\/p>\n<p>Attila, rappresentata il 17 marzo 1846 sollev\u00f2 un enorme entusiasmo da parte dei veneziani poich\u00e9 raccontava della nascita stessa della citt\u00e0: \u201cHa avuto successo lietissimo alla prima sera, ed ha fatto fanatismo alla seconda rappresentazione\u201d (G.Verdi).<\/p>\n<p>Rigoletto, rappresentato l\u201911 marzo 1851 fu un vero trionfo per Giuseppe Verdi che fu consacrato dalla stampa come un genio.<\/p>\n<p>La prima di La Traviata fu invece un fiasco clamoroso probabilmente a causa degli interpreti non all\u2019altezza e per la scabrosit\u00e0 del libretto. L\u2019opera, ispirata a La Signora delle camelie di Dumas figlio fu rappresentata il 6 marzo 1853: \u201cLa Traviata ieri sera, fiasco. La colpa \u00e8 mia o dei cantanti. Il tempo giudicher\u00e0!\u201d (G. Verdi)<\/p>\n<p>Nella ripresa dell\u2019opera, l\u2019anno successivo le fu tributato un grande successo.<\/p>\n<p>L\u2019ultima prima veneziana di Verdi fu Simon Boccanegra, messa in scena alla Fenice nel marzo del 1857, come La Traviata non ebbe successo alla prima rappresentazione \u201cHa fatto fiasco quasi altrettanto grande che quello della Traviata\u201d (G. Verdi) ma alla seconda invece gli applausi si triplicarono decretandone il successo.[\/vc_column_text][\/vc_column_inner][vc_column_inner offset=&#8221;vc_col-lg-offset-1 vc_col-lg-6 vc_col-md-6 vc_hidden-sm vc_hidden-xs&#8221;][vc_single_image image=&#8221;75783&#8243; img_size=&#8221;full&#8221; alignment=&#8221;center&#8221; style=&#8221;vc_box_circle&#8221;][\/vc_column_inner][\/vc_row_inner][vc_empty_space height=&#8221;128px&#8221;][\/vc_column][\/vc_row]<\/p>\n<\/div>","protected":false},"excerpt":{"rendered":"<p>[vc_row][vc_column][vc_empty_space height=&#8221;100px&#8221;][\/vc_column][\/vc_row][vc_row][vc_column width=&#8221;1\/2&#8243; css=&#8221;.vc_custom_1554376253458{margin-left: 0px !important;padding-left: 0px !important;}&#8221;][vc_column_text] STORIA DELL\u2019OPERA LIRICA A VENEZIA [\/vc_column_text][vc_empty_space height=&#8221;50px&#8221;][\/vc_column][vc_column width=&#8221;1\/2&#8243;][\/vc_column][\/vc_row][vc_row][vc_column][vc_row_inner][vc_column_inner offset=&#8221;vc_col-lg-5 vc_col-md-6&#8243;][vc_column_text] L&#8217;Opera nei palazzi [\/vc_column_text][vc_empty_space][\/vc_column_inner][\/vc_row_inner][vc_row_inner][vc_column_inner css=&#8221;.vc_custom_1554376010350{border-left-width: 1px !important;padding-top: 8px !important;padding-bottom: 8px !important;border-left-color: #c59c26 !important;border-left-style: solid !important;}&#8221; offset=&#8221;vc_col-lg-5 vc_col-md-6&#8243;][vc_column_text]Nell\u2019epoca barocca i palazzi veneziani sono sempre stati luoghi della musica&#8230;<\/p>\n","protected":false},"author":101015,"featured_media":0,"parent":0,"menu_order":0,"comment_status":"closed","ping_status":"closed","template":"","meta":{"footnotes":""},"class_list":["post-71214","page","type-page","status-publish","hentry"],"yoast_head":"<!-- This site is optimized with the Yoast SEO plugin v26.8 - https:\/\/yoast.com\/product\/yoast-seo-wordpress\/ -->\n<title>Storia dell&#039;opera a Venezia - Musica Palazzo<\/title>\n<meta name=\"robots\" content=\"index, follow, max-snippet:-1, max-image-preview:large, max-video-preview:-1\" \/>\n<link rel=\"canonical\" href=\"https:\/\/www.musicapalazzo.com\/it\/storia-opera-venezia\/\" \/>\n<meta property=\"og:locale\" content=\"it_IT\" \/>\n<meta property=\"og:type\" content=\"article\" \/>\n<meta property=\"og:title\" content=\"Storia dell&#039;opera a Venezia - Musica Palazzo\" \/>\n<meta property=\"og:description\" content=\"[vc_row][vc_column][vc_empty_space height=&#8221;100px&#8221;][\/vc_column][\/vc_row][vc_row][vc_column width=&#8221;1\/2&#8243; css=&#8221;.vc_custom_1554376253458{margin-left: 0px !important;padding-left: 0px !important;}&#8221;][vc_column_text] STORIA DELL\u2019OPERA LIRICA A VENEZIA [\/vc_column_text][vc_empty_space height=&#8221;50px&#8221;][\/vc_column][vc_column width=&#8221;1\/2&#8243;][\/vc_column][\/vc_row][vc_row][vc_column][vc_row_inner][vc_column_inner offset=&#8221;vc_col-lg-5 vc_col-md-6&#8243;][vc_column_text] L&#8217;Opera nei palazzi [\/vc_column_text][vc_empty_space][\/vc_column_inner][\/vc_row_inner][vc_row_inner][vc_column_inner css=&#8221;.vc_custom_1554376010350{border-left-width: 1px !important;padding-top: 8px !important;padding-bottom: 8px !important;border-left-color: #c59c26 !important;border-left-style: solid !important;}&#8221; offset=&#8221;vc_col-lg-5 vc_col-md-6&#8243;][vc_column_text]Nell\u2019epoca barocca i palazzi veneziani sono sempre stati luoghi della musica...\" \/>\n<meta property=\"og:url\" content=\"https:\/\/www.musicapalazzo.com\/it\/storia-opera-venezia\/\" \/>\n<meta property=\"og:site_name\" content=\"Musica Palazzo\" \/>\n<meta property=\"article:modified_time\" content=\"2019-04-16T10:16:15+00:00\" \/>\n<meta name=\"twitter:card\" content=\"summary_large_image\" \/>\n<meta name=\"twitter:label1\" content=\"Tempo di lettura stimato\" \/>\n\t<meta name=\"twitter:data1\" content=\"8 minuti\" \/>\n<script type=\"application\/ld+json\" class=\"yoast-schema-graph\">{\"@context\":\"https:\/\/schema.org\",\"@graph\":[{\"@type\":\"WebPage\",\"@id\":\"https:\/\/www.musicapalazzo.com\/it\/storia-opera-venezia\/\",\"url\":\"https:\/\/www.musicapalazzo.com\/it\/storia-opera-venezia\/\",\"name\":\"Storia dell'opera a Venezia - Musica Palazzo\",\"isPartOf\":{\"@id\":\"https:\/\/www.musicapalazzo.com\/it\/#website\"},\"datePublished\":\"2018-11-04T11:04:31+00:00\",\"dateModified\":\"2019-04-16T10:16:15+00:00\",\"breadcrumb\":{\"@id\":\"https:\/\/www.musicapalazzo.com\/it\/storia-opera-venezia\/#breadcrumb\"},\"inLanguage\":\"it-IT\",\"potentialAction\":[{\"@type\":\"ReadAction\",\"target\":[\"https:\/\/www.musicapalazzo.com\/it\/storia-opera-venezia\/\"]}]},{\"@type\":\"BreadcrumbList\",\"@id\":\"https:\/\/www.musicapalazzo.com\/it\/storia-opera-venezia\/#breadcrumb\",\"itemListElement\":[{\"@type\":\"ListItem\",\"position\":1,\"name\":\"Home\",\"item\":\"https:\/\/www.musicapalazzo.com\/it\/\"},{\"@type\":\"ListItem\",\"position\":2,\"name\":\"Storia dell&#8217;opera a Venezia\"}]},{\"@type\":\"WebSite\",\"@id\":\"https:\/\/www.musicapalazzo.com\/it\/#website\",\"url\":\"https:\/\/www.musicapalazzo.com\/it\/\",\"name\":\"Musica Palazzo\",\"description\":\"Associazione Culturale Music at the Palace\",\"potentialAction\":[{\"@type\":\"SearchAction\",\"target\":{\"@type\":\"EntryPoint\",\"urlTemplate\":\"https:\/\/www.musicapalazzo.com\/it\/?s={search_term_string}\"},\"query-input\":{\"@type\":\"PropertyValueSpecification\",\"valueRequired\":true,\"valueName\":\"search_term_string\"}}],\"inLanguage\":\"it-IT\"}]}<\/script>\n<!-- \/ Yoast SEO plugin. -->","yoast_head_json":{"title":"Storia dell'opera a Venezia - Musica Palazzo","robots":{"index":"index","follow":"follow","max-snippet":"max-snippet:-1","max-image-preview":"max-image-preview:large","max-video-preview":"max-video-preview:-1"},"canonical":"https:\/\/www.musicapalazzo.com\/it\/storia-opera-venezia\/","og_locale":"it_IT","og_type":"article","og_title":"Storia dell'opera a Venezia - Musica Palazzo","og_description":"[vc_row][vc_column][vc_empty_space height=&#8221;100px&#8221;][\/vc_column][\/vc_row][vc_row][vc_column width=&#8221;1\/2&#8243; css=&#8221;.vc_custom_1554376253458{margin-left: 0px !important;padding-left: 0px !important;}&#8221;][vc_column_text] STORIA DELL\u2019OPERA LIRICA A VENEZIA [\/vc_column_text][vc_empty_space height=&#8221;50px&#8221;][\/vc_column][vc_column width=&#8221;1\/2&#8243;][\/vc_column][\/vc_row][vc_row][vc_column][vc_row_inner][vc_column_inner offset=&#8221;vc_col-lg-5 vc_col-md-6&#8243;][vc_column_text] L&#8217;Opera nei palazzi [\/vc_column_text][vc_empty_space][\/vc_column_inner][\/vc_row_inner][vc_row_inner][vc_column_inner css=&#8221;.vc_custom_1554376010350{border-left-width: 1px !important;padding-top: 8px !important;padding-bottom: 8px !important;border-left-color: #c59c26 !important;border-left-style: solid !important;}&#8221; offset=&#8221;vc_col-lg-5 vc_col-md-6&#8243;][vc_column_text]Nell\u2019epoca barocca i palazzi veneziani sono sempre stati luoghi della musica...","og_url":"https:\/\/www.musicapalazzo.com\/it\/storia-opera-venezia\/","og_site_name":"Musica Palazzo","article_modified_time":"2019-04-16T10:16:15+00:00","twitter_card":"summary_large_image","twitter_misc":{"Tempo di lettura stimato":"8 minuti"},"schema":{"@context":"https:\/\/schema.org","@graph":[{"@type":"WebPage","@id":"https:\/\/www.musicapalazzo.com\/it\/storia-opera-venezia\/","url":"https:\/\/www.musicapalazzo.com\/it\/storia-opera-venezia\/","name":"Storia dell'opera a Venezia - Musica Palazzo","isPartOf":{"@id":"https:\/\/www.musicapalazzo.com\/it\/#website"},"datePublished":"2018-11-04T11:04:31+00:00","dateModified":"2019-04-16T10:16:15+00:00","breadcrumb":{"@id":"https:\/\/www.musicapalazzo.com\/it\/storia-opera-venezia\/#breadcrumb"},"inLanguage":"it-IT","potentialAction":[{"@type":"ReadAction","target":["https:\/\/www.musicapalazzo.com\/it\/storia-opera-venezia\/"]}]},{"@type":"BreadcrumbList","@id":"https:\/\/www.musicapalazzo.com\/it\/storia-opera-venezia\/#breadcrumb","itemListElement":[{"@type":"ListItem","position":1,"name":"Home","item":"https:\/\/www.musicapalazzo.com\/it\/"},{"@type":"ListItem","position":2,"name":"Storia dell&#8217;opera a Venezia"}]},{"@type":"WebSite","@id":"https:\/\/www.musicapalazzo.com\/it\/#website","url":"https:\/\/www.musicapalazzo.com\/it\/","name":"Musica Palazzo","description":"Associazione Culturale Music at the Palace","potentialAction":[{"@type":"SearchAction","target":{"@type":"EntryPoint","urlTemplate":"https:\/\/www.musicapalazzo.com\/it\/?s={search_term_string}"},"query-input":{"@type":"PropertyValueSpecification","valueRequired":true,"valueName":"search_term_string"}}],"inLanguage":"it-IT"}]}},"_links":{"self":[{"href":"https:\/\/www.musicapalazzo.com\/it\/wp-json\/wp\/v2\/pages\/71214","targetHints":{"allow":["GET"]}}],"collection":[{"href":"https:\/\/www.musicapalazzo.com\/it\/wp-json\/wp\/v2\/pages"}],"about":[{"href":"https:\/\/www.musicapalazzo.com\/it\/wp-json\/wp\/v2\/types\/page"}],"author":[{"embeddable":true,"href":"https:\/\/www.musicapalazzo.com\/it\/wp-json\/wp\/v2\/users\/101015"}],"replies":[{"embeddable":true,"href":"https:\/\/www.musicapalazzo.com\/it\/wp-json\/wp\/v2\/comments?post=71214"}],"version-history":[{"count":4,"href":"https:\/\/www.musicapalazzo.com\/it\/wp-json\/wp\/v2\/pages\/71214\/revisions"}],"predecessor-version":[{"id":76271,"href":"https:\/\/www.musicapalazzo.com\/it\/wp-json\/wp\/v2\/pages\/71214\/revisions\/76271"}],"wp:attachment":[{"href":"https:\/\/www.musicapalazzo.com\/it\/wp-json\/wp\/v2\/media?parent=71214"}],"curies":[{"name":"wp","href":"https:\/\/api.w.org\/{rel}","templated":true}]}}