{"id":152,"date":"2018-01-30T19:37:30","date_gmt":"2018-01-30T18:37:30","guid":{"rendered":"https:\/\/www.musicapalazzo.com\/?page_id=152"},"modified":"2024-04-04T19:30:49","modified_gmt":"2024-04-04T17:30:49","slug":"prenotazione","status":"publish","type":"page","link":"https:\/\/www.musicapalazzo.com\/it\/prenotazione\/","title":{"rendered":"Prenotazioni"},"content":{"rendered":"<div class=\"wpb-content-wrapper\"><p>[vc_row][vc_column offset=&#8221;vc_hidden-lg&#8221; css=&#8221;.vc_custom_1507051672438{margin-bottom: 2rem !important;}&#8221;][vc_column_text]<strong>Prenotazioni<br \/>\n<\/strong>Da questa pagina \u00e8 possibile inviare la propria richiesta di prenotazione.<\/p>\n<p><strong>Orario<\/strong><br \/>\nLo spettacolo inizia alle ore 20.30.<br \/>\nLa durata \u00e8 di circa 2 ore.<\/p>\n<p>L&#8217;ingresso in sala \u00e8 consentito solo dalle ore 20.00 alle 20.30. L&#8217;ingresso non \u00e8 garantito dopo l&#8217;inizio dello spettacolo.<\/p>\n<p>Qualora uno spettacolo dovesse iniziare in un orario diverso, sarete prontamente avvertiti tramite e-mail.<\/p>\n<p><strong>Costo<\/strong><br \/>\nIl costo della tessera associativa \u00e8 di 95 euro a persona.<\/p>\n<p>Il pagamento di tale quota permette di ricevere la propria tessera associativa personale per l&#8217;anno in corso e di assistere a uno spettacolo di Musica a Palazzo. La tessera permette inoltre di partecipare alle altre attivit\u00e0 culturali organizzate dall\u2019Associazione Culturale Dimensione Lirica (per maggiori informazioni <a href=\"https:\/\/www.musicapalazzo.com\/faq\/\">cliccare qui<\/a>).[\/vc_column_text][\/vc_column][\/vc_row][vc_row][vc_column offset=&#8221;vc_col-lg-9&#8243;][vc_column_text]\n<ul class=\"calendar-legend\">\n    <li class=\"la-traviata\">\n        <span class=\"legend-color\"><\/span> La Traviata\n    <\/li>\n    <li class=\"il-barbiere-di-siviglia\">\n        <span class=\"legend-color\"><\/span> Il Barbiere di siviglia\n    <\/li>\n    <li class=\"rigoletto\">\n        <span class=\"legend-color\"><\/span> Rigoletto\n    <\/li>\n<\/ul>\n\n\t\t<table class=\"map-shows-calendar\">\n\t\t\t<thead>\n\t\t\t\t<tr>\n\t\t\t\t\t<th colspan=\"2\">\n\t\t\t\t\t\t\t\t\t\t<\/th>\n\t\t\t\t\t<th colspan=\"3\">\n\t\t\t\t\t\t<h3>Maggio 2026<\/h3>\n\t\t\t\t\t<\/th>\n\t\t\t\t\t<th colspan=\"2\">\n\t\t\t\t   \t\t\t\t\t\t<a href=\"\n\t\t\t\t\t\t\/it\/wp-json\/wp\/v2\/pages\/152?date=1780272000\t\t\t\t\t\t\">\n\t\t\t\t\t\t\t\t\t\tMese successivo\t\t\t\t\t\t<\/a>\n\t\t\t\t\t\t\t\t\n\t\t\t\t\t<\/th>\n\t\t\t\t<\/tr>\n\t\t\t\t<tr>\n\t\t\t\t\t\t<\/tr>\n\t\t\t<\/thead>\n\t\t\t<tbody><tr>\n\t\t\t\t<td class=\"mapc-day-passed mapc-day-passed \"\n\t\t\t\t>\n\t\t\t<div class=\"cell-inner\">\n\t\t\t\t<div class=\"cell-content\">\n\t\t\t\t\t<span class=\"mapc-day-number\"><\/span>\n\n\t\t\t\t\t\t\t\t\t<\/div>\n\t\t\t<\/div>\n\t\t<\/td>\n\t\t<\/tr><\/tbody><\/table>\n<div class=\"map-booking-form\">\n\n    <p>Vi invitiamo a compilare questo form per prenotare l\u2019evento selezionato:<\/p>\n    \n    <span id=\"map-booking-date\" style=\"font-size:20px;\"><\/span>, <span id=\"map-booking-title\" style=\"font-size:20px;\"><\/span><br><br>\n\n\n    <form action=\"\" method=\"post\" id=\"MaP-Form\">\n\n        <input type=\"hidden\" value=\"\" name=\"map_show\" id=\"map_show\">\n        <input type=\"hidden\" value=\"\" name=\"map_booking_day\" id=\"map_booking_day\">\n\n        <div class=\"MaP-Field\">\n            <label class=\"MaP-Label\" for=\"MaP-FullName\">Nome<\/label>\n            <input type=\"text\" name=\"map_first_name\" placeholder=\"Inserite il vostro nome\"\n                class=\"MaP-Input\" required>\n        <\/div>\n\n        <div class=\"MaP-Field\">\n            <label class=\"MaP-Label\" for=\"MaP-LastName\">Cognome<\/label>\n            <input type=\"text\" name=\"map_last_name\" placeholder=\"Inserite il vostro cognome\"\n                class=\"MaP-Input\" required>\n        <\/div>\n\n        <small class=\"MaP-Note\" style=\"padding-top:7px\"><strong>PLEASE NOTE: If you are representing a travel agency, please do not use this form, but contact us directly at  <a href=\"mailto: info@musicapalazzo.com\">info@musicapalazzo.com<\/a>.<\/strong><\/small><br>\n\n        <div class=\"MaP-Field\">\n            <label class=\"MaP-Label\" for=\"MaP-Email\">E-mail<\/label>\n            <input oncopy=\"return false\" oncut=\"return false\" id=\"first-mail\" type=\"email\" name=\"map_mail\" class=\"MaP-Input\"\n                placeholder=\"Inserite un indirizzo e-mail valido\" required><br>\n            <input oncopy=\"return false\" oncut=\"return false\" onpaste=\"return false\"  id=\"second-mail\" type=\"email\" name=\"map_second_mail\"\n                class=\"MaP-Input\" placeholder=\"Repeat mail\" required>\n        <\/div>\n\n        <div class=\"MaP-Field\">\n            <label class=\"MaP-Label\" for=\"MaP-FullName\">Numero di posti da prenotare<\/label>\n            <select name=\"map_number_seats\" class=\"MaP-Select\" required>\n                <option value=1>1<\/option><option value=2>2<\/option><option value=3>3<\/option><option value=4>4<\/option><option value=5>5<\/option><option value=6>6<\/option><option value=7>7<\/option><option value=8>8<\/option><option value=9>9<\/option><option value=10>10<\/option><option value=11>11<\/option><option value=12>12<\/option><option value=13>13<\/option><option value=14>14<\/option><option value=15>15<\/option><option value=16>16<\/option><option value=17>17<\/option><option value=18>18<\/option><option value=19>19<\/option><option value=20>20<\/option><option value=21>21<\/option><option value=22>22<\/option><option value=23>23<\/option><option value=24>24<\/option><option value=25>25<\/option><option value=26>26<\/option><option value=27>27<\/option><option value=28>28<\/option><option value=29>29<\/option><option value=30>30<\/option>            <\/select>\n        <\/div>\n\n        <div class=\"MaP-Field\">\n            <label class=\"MaP-Label\"\n                for=\"MaP-FullName\">Lingua preferita per la risposta<\/label>\n            <select name=\"map_language\" class=\"MaP-Select\" required>\n                <option selected=\"selected\" value=\"it\">Italiano\n                <\/option>\n                <option  value=\"en\">English<\/option>\n                <option  value=\"fr\">Fran\u00e7ais\n                <\/option>\n            <\/select>\n        <\/div>\n        <small><strong> PLEASE NOTE: Dimensione Lirica is an officially registered Cultural Association.<br> Personal data will be used only for registration and booking purposes, and deleted the day after the booked show date.<br>By clicking on the required checkbox, you accept our <a class=\"elan42-disclaimer-policy-button\" href=\"\/files\/musicapalazzo.com\/2025\/12\/PRIVACY-DIMENSIONE-LIRICA.pdf\" target=\"_blank\">Privacy Policy<\/a>.<br> For any further questions, please visit the <a href=\"https:\/\/www.musicapalazzo.com\/it\/f-a-q\/\">FAQ<\/a> page or contact us at <a href=\"mailto: info@musicapalazzo.com\">info@musicapalazzo.com<\/a><\/small><\/strong><br><br>\n         <strong>Accept our privacy to continue<\/strong><br>\n        <input type=\"hidden\" name=\"map_redirect_url\"\n            value=\"https:\/\/www.musicapalazzo.com\/it\/grazie\/\">\n        <input type=\"hidden\" name=\"map_booking\" value=\"true\">\n        <small class=\"MaP-Note\"><input required name=\"map_privacy\" type=\"checkbox\">I declare to accept the privacy policy<\/small>\n        <\/input><br\/>\n\n<!--         <strong>Fill in the box below<\/strong><br>\n        <small>Please compile the input box with the Captcha characters you see below<\/small><br\/>\n<img decoding=\"async\" id=\"captcha\" src=\"\/securimage\/securimage_show.php\" alt=\"CAPTCHA Image\" \/>\n<div><input type=\"text\" name=\"captcha_code\" size=\"10\" maxlength=\"6\" \/>\n<a href=\"#\" onclick=\"document.getElementById('captcha').src = '\/securimage\/securimage_show.php?' + Math.random(); return false\">[ Load a different image ]<\/a>\n<\/div>\n -->\n\n\n      <div class=\"g-recaptcha\" data-sitekey=\"6LfjgqUZAAAAABCvYSYky81-o2nOxjvG-iRPaLYW\" data-callback='recaptchaCallback'><\/div>\n   \n      \n        <div class=\"button-wrapper\">\n            <button id=\"final-button\" class=\"Button\" type=\"submit\" disabled>Prenota<\/button>\n        <\/div>\n    <\/form>\n<\/div>\n\n\n<script src=\"https:\/\/www.google.com\/recaptcha\/api.js?onload=onloadCallback\"><\/script>\n     <script>\n\n  function recaptchaCallback(){\n\n  if (\n    !jQuery('input[name=\"map_privacy\"]').is(\":checked\") ||\n    !jQuery('input[name=\"map_first_name\"]').val().length ||\n    !jQuery('input[name=\"map_last_name\"]').val().length ||\n    !jQuery('input[name=\"map_mail\"]').val().length ||\n    !jQuery('input[name=\"map_second_mail\"]').val().length ||\n    document.getElementById(\"first-mail\").value != document.getElementById(\"second-mail\").value\n  ) {\n    jQuery(\"#final-button\").prop(\"disabled\", true);\n  } else { \n        if (grecaptcha && grecaptcha.getResponse().length !== 0) {\n                jQuery(\"#final-button\").removeAttr(\"disabled\");\n        }\n  }\n\n}\n\n    function onloadCallback(){\n            \/\/ Google Recaptcha would remove it...\n            jQuery(\"#final-button\").prop(\"disabled\", true);\n    }\n\n       function onSubmit(token) {\n         document.getElementById(\"MaP-Form\").submit();\n       }\n     <\/script>\n\n\n\n<script>\n\njQuery(document).on('input', \"#MaP-Form input\", function(){\n\n  if (\n    !jQuery('input[name=\"map_privacy\"]').is(\":checked\") ||\n    !jQuery('input[name=\"map_first_name\"]').val().length ||\n    !jQuery('input[name=\"map_last_name\"]').val().length ||\n    !jQuery('input[name=\"map_mail\"]').val().length ||\n    !jQuery('input[name=\"map_second_mail\"]').val().length ||\n    document.getElementById(\"first-mail\").value != document.getElementById(\"second-mail\").value\n  ) {\n    jQuery(\"#final-button\").prop(\"disabled\", true);\n  } else { \n\tif (grecaptcha && grecaptcha.getResponse().length !== 0) {\n    \t\tjQuery(\"#final-button\").removeAttr(\"disabled\");\n\t}\n  }\n});\n\n<\/script>\n\n\n\n\n[\/vc_column_text][\/vc_column][vc_column width=&#8221;1\/4&#8243; offset=&#8221;vc_hidden-md vc_hidden-sm vc_hidden-xs&#8221; css=&#8221;.vc_custom_1507051869068{padding-top: 2rem !important;}&#8221;][vc_column_text]<strong>Prenotazioni<br \/>\n<\/strong>Da questa pagina \u00e8 possibile inviare la propria richiesta di prenotazione.<\/p>\n<p><strong>Orario<\/strong><br \/>\nLo spettacolo inizia alle ore 20.30.<br \/>\nLa durata \u00e8 di circa 2 ore.<\/p>\n<p>L&#8217;ingresso in sala \u00e8 consentito solo dalle ore 20.00 alle 20.30. L&#8217;ingresso non \u00e8 garantito dopo l&#8217;inizio dello spettacolo.<\/p>\n<p>Qualora uno spettacolo dovesse iniziare in un orario diverso, sarete prontamente avvertiti tramite e-mail.<\/p>\n<p><strong>Costo<\/strong><br \/>\nIl costo della tessera associativa \u00e8 di 95 euro a persona.<\/p>\n<p>Il pagamento di tale quota permette di ricevere la propria tessera associativa personale per l&#8217;anno in corso e di assistere a uno spettacolo di Musica a Palazzo. La tessera permette inoltre di partecipare alle altre attivit\u00e0 culturali organizzate dall\u2019Associazione Culturale Dimensione Lirica (per maggiori informazioni <a href=\"https:\/\/www.musicapalazzo.com\/faq\/\">cliccare qui<\/a>).[\/vc_column_text][\/vc_column][\/vc_row]<\/p>\n<\/div>","protected":false},"excerpt":{"rendered":"<p>[vc_row][vc_column offset=&#8221;vc_hidden-lg&#8221; css=&#8221;.vc_custom_1507051672438{margin-bottom: 2rem !important;}&#8221;][vc_column_text]Prenotazioni Da questa pagina \u00e8 possibile inviare la propria richiesta di prenotazione. Orario Lo spettacolo inizia alle ore 20.30. La durata \u00e8 di circa 2 ore. L&#8217;ingresso in sala \u00e8 consentito solo dalle ore 20.00 alle 20.30. L&#8217;ingresso non \u00e8 garantito&#8230;<\/p>\n","protected":false},"author":101011,"featured_media":0,"parent":0,"menu_order":0,"comment_status":"closed","ping_status":"closed","template":"","meta":{"footnotes":""},"class_list":["post-152","page","type-page","status-publish","hentry"],"yoast_head":"<!-- This site is optimized with the Yoast SEO plugin v26.8 - https:\/\/yoast.com\/product\/yoast-seo-wordpress\/ -->\n<title>Prenotazioni - Musica Palazzo<\/title>\n<meta name=\"robots\" content=\"index, follow, max-snippet:-1, max-image-preview:large, max-video-preview:-1\" \/>\n<link rel=\"canonical\" href=\"https:\/\/www.musicapalazzo.com\/it\/prenotazione\/\" \/>\n<meta property=\"og:locale\" content=\"it_IT\" \/>\n<meta property=\"og:type\" content=\"article\" \/>\n<meta property=\"og:title\" content=\"Prenotazioni - Musica Palazzo\" \/>\n<meta property=\"og:description\" content=\"[vc_row][vc_column offset=&#8221;vc_hidden-lg&#8221; css=&#8221;.vc_custom_1507051672438{margin-bottom: 2rem !important;}&#8221;][vc_column_text]Prenotazioni Da questa pagina \u00e8 possibile inviare la propria richiesta di prenotazione. Orario Lo spettacolo inizia alle ore 20.30. La durata \u00e8 di circa 2 ore. L&#8217;ingresso in sala \u00e8 consentito solo dalle ore 20.00 alle 20.30. L&#8217;ingresso non \u00e8 garantito...\" \/>\n<meta property=\"og:url\" content=\"https:\/\/www.musicapalazzo.com\/it\/prenotazione\/\" \/>\n<meta property=\"og:site_name\" content=\"Musica Palazzo\" \/>\n<meta property=\"article:modified_time\" content=\"2024-04-04T17:30:49+00:00\" \/>\n<meta name=\"twitter:card\" content=\"summary_large_image\" \/>\n<meta name=\"twitter:label1\" content=\"Tempo di lettura stimato\" \/>\n\t<meta name=\"twitter:data1\" content=\"2 minuti\" \/>\n<script type=\"application\/ld+json\" class=\"yoast-schema-graph\">{\"@context\":\"https:\/\/schema.org\",\"@graph\":[{\"@type\":\"WebPage\",\"@id\":\"https:\/\/www.musicapalazzo.com\/it\/prenotazione\/\",\"url\":\"https:\/\/www.musicapalazzo.com\/it\/prenotazione\/\",\"name\":\"Prenotazioni - Musica Palazzo\",\"isPartOf\":{\"@id\":\"https:\/\/www.musicapalazzo.com\/it\/#website\"},\"datePublished\":\"2018-01-30T18:37:30+00:00\",\"dateModified\":\"2024-04-04T17:30:49+00:00\",\"breadcrumb\":{\"@id\":\"https:\/\/www.musicapalazzo.com\/it\/prenotazione\/#breadcrumb\"},\"inLanguage\":\"it-IT\",\"potentialAction\":[{\"@type\":\"ReadAction\",\"target\":[\"https:\/\/www.musicapalazzo.com\/it\/prenotazione\/\"]}]},{\"@type\":\"BreadcrumbList\",\"@id\":\"https:\/\/www.musicapalazzo.com\/it\/prenotazione\/#breadcrumb\",\"itemListElement\":[{\"@type\":\"ListItem\",\"position\":1,\"name\":\"Home\",\"item\":\"https:\/\/www.musicapalazzo.com\/it\/\"},{\"@type\":\"ListItem\",\"position\":2,\"name\":\"Prenotazioni\"}]},{\"@type\":\"WebSite\",\"@id\":\"https:\/\/www.musicapalazzo.com\/it\/#website\",\"url\":\"https:\/\/www.musicapalazzo.com\/it\/\",\"name\":\"Musica Palazzo\",\"description\":\"Associazione Culturale Music at the Palace\",\"potentialAction\":[{\"@type\":\"SearchAction\",\"target\":{\"@type\":\"EntryPoint\",\"urlTemplate\":\"https:\/\/www.musicapalazzo.com\/it\/?s={search_term_string}\"},\"query-input\":{\"@type\":\"PropertyValueSpecification\",\"valueRequired\":true,\"valueName\":\"search_term_string\"}}],\"inLanguage\":\"it-IT\"}]}<\/script>\n<!-- \/ Yoast SEO plugin. -->","yoast_head_json":{"title":"Prenotazioni - Musica Palazzo","robots":{"index":"index","follow":"follow","max-snippet":"max-snippet:-1","max-image-preview":"max-image-preview:large","max-video-preview":"max-video-preview:-1"},"canonical":"https:\/\/www.musicapalazzo.com\/it\/prenotazione\/","og_locale":"it_IT","og_type":"article","og_title":"Prenotazioni - Musica Palazzo","og_description":"[vc_row][vc_column offset=&#8221;vc_hidden-lg&#8221; css=&#8221;.vc_custom_1507051672438{margin-bottom: 2rem !important;}&#8221;][vc_column_text]Prenotazioni Da questa pagina \u00e8 possibile inviare la propria richiesta di prenotazione. Orario Lo spettacolo inizia alle ore 20.30. La durata \u00e8 di circa 2 ore. L&#8217;ingresso in sala \u00e8 consentito solo dalle ore 20.00 alle 20.30. L&#8217;ingresso non \u00e8 garantito...","og_url":"https:\/\/www.musicapalazzo.com\/it\/prenotazione\/","og_site_name":"Musica Palazzo","article_modified_time":"2024-04-04T17:30:49+00:00","twitter_card":"summary_large_image","twitter_misc":{"Tempo di lettura stimato":"2 minuti"},"schema":{"@context":"https:\/\/schema.org","@graph":[{"@type":"WebPage","@id":"https:\/\/www.musicapalazzo.com\/it\/prenotazione\/","url":"https:\/\/www.musicapalazzo.com\/it\/prenotazione\/","name":"Prenotazioni - Musica Palazzo","isPartOf":{"@id":"https:\/\/www.musicapalazzo.com\/it\/#website"},"datePublished":"2018-01-30T18:37:30+00:00","dateModified":"2024-04-04T17:30:49+00:00","breadcrumb":{"@id":"https:\/\/www.musicapalazzo.com\/it\/prenotazione\/#breadcrumb"},"inLanguage":"it-IT","potentialAction":[{"@type":"ReadAction","target":["https:\/\/www.musicapalazzo.com\/it\/prenotazione\/"]}]},{"@type":"BreadcrumbList","@id":"https:\/\/www.musicapalazzo.com\/it\/prenotazione\/#breadcrumb","itemListElement":[{"@type":"ListItem","position":1,"name":"Home","item":"https:\/\/www.musicapalazzo.com\/it\/"},{"@type":"ListItem","position":2,"name":"Prenotazioni"}]},{"@type":"WebSite","@id":"https:\/\/www.musicapalazzo.com\/it\/#website","url":"https:\/\/www.musicapalazzo.com\/it\/","name":"Musica Palazzo","description":"Associazione Culturale Music at the Palace","potentialAction":[{"@type":"SearchAction","target":{"@type":"EntryPoint","urlTemplate":"https:\/\/www.musicapalazzo.com\/it\/?s={search_term_string}"},"query-input":{"@type":"PropertyValueSpecification","valueRequired":true,"valueName":"search_term_string"}}],"inLanguage":"it-IT"}]}},"_links":{"self":[{"href":"https:\/\/www.musicapalazzo.com\/it\/wp-json\/wp\/v2\/pages\/152","targetHints":{"allow":["GET"]}}],"collection":[{"href":"https:\/\/www.musicapalazzo.com\/it\/wp-json\/wp\/v2\/pages"}],"about":[{"href":"https:\/\/www.musicapalazzo.com\/it\/wp-json\/wp\/v2\/types\/page"}],"author":[{"embeddable":true,"href":"https:\/\/www.musicapalazzo.com\/it\/wp-json\/wp\/v2\/users\/101011"}],"replies":[{"embeddable":true,"href":"https:\/\/www.musicapalazzo.com\/it\/wp-json\/wp\/v2\/comments?post=152"}],"version-history":[{"count":6,"href":"https:\/\/www.musicapalazzo.com\/it\/wp-json\/wp\/v2\/pages\/152\/revisions"}],"predecessor-version":[{"id":116369,"href":"https:\/\/www.musicapalazzo.com\/it\/wp-json\/wp\/v2\/pages\/152\/revisions\/116369"}],"wp:attachment":[{"href":"https:\/\/www.musicapalazzo.com\/it\/wp-json\/wp\/v2\/media?parent=152"}],"curies":[{"name":"wp","href":"https:\/\/api.w.org\/{rel}","templated":true}]}}