{"id":76241,"date":"2018-04-26T16:33:13","date_gmt":"2018-04-26T14:33:13","guid":{"rendered":"https:\/\/www.musicapalazzo.com\/barbarigo-minotto-palace\/"},"modified":"2019-04-16T13:08:45","modified_gmt":"2019-04-16T11:08:45","slug":"barbarigo-minotto-palace","status":"publish","type":"page","link":"https:\/\/www.musicapalazzo.com\/fr\/barbarigo-minotto-palace\/","title":{"rendered":"Palais Barbarigo Minotto"},"content":{"rendered":"<div class=\"wpb-content-wrapper\"><p>[vc_row][vc_column][vc_empty_space height=&#8221;100px&#8221;][\/vc_column][\/vc_row][vc_row][vc_column width=&#8221;1\/2&#8243; css=&#8221;.vc_custom_1554383581378{margin-left: 0px !important;padding-left: 0px !important;}&#8221;][vc_column_text]<\/p>\n<h1>PALAIS BARBARIGO MINOTTO<\/h1>\n<h4 class=\"map-suptitle\">Notes historique<\/h4>\n<p>[\/vc_column_text][vc_empty_space][vc_column_text]Le Palais Barbarigo Minotto est situ\u00e9 sur le c\u00f4t\u00e9 gauche du Grand Canal et est form\u00e9 de deux \u00e9difices qui ont \u00e9t\u00e9 unis durant le XVII\u00e8me si\u00e8cle: la partie plus ancienne, si\u00e8ge de \u201cMusica a Palazzo\u201d, \u00e9tait originairement le palais Minotto, gothique datant du V\u00e8me si\u00e8cle avec des ornements byzantins du XII\u00e8me si\u00e8cle et Palais Barbarigo, construction du XVII\u00e8me si\u00e8cle.[\/vc_column_text][\/vc_column][vc_column width=&#8221;1\/2&#8243;][\/vc_column][\/vc_row][vc_row][vc_column][vc_empty_space height=&#8221;80px&#8221;][\/vc_column][\/vc_row][vc_row][vc_column][vc_row_inner][vc_column_inner offset=&#8221;vc_col-lg-5 vc_col-md-6&#8243;][vc_column_text]<\/p>\n<h2>Origines et fortune de la famille Barbarigo<\/h2>\n<p>[\/vc_column_text][vc_empty_space][\/vc_column_inner][\/vc_row_inner][vc_row_inner][vc_column_inner css=&#8221;.vc_custom_1500200652008{border-left-width: 1px !important;padding-top: 8px !important;padding-bottom: 8px !important;border-left-color: #c59c26 !important;border-left-style: solid !important;}&#8221; offset=&#8221;vc_col-lg-5 vc_col-md-6&#8243;][vc_column_text]Barbarigo, famille patricienne d&#8217;origine istrienne, un de ses membres se nommait Arrigo, en 1880 il remporta la bataille contre les pirates sarrasins et fit retour dans sa patrie avec les barbes coup\u00e9es aux ennemis: de l\u00e0 veint le nom et l&#8217;embl\u00e8me avec les six barbes. Parmi les familles plus importantes de Venise, les Barbarigo eurent nombre d&#8217;\u00e9v\u00eaques, de cardinaux et de patriarches. Parmi ceux-ci il y eut aussi Saint Gr\u00e9goire Barbarigo, n\u00e9 ici en 1625, b\u00e9atifi\u00e9 en 1761 et sanctifi\u00e9 en 1960 sous le pontificat de Jean XXIII, d\u00e9j\u00e0 patriarche de Venise. Les Barbarigo ont aussi fond\u00e9 en 955 la premi\u00e8re \u00e9glise de Sainte Marie du Lys, appel\u00e9e Sainte Marie Zobenigo (LION DE VENISE).<\/p>\n<p>La S\u00e9r\u00e9nissime a aussi eu deux Doges Barbarigo: Marc qui a r\u00e9gn\u00e9 en 1485-86, premier Doge \u00e0 \u00eatre couronn\u00e9 sur l&#8217;escalier des G\u00e9ants du palais des Doges. Son dogat f\u00fbt tr\u00e8s bref et il semblerait qu&#8217;il soit mort \u00e0 cause d&#8217;une violente altercation avec son fr\u00e8re Augustin, qui eut lieu durant une r\u00e9union au S\u00e9nat. Son fr\u00e8re Augustin Barbarigo devint Doge par la suite, ce dernier f\u00fbt chef supr\u00eame de la S\u00e9r\u00e9nissime de 1486 \u00e0 1501, durant les ann\u00e9es o\u00f9 Caterina Corner, Reine de Chypre, f\u00eet don de son royaume \u00e0 Venise. Ce f\u00fbt lui qui imposa la coutume du baise-main au Doge.<\/p>\n<p>\u00c0 la suite du mariage de Gr\u00e9goire Barbarigo avec la brillante et cultiv\u00e9e Caterina Sagredo, en 1739, furent appel\u00e9s les plus illustres artistes du moment parmi lesquels le grand ma\u00eetre Jean-Baptiste Tiepolo, Fran\u00e7ois Fontebasso, Mengozzi Colonna et Carpoforo Mazzetti pour embellir les palais, soit le byzantin, ex Minotto, soit celui datant du XVII\u00e8me si\u00e8cle, qui depuis longtemps d\u00e9j\u00e0 avaient \u00e9t\u00e9 unis.[\/vc_column_text][\/vc_column_inner][vc_column_inner offset=&#8221;vc_col-lg-offset-1 vc_col-lg-6 vc_col-md-6 vc_hidden-sm vc_hidden-xs&#8221;][vc_single_image image=&#8221;71189&#8243; img_size=&#8221;full&#8221; alignment=&#8221;center&#8221; style=&#8221;vc_box_circle&#8221;][\/vc_column_inner][\/vc_row_inner][vc_empty_space height=&#8221;80px&#8221;][\/vc_column][\/vc_row][vc_row][vc_column][vc_row_inner][vc_column_inner offset=&#8221;vc_col-md-offset-7 vc_col-md-5&#8243;][vc_column_text]<\/p>\n<h2>La restauration du palais Barbarigo Minotto au XVIII\u00e8me si\u00e8cle<\/h2>\n<p>[\/vc_column_text][vc_empty_space][\/vc_column_inner][\/vc_row_inner][vc_row_inner][vc_column_inner width=&#8221;1\/2&#8243;][vc_single_image image=&#8221;75748&#8243; img_size=&#8221;full&#8221; alignment=&#8221;center&#8221; style=&#8221;vc_box_circle&#8221;][\/vc_column_inner][vc_column_inner css=&#8221;.vc_custom_1500200680272{border-left-width: 1px !important;padding-top: 8px !important;padding-bottom: 8px !important;border-left-color: #c59c26 !important;border-left-style: solid !important;}&#8221; offset=&#8221;vc_col-lg-offset-1 vc_col-lg-5 vc_col-md-6&#8243;][vc_column_text]En 1741 f\u00fbt r\u00e9tribu\u00e9 le peintre originaire de Ferrare, Gerolamo Mengozzi Colonna, fameux quadrituriste, pour avoir peint la petite chapelle domestique situ\u00e9e dans un renfoncement du mur et ferm\u00e9e par deux battants en bois. En 1742 Mengozzi Colonna intervient aussi dans le portego, le salon central, o\u00f9 il fournit les dessins pour les tr\u00e8s beaux pavements \u00e0 la v\u00e9nitienne.<\/p>\n<p>\u00c0 l&#8217;int\u00e9rieur, l&#8217;on y trouve de tr\u00e8s belles portes style Louis XIV en ronce de noyer et poign\u00e9es en bronze d\u00e9cor feuille de vigne.<br \/>\nL&#8217;\u00e9tage noble conserve encore une chapelle nobiliaire aux pavements marquet\u00e9s d&#8217;orme et noyer et un extraordinaire apparat en stuc de Carpoforo Mazzetti dit le Tencalla.<br \/>\nCarpoforo Mazzetti, \u00e9l\u00e8ve d&#8217; Abbondio Stazio, tous les deux tessinois, a r\u00e9alis\u00e9 les stucs dans l&#8217;alc\u00f4ve en style rocaille, constitu\u00e9e d&#8217;une pi\u00e8ce centrale pour le lit et de deux ailes lat\u00e9rales avec des petites portes orn\u00e9es de miroirs. Le cimier de la partie centrale est orn\u00e9 de ch\u00e9rubins portant des boucliers, tourn\u00e9s de dos, regardant vers l&#8217;alc\u00f4ve.<br \/>\nMazzetti a aussi r\u00e9alis\u00e9 les stucs de la salle \u00e0 manger qui repr\u00e9sentent des sc\u00e8nes mythologiques dans de p\u00e2les nuances couleurs pastel et de petits animaux tr\u00e8s color\u00e9s, qui cr\u00e9ent des effets d&#8217;un r\u00e9alisme tr\u00e8s prononc\u00e9.<\/p>\n<p>En 1741 l&#8217;illustre peintre v\u00e9nitien Jean-Baptiste Tiepolo r\u00e9alise les magnifiques monochromes et deux des moulures qui font de corniche \u00e0 la grande toile, peinte \u00e0 l&#8217;huile, La Vertu et la Noblesse vainquent l\u2019Ignorance, aujourd&#8217;hui conserv\u00e9e \u00e0 Ca\u2019 Rezzonico et substitu\u00e9e par une splendide copie du XX\u00e8me si\u00e8cle.[\/vc_column_text][\/vc_column_inner][\/vc_row_inner][vc_empty_space height=&#8221;80px&#8221;][\/vc_column][\/vc_row][vc_row][vc_column][vc_row_inner][vc_column_inner offset=&#8221;vc_col-lg-5 vc_col-md-6&#8243;][vc_column_text]<\/p>\n<h2>La symbolique Ma\u00e7onnique<\/h2>\n<p>[\/vc_column_text][vc_empty_space][\/vc_column_inner][\/vc_row_inner][vc_row_inner][vc_column_inner css=&#8221;.vc_custom_1500200652008{border-left-width: 1px !important;padding-top: 8px !important;padding-bottom: 8px !important;border-left-color: #c59c26 !important;border-left-style: solid !important;}&#8221; offset=&#8221;vc_col-lg-5 vc_col-md-6&#8243;][vc_column_text]Toute la d\u00e9coration picturale symbolise les int\u00e9r\u00eats culturels du couple form\u00e9 par \u201cGregorietto\u201d et Caterina Sagredo, mari\u00e9s depuis peu. Quatre monochromes repr\u00e9sentent les sciences: l&#8217;Histoire, l\u2019Astronomie, la G\u00e9ographie, et l\u2019Astrologie. Les quatre autres, avec des encadrements aux lignes vari\u00e9es repr\u00e9sentent les Arts: la Peinture, la Sculpture, la Musique, et la Po\u00e9sie. Au-dessus des portes, Tiepolo avait r\u00e9alis\u00e9 les fresques le M\u00e9rite et l\u2019Abondance. On y aper\u00e7oit entre autres, de nombreux symboles propres \u00e0 la franc-ma\u00e7onnerie. Ce cycle d\u00e9note l&#8217;influence de la mode n\u00e9oclassique qui, durant ces ann\u00e9es s&#8217;imposait en ville au travers de motifs d&#8217;ornement, sculptures antiques, sarcophages, amphores et vases unis \u00e0 \u201cla gr\u00e2ce olympique\u201d des personnages qui y sont repr\u00e9sent\u00e9s. Telle peinture manifeste la grande joie des oeuvres autographes de Jean-Baptiste. Le salon jaune est d\u00e9fini pi\u00e8ce de la \u201cSagesse\u201d parce-que l&#8217;ensemble du cycle des monochromes est la c\u00e9l\u00e9bration du commettant culteur des arts et des sciences qui conf\u00e8rent bien-\u00eatre et noblesse.<\/p>\n<p>Sur la toile centrale, r\u00e9alis\u00e9e par Tiepolo entre 1744 et 1745, \u00e0 c\u00f4t\u00e9 des deux figures f\u00e9minines qui repr\u00e9sentent la Noblesse et la Vertu, appara\u00eet un visage plac\u00e9 derri\u00e8re le ch\u00e9rubin qui soutient la tra\u00eene de la Noblesse. Il pourrait s&#8217;agir du portrait du fils du peintre, Joseph Marie, futur fr\u00e8re somasque; chez le camarade du page l&#8217;on peut reconna\u00eetre l&#8217;autoportrait de l&#8217;artiste. La chauve-souris retenue avec un fil par le petit g\u00e9nie, aux c\u00f4t\u00e9s du personnage \u201cpr\u00e9cipit\u00e9\u201d, sont les embl\u00e8mes du Vice et de l\u2019Ignorance vaincus par la Vertu et par la Noblesse, th\u00e8me c\u00e9lebratif pour les commettants. L&#8217;oeuvre d\u00e9voile une maturit\u00e9 stylistique atteinte par Tiepolo avec un rendu ex\u00e9cutif de grande qualit\u00e9, m\u00e9moire des mod\u00e8les de l&#8217;\u00e9cole de V\u00e9ron\u00e8se.[\/vc_column_text][\/vc_column_inner][vc_column_inner offset=&#8221;vc_col-lg-offset-1 vc_col-lg-6 vc_col-md-6 vc_hidden-sm vc_hidden-xs&#8221;][vc_single_image image=&#8221;75757&#8243; img_size=&#8221;full&#8221; alignment=&#8221;center&#8221; style=&#8221;vc_box_circle&#8221;][\/vc_column_inner][\/vc_row_inner][vc_empty_space height=&#8221;80px&#8221;][\/vc_column][\/vc_row][vc_row][vc_column][vc_row_inner][vc_column_inner offset=&#8221;vc_col-md-offset-7 vc_col-md-5&#8243;][vc_column_text]<\/p>\n<h2>Le palais aujourd&#8217;hui<\/h2>\n<p>[\/vc_column_text][vc_empty_space][\/vc_column_inner][\/vc_row_inner][vc_row_inner][vc_column_inner width=&#8221;1\/2&#8243;][vc_single_image image=&#8221;75743&#8243; img_size=&#8221;full&#8221; alignment=&#8221;center&#8221; style=&#8221;vc_box_circle&#8221;][\/vc_column_inner][vc_column_inner css=&#8221;.vc_custom_1500200680272{border-left-width: 1px !important;padding-top: 8px !important;padding-bottom: 8px !important;border-left-color: #c59c26 !important;border-left-style: solid !important;}&#8221; offset=&#8221;vc_col-lg-offset-1 vc_col-lg-5 vc_col-md-6&#8243;][vc_column_text]La famille Barbarigo s&#8217;est \u00e9teinte en 1804 apr\u00e8s la mort de la brillante et salonni\u00e8re Contarina Barbarigo et le palais passa en h\u00e9ritage \u00e0 la famille de Marc-Antoine Michiel. Apr\u00e8s diverses vicissitudes le palais devint propri\u00e9t\u00e9 de la famille Don\u00e0 delle Rose.<\/p>\n<p>Depuis douze ans c&#8217;est le si\u00e8ge de l\u2019association culturelle \u201cMusique au Palais\u201d qui en prend soin avec la r\u00e9alisation de nombreuses restaurations pour la conservation de la structure et des int\u00e9rieurs.[\/vc_column_text][\/vc_column_inner][\/vc_row_inner][vc_empty_space height=&#8221;80px&#8221;][\/vc_column][\/vc_row]<\/p>\n<\/div>","protected":false},"excerpt":{"rendered":"<p>[vc_row][vc_column][vc_empty_space height=&#8221;100px&#8221;][\/vc_column][\/vc_row][vc_row][vc_column width=&#8221;1\/2&#8243; css=&#8221;.vc_custom_1554383581378{margin-left: 0px !important;padding-left: 0px !important;}&#8221;][vc_column_text] PALAIS BARBARIGO MINOTTO Notes historique [\/vc_column_text][vc_empty_space][vc_column_text]Le Palais Barbarigo Minotto est situ\u00e9 sur le c\u00f4t\u00e9 gauche du Grand Canal et est form\u00e9 de deux \u00e9difices qui ont \u00e9t\u00e9 unis durant le XVII\u00e8me si\u00e8cle: la partie plus ancienne, si\u00e8ge&#8230;<\/p>\n","protected":false},"author":101015,"featured_media":0,"parent":0,"menu_order":0,"comment_status":"closed","ping_status":"closed","template":"","meta":{"footnotes":""},"class_list":["post-76241","page","type-page","status-publish","hentry"],"yoast_head":"<!-- This site is optimized with the Yoast SEO plugin v26.8 - https:\/\/yoast.com\/product\/yoast-seo-wordpress\/ -->\n<title>Palais Barbarigo Minotto - Musica Palazzo<\/title>\n<meta name=\"robots\" content=\"index, follow, max-snippet:-1, max-image-preview:large, max-video-preview:-1\" \/>\n<link rel=\"canonical\" href=\"https:\/\/www.musicapalazzo.com\/fr\/barbarigo-minotto-palace\/\" \/>\n<meta property=\"og:locale\" content=\"fr_FR\" \/>\n<meta property=\"og:type\" content=\"article\" \/>\n<meta property=\"og:title\" content=\"Palais Barbarigo Minotto - Musica Palazzo\" \/>\n<meta property=\"og:description\" content=\"[vc_row][vc_column][vc_empty_space height=&#8221;100px&#8221;][\/vc_column][\/vc_row][vc_row][vc_column width=&#8221;1\/2&#8243; css=&#8221;.vc_custom_1554383581378{margin-left: 0px !important;padding-left: 0px !important;}&#8221;][vc_column_text] PALAIS BARBARIGO MINOTTO Notes historique [\/vc_column_text][vc_empty_space][vc_column_text]Le Palais Barbarigo Minotto est situ\u00e9 sur le c\u00f4t\u00e9 gauche du Grand Canal et est form\u00e9 de deux \u00e9difices qui ont \u00e9t\u00e9 unis durant le XVII\u00e8me si\u00e8cle: la partie plus ancienne, si\u00e8ge...\" \/>\n<meta property=\"og:url\" content=\"https:\/\/www.musicapalazzo.com\/fr\/barbarigo-minotto-palace\/\" \/>\n<meta property=\"og:site_name\" content=\"Musica Palazzo\" \/>\n<meta property=\"article:modified_time\" content=\"2019-04-16T11:08:45+00:00\" \/>\n<meta name=\"twitter:card\" content=\"summary_large_image\" \/>\n<meta name=\"twitter:label1\" content=\"Est. reading time\" \/>\n\t<meta name=\"twitter:data1\" content=\"8 minutes\" \/>\n<script type=\"application\/ld+json\" class=\"yoast-schema-graph\">{\"@context\":\"https:\/\/schema.org\",\"@graph\":[{\"@type\":\"WebPage\",\"@id\":\"https:\/\/www.musicapalazzo.com\/fr\/barbarigo-minotto-palace\/\",\"url\":\"https:\/\/www.musicapalazzo.com\/fr\/barbarigo-minotto-palace\/\",\"name\":\"Palais Barbarigo Minotto - Musica Palazzo\",\"isPartOf\":{\"@id\":\"https:\/\/www.musicapalazzo.com\/fr\/#website\"},\"datePublished\":\"2018-04-26T14:33:13+00:00\",\"dateModified\":\"2019-04-16T11:08:45+00:00\",\"breadcrumb\":{\"@id\":\"https:\/\/www.musicapalazzo.com\/fr\/barbarigo-minotto-palace\/#breadcrumb\"},\"inLanguage\":\"fr-FR\",\"potentialAction\":[{\"@type\":\"ReadAction\",\"target\":[\"https:\/\/www.musicapalazzo.com\/fr\/barbarigo-minotto-palace\/\"]}]},{\"@type\":\"BreadcrumbList\",\"@id\":\"https:\/\/www.musicapalazzo.com\/fr\/barbarigo-minotto-palace\/#breadcrumb\",\"itemListElement\":[{\"@type\":\"ListItem\",\"position\":1,\"name\":\"Home\",\"item\":\"https:\/\/www.musicapalazzo.com\/fr\/\"},{\"@type\":\"ListItem\",\"position\":2,\"name\":\"Palais Barbarigo Minotto\"}]},{\"@type\":\"WebSite\",\"@id\":\"https:\/\/www.musicapalazzo.com\/fr\/#website\",\"url\":\"https:\/\/www.musicapalazzo.com\/fr\/\",\"name\":\"Musica Palazzo\",\"description\":\"Associazione Culturale Music at the Palace\",\"potentialAction\":[{\"@type\":\"SearchAction\",\"target\":{\"@type\":\"EntryPoint\",\"urlTemplate\":\"https:\/\/www.musicapalazzo.com\/fr\/?s={search_term_string}\"},\"query-input\":{\"@type\":\"PropertyValueSpecification\",\"valueRequired\":true,\"valueName\":\"search_term_string\"}}],\"inLanguage\":\"fr-FR\"}]}<\/script>\n<!-- \/ Yoast SEO plugin. -->","yoast_head_json":{"title":"Palais Barbarigo Minotto - Musica Palazzo","robots":{"index":"index","follow":"follow","max-snippet":"max-snippet:-1","max-image-preview":"max-image-preview:large","max-video-preview":"max-video-preview:-1"},"canonical":"https:\/\/www.musicapalazzo.com\/fr\/barbarigo-minotto-palace\/","og_locale":"fr_FR","og_type":"article","og_title":"Palais Barbarigo Minotto - Musica Palazzo","og_description":"[vc_row][vc_column][vc_empty_space height=&#8221;100px&#8221;][\/vc_column][\/vc_row][vc_row][vc_column width=&#8221;1\/2&#8243; css=&#8221;.vc_custom_1554383581378{margin-left: 0px !important;padding-left: 0px !important;}&#8221;][vc_column_text] PALAIS BARBARIGO MINOTTO Notes historique [\/vc_column_text][vc_empty_space][vc_column_text]Le Palais Barbarigo Minotto est situ\u00e9 sur le c\u00f4t\u00e9 gauche du Grand Canal et est form\u00e9 de deux \u00e9difices qui ont \u00e9t\u00e9 unis durant le XVII\u00e8me si\u00e8cle: la partie plus ancienne, si\u00e8ge...","og_url":"https:\/\/www.musicapalazzo.com\/fr\/barbarigo-minotto-palace\/","og_site_name":"Musica Palazzo","article_modified_time":"2019-04-16T11:08:45+00:00","twitter_card":"summary_large_image","twitter_misc":{"Est. reading time":"8 minutes"},"schema":{"@context":"https:\/\/schema.org","@graph":[{"@type":"WebPage","@id":"https:\/\/www.musicapalazzo.com\/fr\/barbarigo-minotto-palace\/","url":"https:\/\/www.musicapalazzo.com\/fr\/barbarigo-minotto-palace\/","name":"Palais Barbarigo Minotto - Musica Palazzo","isPartOf":{"@id":"https:\/\/www.musicapalazzo.com\/fr\/#website"},"datePublished":"2018-04-26T14:33:13+00:00","dateModified":"2019-04-16T11:08:45+00:00","breadcrumb":{"@id":"https:\/\/www.musicapalazzo.com\/fr\/barbarigo-minotto-palace\/#breadcrumb"},"inLanguage":"fr-FR","potentialAction":[{"@type":"ReadAction","target":["https:\/\/www.musicapalazzo.com\/fr\/barbarigo-minotto-palace\/"]}]},{"@type":"BreadcrumbList","@id":"https:\/\/www.musicapalazzo.com\/fr\/barbarigo-minotto-palace\/#breadcrumb","itemListElement":[{"@type":"ListItem","position":1,"name":"Home","item":"https:\/\/www.musicapalazzo.com\/fr\/"},{"@type":"ListItem","position":2,"name":"Palais Barbarigo Minotto"}]},{"@type":"WebSite","@id":"https:\/\/www.musicapalazzo.com\/fr\/#website","url":"https:\/\/www.musicapalazzo.com\/fr\/","name":"Musica Palazzo","description":"Associazione Culturale Music at the Palace","potentialAction":[{"@type":"SearchAction","target":{"@type":"EntryPoint","urlTemplate":"https:\/\/www.musicapalazzo.com\/fr\/?s={search_term_string}"},"query-input":{"@type":"PropertyValueSpecification","valueRequired":true,"valueName":"search_term_string"}}],"inLanguage":"fr-FR"}]}},"_links":{"self":[{"href":"https:\/\/www.musicapalazzo.com\/fr\/wp-json\/wp\/v2\/pages\/76241","targetHints":{"allow":["GET"]}}],"collection":[{"href":"https:\/\/www.musicapalazzo.com\/fr\/wp-json\/wp\/v2\/pages"}],"about":[{"href":"https:\/\/www.musicapalazzo.com\/fr\/wp-json\/wp\/v2\/types\/page"}],"author":[{"embeddable":true,"href":"https:\/\/www.musicapalazzo.com\/fr\/wp-json\/wp\/v2\/users\/101015"}],"replies":[{"embeddable":true,"href":"https:\/\/www.musicapalazzo.com\/fr\/wp-json\/wp\/v2\/comments?post=76241"}],"version-history":[{"count":3,"href":"https:\/\/www.musicapalazzo.com\/fr\/wp-json\/wp\/v2\/pages\/76241\/revisions"}],"predecessor-version":[{"id":76279,"href":"https:\/\/www.musicapalazzo.com\/fr\/wp-json\/wp\/v2\/pages\/76241\/revisions\/76279"}],"wp:attachment":[{"href":"https:\/\/www.musicapalazzo.com\/fr\/wp-json\/wp\/v2\/media?parent=76241"}],"curies":[{"name":"wp","href":"https:\/\/api.w.org\/{rel}","templated":true}]}}