{"id":322,"date":"2018-01-30T19:38:25","date_gmt":"2018-01-30T18:38:25","guid":{"rendered":"https:\/\/www.musicapalazzo.com\/fr\/?page_id=322"},"modified":"2026-01-29T13:29:37","modified_gmt":"2026-01-29T12:29:37","slug":"faq","status":"publish","type":"page","link":"https:\/\/www.musicapalazzo.com\/fr\/faq\/","title":{"rendered":"FAQ"},"content":{"rendered":"<div class=\"wpb-content-wrapper\"><p>[vc_row][vc_column offset=&#8221;vc_col-lg-8 vc_col-md-10&#8243;][vc_column_text]<\/p>\n<h1>FAQ<\/h1>\n<p>[\/vc_column_text][vc_empty_space height=&#8221;64px&#8221;]<div class=\"edgtf-accordion-holder clearfix edgtf-accordion edgtf-initial \">\n\t<h3 class=\"clearfix edgtf-title-holder\">\n\t<span class=\"edgtf-acc-gradient\"><\/span>\n\t<span class=\"edgtf-tab-title\">\n\t\t<span class=\"edgtf-tab-title-inner\">\n\t\t\tComment r\u00e9server une place?\t\t<\/span>\n\t<\/span>\n\t<span class=\"edgtf-accordion-mark\">\n\t\t<span class=\"edgtf-accordion-mark-icon\">\n\t\t\t<span class=\"icon_plus\"><\/span>\n\t\t\t<span class=\"icon_minus-06\"><\/span>\n\t\t<\/span>\n\t<\/span>\n<\/h3>\n<div class=\"edgtf-accordion-content\">\n\t<div class=\"edgtf-accordion-content-inner\">\n\t\t[vc_column_text]Vous pouvez faire une r\u00e9servation en cliquant sur le bouton R\u00e9server. Si vous pr\u00e9f\u00e9rez, vous pouvez faire votre r\u00e9servation par t\u00e9l\u00e9phone en appelant le +39 340 97 17 272 (09h00 \u2013 19h00 CET).[\/vc_column_text]\t<\/div>\n<\/div><h3 class=\"clearfix edgtf-title-holder\">\n\t<span class=\"edgtf-acc-gradient\"><\/span>\n\t<span class=\"edgtf-tab-title\">\n\t\t<span class=\"edgtf-tab-title-inner\">\n\t\t\tLes places sont num\u00e9rot\u00e9es? Comment choisir ma place?\t\t<\/span>\n\t<\/span>\n\t<span class=\"edgtf-accordion-mark\">\n\t\t<span class=\"edgtf-accordion-mark-icon\">\n\t\t\t<span class=\"icon_plus\"><\/span>\n\t\t\t<span class=\"icon_minus-06\"><\/span>\n\t\t<\/span>\n\t<\/span>\n<\/h3>\n<div class=\"edgtf-accordion-content\">\n\t<div class=\"edgtf-accordion-content-inner\">\n\t\t[vc_column_text]Il n\u2019est pas possible de r\u00e9server des places parce que les si\u00e8ges ne sont pas num\u00e9rot\u00e9s, mais vous pouvez choisir votre place des que vous aurez consign\u00e9 le module d\u2019inscription \u00e0 l\u2019entr\u00e9e.[\/vc_column_text]\t<\/div>\n<\/div><h3 class=\"clearfix edgtf-title-holder\">\n\t<span class=\"edgtf-acc-gradient\"><\/span>\n\t<span class=\"edgtf-tab-title\">\n\t\t<span class=\"edgtf-tab-title-inner\">\n\t\t\tPour acc\u00e9der \u00e0 Musica a Palazzo je dois remplir un formulaire et acheter la carte de membre, de quoi s\u2019agit-il?\t\t<\/span>\n\t<\/span>\n\t<span class=\"edgtf-accordion-mark\">\n\t\t<span class=\"edgtf-accordion-mark-icon\">\n\t\t\t<span class=\"icon_plus\"><\/span>\n\t\t\t<span class=\"icon_minus-06\"><\/span>\n\t\t<\/span>\n\t<\/span>\n<\/h3>\n<div class=\"edgtf-accordion-content\">\n\t<div class=\"edgtf-accordion-content-inner\">\n\t\t[vc_column_text]Musica a Palazzo est un cercle culturel, ce qui signifie que, pour avoir acc\u00e8s \u00e0 ses activit\u00e9s vous devez \u00eatre enregistr\u00e9s aupr\u00e8s de ses membres. Ce qui sera possible gr\u00e2ce \u00e0 la carte de membre qui vous sera remise apr\u00e8s avoir ins\u00e9r\u00e9 vos donn\u00e9es personnelles dans le formulaire d\u2019admission. Le co\u00fbt total est de 95 euros \/ personne.[\/vc_column_text]\t<\/div>\n<\/div><h3 class=\"clearfix edgtf-title-holder\">\n\t<span class=\"edgtf-acc-gradient\"><\/span>\n\t<span class=\"edgtf-tab-title\">\n\t\t<span class=\"edgtf-tab-title-inner\">\n\t\t\tQuand dois-je remplir le formulaire d\u2019admission?\t\t<\/span>\n\t<\/span>\n\t<span class=\"edgtf-accordion-mark\">\n\t\t<span class=\"edgtf-accordion-mark-icon\">\n\t\t\t<span class=\"icon_plus\"><\/span>\n\t\t\t<span class=\"icon_minus-06\"><\/span>\n\t\t<\/span>\n\t<\/span>\n<\/h3>\n<div class=\"edgtf-accordion-content\">\n\t<div class=\"edgtf-accordion-content-inner\">\n\t\t[vc_column_text css=&#8221;&#8221;]Le formulaire est rempli avant de participer aux activit\u00e9s de Musica a Palazzo.<br \/>\nLe formulaire peut \u00eatre rempli \u00e0 l\u2019entr\u00e9e mais pour \u00e9viter les files d\u2019attente, vous pouvez le remplir \u00e0 l\u2019avance en l\u2019imprimant la pi\u00e8ce jointe qui vous sera envoy\u00e9e avec la confirmation de votre r\u00e9servation.<br \/>\nLe formulaire est \u00e9galement t\u00e9l\u00e9chargeable \u00e0 partir de <a href=\"https:\/\/www.musicapalazzo.com\/files\/musicapalazzo.com\/2026\/01\/Membership_Application.pdf\" target=\"_blank\" rel=\"noopener noreferrer\">ce lien<\/a>.[\/vc_column_text]\t<\/div>\n<\/div><h3 class=\"clearfix edgtf-title-holder\">\n\t<span class=\"edgtf-acc-gradient\"><\/span>\n\t<span class=\"edgtf-tab-title\">\n\t\t<span class=\"edgtf-tab-title-inner\">\n\t\t\tMes donn\u00e9es seront-elles communiqu\u00e9es \u00e0 des tiers?\t\t<\/span>\n\t<\/span>\n\t<span class=\"edgtf-accordion-mark\">\n\t\t<span class=\"edgtf-accordion-mark-icon\">\n\t\t\t<span class=\"icon_plus\"><\/span>\n\t\t\t<span class=\"icon_minus-06\"><\/span>\n\t\t<\/span>\n\t<\/span>\n<\/h3>\n<div class=\"edgtf-accordion-content\">\n\t<div class=\"edgtf-accordion-content-inner\">\n\t\t[vc_column_text]Non, en aucune fa\u00e7on, vos donn\u00e9es personnelles sont simplement archiv\u00e9es dans le registre des membres de Musica a Palazzo.[\/vc_column_text]\t<\/div>\n<\/div><h3 class=\"clearfix edgtf-title-holder\">\n\t<span class=\"edgtf-acc-gradient\"><\/span>\n\t<span class=\"edgtf-tab-title\">\n\t\t<span class=\"edgtf-tab-title-inner\">\n\t\t\tY a-t-il un \u00e2ge minimum pour les enfants ?\t\t<\/span>\n\t<\/span>\n\t<span class=\"edgtf-accordion-mark\">\n\t\t<span class=\"edgtf-accordion-mark-icon\">\n\t\t\t<span class=\"icon_plus\"><\/span>\n\t\t\t<span class=\"icon_minus-06\"><\/span>\n\t\t<\/span>\n\t<\/span>\n<\/h3>\n<div class=\"edgtf-accordion-content\">\n\t<div class=\"edgtf-accordion-content-inner\">\n\t\t[vc_column_text]Nos activit\u00e9s ne sont pas adapt\u00e9es aux enfants de moins de 5 ans.[\/vc_column_text]\t<\/div>\n<\/div><h3 class=\"clearfix edgtf-title-holder\">\n\t<span class=\"edgtf-acc-gradient\"><\/span>\n\t<span class=\"edgtf-tab-title\">\n\t\t<span class=\"edgtf-tab-title-inner\">\n\t\t\t\u00c0 quelle heure ouvre le Palais Barbarigo Minotto?\t\t<\/span>\n\t<\/span>\n\t<span class=\"edgtf-accordion-mark\">\n\t\t<span class=\"edgtf-accordion-mark-icon\">\n\t\t\t<span class=\"icon_plus\"><\/span>\n\t\t\t<span class=\"icon_minus-06\"><\/span>\n\t\t<\/span>\n\t<\/span>\n<\/h3>\n<div class=\"edgtf-accordion-content\">\n\t<div class=\"edgtf-accordion-content-inner\">\n\t\t[vc_column_text]L\u2019acc\u00e8s au Palais Barbarigo Minotto pour les soir\u00e9es est de 20h00 \u00e0 20h30.<br \/>\nLes soir\u00e9es se terminent g\u00e9n\u00e9ralement vers 22h30.<\/p>\n<p>Si un spectacle commence \u00e0 une heure diff\u00e9rente, vous en serez inform\u00e9 par e-mail.<\/p>\n<p>En ce qui concerne les autres activit\u00e9s, veuillez consulter la <a href=\"https:\/\/www.musicapalazzo.com\/fr\/news\/\">section &#8220;news&#8221;<\/a> o\u00f9 vous pouvez trouver les dates et heures de nos rencontres, r\u00e9unions, conf\u00e9rences et s\u00e9minaires.[\/vc_column_text]\t<\/div>\n<\/div><h3 class=\"clearfix edgtf-title-holder\">\n\t<span class=\"edgtf-acc-gradient\"><\/span>\n\t<span class=\"edgtf-tab-title\">\n\t\t<span class=\"edgtf-tab-title-inner\">\n\t\t\tEst-il possible d\u2019obtenir le livret de l\u2019Op\u00e9ra pour lequel j\u2019ai effectu\u00e9 une r\u00e9servation?\t\t<\/span>\n\t<\/span>\n\t<span class=\"edgtf-accordion-mark\">\n\t\t<span class=\"edgtf-accordion-mark-icon\">\n\t\t\t<span class=\"icon_plus\"><\/span>\n\t\t\t<span class=\"icon_minus-06\"><\/span>\n\t\t<\/span>\n\t<\/span>\n<\/h3>\n<div class=\"edgtf-accordion-content\">\n\t<div class=\"edgtf-accordion-content-inner\">\n\t\t[vc_column_text]Vous pouvez suivre les \u0153uvres \u00e0 l\u2019aide du livrets que vous trouverez en vente \u00e0 l\u2019entr\u00e9e en version italienne et fran\u00e7aise.[\/vc_column_text]\t<\/div>\n<\/div><h3 class=\"clearfix edgtf-title-holder\">\n\t<span class=\"edgtf-acc-gradient\"><\/span>\n\t<span class=\"edgtf-tab-title\">\n\t\t<span class=\"edgtf-tab-title-inner\">\n\t\t\tEst-il possible de prendre des photos pendant le spectacle?\t\t<\/span>\n\t<\/span>\n\t<span class=\"edgtf-accordion-mark\">\n\t\t<span class=\"edgtf-accordion-mark-icon\">\n\t\t\t<span class=\"icon_plus\"><\/span>\n\t\t\t<span class=\"icon_minus-06\"><\/span>\n\t\t<\/span>\n\t<\/span>\n<\/h3>\n<div class=\"edgtf-accordion-content\">\n\t<div class=\"edgtf-accordion-content-inner\">\n\t\t[vc_column_text]Vous pouvez prendre des photos \u00e0 l\u2019int\u00e9rieur, mais seulement avant et apr\u00e8s le spectacle, et pendant les intervalles. Nous vous prions de ne pas prendre de photos ou de vid\u00e9os lors de l\u2019ex\u00e9cution du spectacle afin de ne pas d\u00e9ranger les musiciens et les autres invit\u00e9s.[\/vc_column_text]\t<\/div>\n<\/div><h3 class=\"clearfix edgtf-title-holder\">\n\t<span class=\"edgtf-acc-gradient\"><\/span>\n\t<span class=\"edgtf-tab-title\">\n\t\t<span class=\"edgtf-tab-title-inner\">\n\t\t\tQuel est le code vestimentaire?\t\t<\/span>\n\t<\/span>\n\t<span class=\"edgtf-accordion-mark\">\n\t\t<span class=\"edgtf-accordion-mark-icon\">\n\t\t\t<span class=\"icon_plus\"><\/span>\n\t\t\t<span class=\"icon_minus-06\"><\/span>\n\t\t<\/span>\n\t<\/span>\n<\/h3>\n<div class=\"edgtf-accordion-content\">\n\t<div class=\"edgtf-accordion-content-inner\">\n\t\t[vc_column_text]Le code vestimentaire recommand\u00e9 est chic d\u00e9contract\u00e9.[\/vc_column_text]\t<\/div>\n<\/div><h3 class=\"clearfix edgtf-title-holder\">\n\t<span class=\"edgtf-acc-gradient\"><\/span>\n\t<span class=\"edgtf-tab-title\">\n\t\t<span class=\"edgtf-tab-title-inner\">\n\t\t\tO\u00f9 peut-on manger avant ou apr\u00e8s le spectacle?\t\t<\/span>\n\t<\/span>\n\t<span class=\"edgtf-accordion-mark\">\n\t\t<span class=\"edgtf-accordion-mark-icon\">\n\t\t\t<span class=\"icon_plus\"><\/span>\n\t\t\t<span class=\"icon_minus-06\"><\/span>\n\t\t<\/span>\n\t<\/span>\n<\/h3>\n<div class=\"edgtf-accordion-content\">\n\t<div class=\"edgtf-accordion-content-inner\">\n\t\t[vc_column_text]Dans les environs du Palais Barbarigo Minotto et du Campo Santo Stefano (en direction de l\u2019Acad\u00e9mie), vous trouverez d\u2019excellents restaurants typiques de Venise. Si vous souhaitez d\u00eener apr\u00e8s le spectacle du soir -qui se termine g\u00e9n\u00e9ralement vers 22h30- nous vous recommandons d\u2019 appeler le restaurant que vous avez choisi pour v\u00e9rifier l\u2019heure de cl\u00f4ture dans la cuisine. Parmi les restaurants les plus proches vous trouverez <strong><a href=\"http:\/\/www.restaurantlacaravella.com\/it\/\">La Caravella<\/a><\/strong>, le <strong><a href=\"http:\/\/www.ristorantealgiglio.com\/\">Ristorante al Giglio<\/a><\/strong>, <strong><a href=\"http:\/\/www.abeccafico.com\/\">A Beccafico<\/a><\/strong>, si vous pr\u00e9f\u00e9rez une restauration rapide, vous pouvez passer au <strong><a href=\"https:\/\/www.hotelala.it\/en\/american-bar\/\">bar am\u00e9ricain Tarnowska<\/a><\/strong>.[\/vc_column_text]\t<\/div>\n<\/div><h3 class=\"clearfix edgtf-title-holder\">\n\t<span class=\"edgtf-acc-gradient\"><\/span>\n\t<span class=\"edgtf-tab-title\">\n\t\t<span class=\"edgtf-tab-title-inner\">\n\t\t\tArriver au Palais Barbarigo Minotto\t\t<\/span>\n\t<\/span>\n\t<span class=\"edgtf-accordion-mark\">\n\t\t<span class=\"edgtf-accordion-mark-icon\">\n\t\t\t<span class=\"icon_plus\"><\/span>\n\t\t\t<span class=\"icon_minus-06\"><\/span>\n\t\t<\/span>\n\t<\/span>\n<\/h3>\n<div class=\"edgtf-accordion-content\">\n\t<div class=\"edgtf-accordion-content-inner\">\n\t\t[vc_column_text]Musica a Palazzo est situ\u00e9 dans la palais Barbarigo Minotto, dont la fa\u00e7ade principale se trouve sur le Grand Canal, \u00e0 c\u00f4t\u00e9 de l\u2019arr\u00eat de vaporetto \u201c Giglio \u201d. L\u2019acc\u00e8s au sol est sur la Fondamenta Duodo ou Barbarigo, situ\u00e9 sur la route reliant la Piazza San Marco et le pont de l&#8217;Accademia. <strong><a href=\"https:\/\/www.google.it\/maps\/dir\/\/Musica+a+Palazzo,+Palazzo+Barbarigo+Minotto,+Fondamenta+Duodo,+2504+San+Marco,+Venezia+VE\/@45.4316652,12.2973056,13z\/data=!4m9!4m8!1m0!1m5!1m1!1s0x477eb1d77377c4fd:0xe30dcc55eb1c0c93!2m2!1d12.3323249!2d45.4316103!3e0\" target=\"_blank\" rel=\"noopener noreferrer\">Itin\u00e9raire<\/a><\/strong>.[\/vc_column_text]\t<\/div>\n<\/div><h3 class=\"clearfix edgtf-title-holder\">\n\t<span class=\"edgtf-acc-gradient\"><\/span>\n\t<span class=\"edgtf-tab-title\">\n\t\t<span class=\"edgtf-tab-title-inner\">\n\t\t\tArriver \u00e0 Venise en voiture\t\t<\/span>\n\t<\/span>\n\t<span class=\"edgtf-accordion-mark\">\n\t\t<span class=\"edgtf-accordion-mark-icon\">\n\t\t\t<span class=\"icon_plus\"><\/span>\n\t\t\t<span class=\"icon_minus-06\"><\/span>\n\t\t<\/span>\n\t<\/span>\n<\/h3>\n<div class=\"edgtf-accordion-content\">\n\t<div class=\"edgtf-accordion-content-inner\">\n\t\t[vc_column_text]Si vous arrivez en voiture, vous pouvez vous garer dans les parkings priv\u00e9s de la Piazzale Roma ou de Tronchetto, \u00e0 partir de l\u00e0 vous pouvez prendre le vaporetto ligne 1. Les parkings sont ouverts toute la nuit et vous n\u2019aurez pas de probl\u00e8mes pour avoir acc\u00e8s \u00e0 votre voiture apr\u00e8s le spectacle (nous vous sugg\u00e9rons de nous appeler pour v\u00e9rifier l\u2019heure de fermeture de votre parking).[\/vc_column_text]\t<\/div>\n<\/div><h3 class=\"clearfix edgtf-title-holder\">\n\t<span class=\"edgtf-acc-gradient\"><\/span>\n\t<span class=\"edgtf-tab-title\">\n\t\t<span class=\"edgtf-tab-title-inner\">\n\t\t\tArriver en vaporetto\t\t<\/span>\n\t<\/span>\n\t<span class=\"edgtf-accordion-mark\">\n\t\t<span class=\"edgtf-accordion-mark-icon\">\n\t\t\t<span class=\"icon_plus\"><\/span>\n\t\t\t<span class=\"icon_minus-06\"><\/span>\n\t\t<\/span>\n\t<\/span>\n<\/h3>\n<div class=\"edgtf-accordion-content\">\n\t<div class=\"edgtf-accordion-content-inner\">\n\t\t[vc_column_text]Si vous souhaitez arriver en bateau, vous pouvez rejoindre la station \u201cSanta Maria del Giglio\u201d avec le vaporetto ligne 1. Une fois arriv\u00e9 \u00e0 votre arr\u00eat, tournez \u00e0 la premi\u00e8re \u00e0 gauche et traversez le premier pont sur la gauche pour retrouver Fondamenta Duodo ou Barbarigo.<br \/>\nLes ligne 1 s\u2019arr\u00eate aux principaux points d\u2019int\u00e9r\u00eat de Venise: place Saint Marc (arr\u00eat San Zaccaria), pont du Rialto, Acad\u00e9mie, Piazzale Roma et le gare de chemin de fer.<br \/>\nSi vous n\u2019\u00eates pas titulaires d\u2019une carte Imob (r\u00e9serv\u00e9e aux r\u00e9sidents de Venise ou de la province), le prix d\u2019un trajet valable pendant 60 minutes est de 7,00 \u20ac.<br \/>\nLes services de vaporetto circulent toute la nuit, vous n\u2019aurez aucun probl\u00e8me \u00e0 revenir \u00e0 votre logement apr\u00e8s le spectacle.[\/vc_column_text]\t<\/div>\n<\/div><h3 class=\"clearfix edgtf-title-holder\">\n\t<span class=\"edgtf-acc-gradient\"><\/span>\n\t<span class=\"edgtf-tab-title\">\n\t\t<span class=\"edgtf-tab-title-inner\">\n\t\t\tArriver en taxi\t\t<\/span>\n\t<\/span>\n\t<span class=\"edgtf-accordion-mark\">\n\t\t<span class=\"edgtf-accordion-mark-icon\">\n\t\t\t<span class=\"icon_plus\"><\/span>\n\t\t\t<span class=\"icon_minus-06\"><\/span>\n\t\t<\/span>\n\t<\/span>\n<\/h3>\n<div class=\"edgtf-accordion-content\">\n\t<div class=\"edgtf-accordion-content-inner\">\n\t\t[vc_column_text]Dans le cas o\u00f9 vous pr\u00e9f\u00e9reriez prendre un taxi, vous pouvez en r\u00e9server un au num\u00e9ro +39 041 5222303, ou sur le site internet du <strong><a href=\"https:\/\/www.motoscafivenezia.it\/it\/biglietto\/scegli-destinazione.php\">Consorzio Motoscafi Venezia<\/a><\/strong>.<br \/>\nPour atteindre le Palais Barbarigo Minotto demandez \u00e0 votre chauffeur de taxi de se rendre \u00e0 Rio de Santa Maria del Giglio, \u00e0 cot\u00e9 de l\u2019embarcad\u00e8re de Santa Maria del Giglio et d\u2019arrimer sous les arcades, \u00e0 la Locanda Barbarigo.[\/vc_column_text]\t<\/div>\n<\/div><\/div>[\/vc_column][\/vc_row][vc_row el_class=&#8221;page-decoration&#8221;][vc_column][vc_raw_html]JTNDZGl2JTIwY2xhc3MlM0QlMjJkZWNvLXJpZ2h0JTIyJTNFJTNDJTJGZGl2JTNFJTBBJTNDZGl2JTIwY2xhc3MlM0QlMjJkZWNvLWxlZnQlMjIlM0UlM0MlMkZkaXYlM0U=[\/vc_raw_html][\/vc_column][\/vc_row]<\/p>\n<\/div>","protected":false},"excerpt":{"rendered":"<p>[vc_row][vc_column offset=&#8221;vc_col-lg-8 vc_col-md-10&#8243;][vc_column_text] FAQ [\/vc_column_text][vc_empty_space height=&#8221;64px&#8221;][\/vc_column][\/vc_row][vc_row el_class=&#8221;page-decoration&#8221;][vc_column][vc_raw_html]JTNDZGl2JTIwY2xhc3MlM0QlMjJkZWNvLXJpZ2h0JTIyJTNFJTNDJTJGZGl2JTNFJTBBJTNDZGl2JTIwY2xhc3MlM0QlMjJkZWNvLWxlZnQlMjIlM0UlM0MlMkZkaXYlM0U=[\/vc_raw_html][\/vc_column][\/vc_row]<\/p>\n","protected":false},"author":101011,"featured_media":0,"parent":0,"menu_order":0,"comment_status":"closed","ping_status":"closed","template":"","meta":{"footnotes":""},"class_list":["post-322","page","type-page","status-publish","hentry"],"yoast_head":"<!-- This site is optimized with the Yoast SEO plugin v26.8 - https:\/\/yoast.com\/product\/yoast-seo-wordpress\/ -->\n<title>FAQ - Musica Palazzo<\/title>\n<meta name=\"robots\" content=\"index, follow, max-snippet:-1, max-image-preview:large, max-video-preview:-1\" \/>\n<link rel=\"canonical\" href=\"https:\/\/www.musicapalazzo.com\/fr\/faq\/\" \/>\n<meta property=\"og:locale\" content=\"fr_FR\" \/>\n<meta property=\"og:type\" content=\"article\" \/>\n<meta property=\"og:title\" content=\"FAQ - Musica Palazzo\" \/>\n<meta property=\"og:description\" content=\"[vc_row][vc_column offset=&#8221;vc_col-lg-8 vc_col-md-10&#8243;][vc_column_text] FAQ [\/vc_column_text][vc_empty_space height=&#8221;64px&#8221;][\/vc_column][\/vc_row][vc_row el_class=&#8221;page-decoration&#8221;][vc_column][vc_raw_html]JTNDZGl2JTIwY2xhc3MlM0QlMjJkZWNvLXJpZ2h0JTIyJTNFJTNDJTJGZGl2JTNFJTBBJTNDZGl2JTIwY2xhc3MlM0QlMjJkZWNvLWxlZnQlMjIlM0UlM0MlMkZkaXYlM0U=[\/vc_raw_html][\/vc_column][\/vc_row]\" \/>\n<meta property=\"og:url\" content=\"https:\/\/www.musicapalazzo.com\/fr\/faq\/\" \/>\n<meta property=\"og:site_name\" content=\"Musica Palazzo\" \/>\n<meta property=\"article:modified_time\" content=\"2026-01-29T12:29:37+00:00\" \/>\n<meta name=\"twitter:card\" content=\"summary_large_image\" \/>\n<meta name=\"twitter:label1\" content=\"Est. reading time\" \/>\n\t<meta name=\"twitter:data1\" content=\"4 minutes\" \/>\n<script type=\"application\/ld+json\" class=\"yoast-schema-graph\">{\"@context\":\"https:\/\/schema.org\",\"@graph\":[{\"@type\":\"WebPage\",\"@id\":\"https:\/\/www.musicapalazzo.com\/fr\/faq\/\",\"url\":\"https:\/\/www.musicapalazzo.com\/fr\/faq\/\",\"name\":\"FAQ - Musica Palazzo\",\"isPartOf\":{\"@id\":\"https:\/\/www.musicapalazzo.com\/fr\/#website\"},\"datePublished\":\"2018-01-30T18:38:25+00:00\",\"dateModified\":\"2026-01-29T12:29:37+00:00\",\"breadcrumb\":{\"@id\":\"https:\/\/www.musicapalazzo.com\/fr\/faq\/#breadcrumb\"},\"inLanguage\":\"fr-FR\",\"potentialAction\":[{\"@type\":\"ReadAction\",\"target\":[\"https:\/\/www.musicapalazzo.com\/fr\/faq\/\"]}]},{\"@type\":\"BreadcrumbList\",\"@id\":\"https:\/\/www.musicapalazzo.com\/fr\/faq\/#breadcrumb\",\"itemListElement\":[{\"@type\":\"ListItem\",\"position\":1,\"name\":\"Home\",\"item\":\"https:\/\/www.musicapalazzo.com\/fr\/\"},{\"@type\":\"ListItem\",\"position\":2,\"name\":\"FAQ\"}]},{\"@type\":\"WebSite\",\"@id\":\"https:\/\/www.musicapalazzo.com\/fr\/#website\",\"url\":\"https:\/\/www.musicapalazzo.com\/fr\/\",\"name\":\"Musica Palazzo\",\"description\":\"Associazione Culturale Music at the Palace\",\"potentialAction\":[{\"@type\":\"SearchAction\",\"target\":{\"@type\":\"EntryPoint\",\"urlTemplate\":\"https:\/\/www.musicapalazzo.com\/fr\/?s={search_term_string}\"},\"query-input\":{\"@type\":\"PropertyValueSpecification\",\"valueRequired\":true,\"valueName\":\"search_term_string\"}}],\"inLanguage\":\"fr-FR\"}]}<\/script>\n<!-- \/ Yoast SEO plugin. -->","yoast_head_json":{"title":"FAQ - Musica Palazzo","robots":{"index":"index","follow":"follow","max-snippet":"max-snippet:-1","max-image-preview":"max-image-preview:large","max-video-preview":"max-video-preview:-1"},"canonical":"https:\/\/www.musicapalazzo.com\/fr\/faq\/","og_locale":"fr_FR","og_type":"article","og_title":"FAQ - Musica Palazzo","og_description":"[vc_row][vc_column offset=&#8221;vc_col-lg-8 vc_col-md-10&#8243;][vc_column_text] FAQ [\/vc_column_text][vc_empty_space height=&#8221;64px&#8221;][\/vc_column][\/vc_row][vc_row el_class=&#8221;page-decoration&#8221;][vc_column][vc_raw_html]JTNDZGl2JTIwY2xhc3MlM0QlMjJkZWNvLXJpZ2h0JTIyJTNFJTNDJTJGZGl2JTNFJTBBJTNDZGl2JTIwY2xhc3MlM0QlMjJkZWNvLWxlZnQlMjIlM0UlM0MlMkZkaXYlM0U=[\/vc_raw_html][\/vc_column][\/vc_row]","og_url":"https:\/\/www.musicapalazzo.com\/fr\/faq\/","og_site_name":"Musica Palazzo","article_modified_time":"2026-01-29T12:29:37+00:00","twitter_card":"summary_large_image","twitter_misc":{"Est. reading time":"4 minutes"},"schema":{"@context":"https:\/\/schema.org","@graph":[{"@type":"WebPage","@id":"https:\/\/www.musicapalazzo.com\/fr\/faq\/","url":"https:\/\/www.musicapalazzo.com\/fr\/faq\/","name":"FAQ - Musica Palazzo","isPartOf":{"@id":"https:\/\/www.musicapalazzo.com\/fr\/#website"},"datePublished":"2018-01-30T18:38:25+00:00","dateModified":"2026-01-29T12:29:37+00:00","breadcrumb":{"@id":"https:\/\/www.musicapalazzo.com\/fr\/faq\/#breadcrumb"},"inLanguage":"fr-FR","potentialAction":[{"@type":"ReadAction","target":["https:\/\/www.musicapalazzo.com\/fr\/faq\/"]}]},{"@type":"BreadcrumbList","@id":"https:\/\/www.musicapalazzo.com\/fr\/faq\/#breadcrumb","itemListElement":[{"@type":"ListItem","position":1,"name":"Home","item":"https:\/\/www.musicapalazzo.com\/fr\/"},{"@type":"ListItem","position":2,"name":"FAQ"}]},{"@type":"WebSite","@id":"https:\/\/www.musicapalazzo.com\/fr\/#website","url":"https:\/\/www.musicapalazzo.com\/fr\/","name":"Musica Palazzo","description":"Associazione Culturale Music at the Palace","potentialAction":[{"@type":"SearchAction","target":{"@type":"EntryPoint","urlTemplate":"https:\/\/www.musicapalazzo.com\/fr\/?s={search_term_string}"},"query-input":{"@type":"PropertyValueSpecification","valueRequired":true,"valueName":"search_term_string"}}],"inLanguage":"fr-FR"}]}},"_links":{"self":[{"href":"https:\/\/www.musicapalazzo.com\/fr\/wp-json\/wp\/v2\/pages\/322","targetHints":{"allow":["GET"]}}],"collection":[{"href":"https:\/\/www.musicapalazzo.com\/fr\/wp-json\/wp\/v2\/pages"}],"about":[{"href":"https:\/\/www.musicapalazzo.com\/fr\/wp-json\/wp\/v2\/types\/page"}],"author":[{"embeddable":true,"href":"https:\/\/www.musicapalazzo.com\/fr\/wp-json\/wp\/v2\/users\/101011"}],"replies":[{"embeddable":true,"href":"https:\/\/www.musicapalazzo.com\/fr\/wp-json\/wp\/v2\/comments?post=322"}],"version-history":[{"count":6,"href":"https:\/\/www.musicapalazzo.com\/fr\/wp-json\/wp\/v2\/pages\/322\/revisions"}],"predecessor-version":[{"id":136228,"href":"https:\/\/www.musicapalazzo.com\/fr\/wp-json\/wp\/v2\/pages\/322\/revisions\/136228"}],"wp:attachment":[{"href":"https:\/\/www.musicapalazzo.com\/fr\/wp-json\/wp\/v2\/media?parent=322"}],"curies":[{"name":"wp","href":"https:\/\/api.w.org\/{rel}","templated":true}]}}