{"id":314,"date":"2018-01-30T19:37:06","date_gmt":"2018-01-30T18:37:06","guid":{"rendered":"https:\/\/www.musicapalazzo.com\/fr\/?page_id=314"},"modified":"2017-10-13T22:08:55","modified_gmt":"2017-10-13T20:08:55","slug":"lassociation","status":"publish","type":"page","link":"https:\/\/www.musicapalazzo.com\/fr\/lassociation\/","title":{"rendered":"L\u2019ASSOCIATION"},"content":{"rendered":"<div class=\"wpb-content-wrapper\"><p>[vc_row][vc_column][vc_column_text]<\/p>\n<h1>L\u2019ASSOCIATION<\/h1>\n<h4 class=\"map-subtitle\">Music at the Palace<\/h4>\n<p>[\/vc_column_text][vc_empty_space][vc_row_inner][vc_column_inner offset=&#8221;vc_hidden-lg vc_hidden-md&#8221;][vc_single_image image=&#8221;232&#8243; img_size=&#8221;full&#8221; alignment=&#8221;center&#8221; style=&#8221;vc_box_circle&#8221;][\/vc_column_inner][vc_column_inner css=&#8221;.vc_custom_1500200829199{border-left-width: 1px !important;padding-top: 8px !important;padding-bottom: 8px !important;border-left-color: #c59c26 !important;border-left-style: solid !important;}&#8221; offset=&#8221;vc_col-lg-5 vc_col-md-6&#8243;][vc_column_text]Musica a Palazzo\u00a0est une association culturelle qui a \u00e9t\u00e9 fond\u00e9e en 2005 avec le d\u00e9sir de faire du Palais Barbarigo Minotto un lieu de rencontre, d\u2019exp\u00e9rimentation et d\u2019agr\u00e9gation pour diffuser et d\u00e9velopper la connaissance de la culture de l\u2019op\u00e9ra.<\/p>\n<p>L\u2019ensemble Musica a Palazzo con\u00e7oit ainsi l\u2019Op\u00e9ra de salon: le cadre traditionnel de l\u2019op\u00e9ra dans un th\u00e9\u00e2tre est remplac\u00e9 par une \u00e9tape parfaitement raccord \u00e0 la sc\u00e8ne : chaque acte de l\u2019op\u00e9ra est repr\u00e9sent\u00e9 dans une autre pi\u00e8ce du palais, dont les magnifiques d\u00e9cors baroques sont un compl\u00e9ment naturel de la mise en sc\u00e8ne.<\/p>\n<p>L\u2019originalit\u00e9 de la mise en sc\u00e8ne se joue sur l\u2019interaction entre les chanteurs, les musiciens et le public, effa\u00e7ant toutes les distances et donnant au spectateur le plaisir de vivre l\u2019op\u00e9ra de l\u2019int\u00e9rieur.<br \/>\nCe sentiment est renforc\u00e9 par l\u2019utilisation intelligente de l\u2019espace sc\u00e9nique con\u00e7u tout autour.<\/p>\n<p>Musica a Palazzo, apr\u00e8s une tourn\u00e9e aux \u00c9tats-Unis, a mis en sc\u00e8ne <i>La traviata<\/i> dans le Pavillon Royal pour le 41\u00e8me Festival international de Brighton (Royaume-Uni) o\u00f9 il a eu un \u00e9norme succ\u00e8s aupr\u00e8s du public et des critiques, remportant le prix de la presse (The Argus Angel Award) comme meilleure production du festival, et r\u00e9cemment, Musica a Palazzo\u00a0a mis en sc\u00e8ne <i>Le barbier de S\u00e9ville<\/i> au Festival de Potsdam (Allemagne).[\/vc_column_text][\/vc_column_inner][vc_column_inner offset=&#8221;vc_col-lg-offset-1 vc_col-lg-6 vc_col-md-6 vc_hidden-sm vc_hidden-xs&#8221;][vc_single_image image=&#8221;232&#8243; img_size=&#8221;full&#8221; alignment=&#8221;center&#8221; style=&#8221;vc_box_circle&#8221;][\/vc_column_inner][\/vc_row_inner][vc_empty_space height=&#8221;128px&#8221;][\/vc_column][\/vc_row][vc_row][vc_column][vc_row_inner][vc_column_inner offset=&#8221;vc_col-lg-offset-7 vc_col-lg-5 vc_col-md-offset-6 vc_col-md-6&#8243;][vc_column_text]<\/p>\n<h1>Le lieu<\/h1>\n<h4><span style=\"color: #c59c26;\">Le Palais Barbarigo Minotto<\/span><\/h4>\n<p>[\/vc_column_text][vc_empty_space][\/vc_column_inner][\/vc_row_inner][vc_row_inner][vc_column_inner width=&#8221;1\/2&#8243;][vc_single_image image=&#8221;234&#8243; img_size=&#8221;full&#8221; alignment=&#8221;center&#8221; style=&#8221;vc_box_circle&#8221;][\/vc_column_inner][vc_column_inner css=&#8221;.vc_custom_1500200847982{border-left-width: 1px !important;padding-top: 8px !important;padding-bottom: 8px !important;border-left-color: #c59c26 !important;border-left-style: solid !important;}&#8221; offset=&#8221;vc_col-lg-offset-1 vc_col-lg-5 vc_col-md-6&#8243;][vc_column_text]Surplombant le Grand Canal, les t\u00e9moignages font remonter la construction de ce noble palais v\u00e9nitien au quinzi\u00e8me si\u00e8cle.<br \/>\nCompos\u00e9 de trois salons sur le Grand Canal et autant sur le Rio Zaguri, il a \u00e9t\u00e9 embelli au cours de la premi\u00e8re moiti\u00e9 du dix-huiti\u00e8me si\u00e8cle, par l\u2019intervention d\u2019artistes dont la renomm\u00e9e et le talent sont encore reconnus aujourd\u2019hui.<\/p>\n<p>Par le biais de N.H. Pietro Barbarigo, furent appel\u00e9s les peintres Giambattista Tiepolo, Francesco Fontebasso, Girolamo Mingozzi et le pl\u00e2trier Carpoforo Mazzetti dit Tencalla, dont les \u0153uvres parfaitement conserv\u00e9es, sont toujours source d\u2019admiration pour les chercheurs et les amateurs d\u2019art.<\/p>\n<p>L\u2019immeuble dispose d\u2019une chapelle priv\u00e9e du 18eme si\u00e8cle avec un parquet style Louis XIV en bois d\u2019orme avec des incrustations en ronce d\u2019olivier et d\u2019autres bois pr\u00e9cieux. Les portes, elles aussi de style Louis XIV, sont pav\u00e9es avec des panneaux en noyer avec des poign\u00e9es en bronze en forme de feuille de vigne, tandis que les parquets des \u00e9tages sont en partie faits de terrazzo alla veneziana (granito) et en partie pastellone alla veneziana.<\/p>\n<p>Pour plus d\u2019informations sur l\u2019histoire du Palais Barbarigo Minotto, visitez la page Wikipedia sur <strong><a href=\"http:\/\/en.wikipedia.org\/wiki\/Musica_a_Palazzo\" target=\"_blank\" rel=\"noopener noreferrer\">Musica a Palazzo<\/a><\/strong>[\/vc_column_text][\/vc_column_inner][\/vc_row_inner][vc_empty_space height=&#8221;128px&#8221;][\/vc_column][\/vc_row][vc_row][vc_column offset=&#8221;vc_col-lg-5 vc_col-md-6&#8243;][vc_column_text]<\/p>\n<h1>Le Statut<\/h1>\n<p>[\/vc_column_text][vc_empty_space][vc_row_inner][vc_column_inner offset=&#8221;vc_hidden-lg vc_hidden-md&#8221;][vc_single_image image=&#8221;235&#8243; img_size=&#8221;full&#8221; alignment=&#8221;center&#8221; style=&#8221;vc_box_circle&#8221;][\/vc_column_inner][vc_column_inner css=&#8221;.vc_custom_1494172949197{border-left-width: 1px !important;padding-top: 8px !important;padding-bottom: 8px !important;border-left-color: #c59c26 !important;border-left-style: solid !important;}&#8221;][vc_column_text]Musica a Palazzo est un cercle culturel, chaque participant aux activit\u00e9s de l\u2019association, y compris les spectacles en soir\u00e9e, doit \u00eatre officiellement inscrit parmi ses membres. Ce qui est possible gr\u00e2ce \u00e0 la carte de membre de l\u2019association, qui vous sera d\u00e9livr\u00e9e apr\u00e8s avoir ins\u00e9r\u00e9 vos donn\u00e9es personnelles dans le formulaire de demande.<\/p>\n<p>A <a title=\"questo link\" href=\"https:\/\/www.musicapalazzo.com\/files\/musicapalazzo.com\/2017\/10\/MAP_Statuto.pdf\" target=\"_blank\" rel=\"attachment wp-att-295 noopener noreferrer\">ce lien<\/a> vous pouvez consulter ou t\u00e9l\u00e9charger les statuts qui r\u00e9gissent les activit\u00e9s de Musica a Palazzo.[\/vc_column_text][\/vc_column_inner][\/vc_row_inner][vc_empty_space][vc_column_text]<\/p>\n<h1>Dons<\/h1>\n<p>[\/vc_column_text][vc_empty_space][vc_row_inner][vc_column_inner css=&#8221;.vc_custom_1494172949197{border-left-width: 1px !important;padding-top: 8px !important;padding-bottom: 8px !important;border-left-color: #c59c26 !important;border-left-style: solid !important;}&#8221;][vc_column_text]Musica a Palazzo ne b\u00e9n\u00e9ficie d\u2019aucun financement public ni de sponsors.<br \/>\nL\u2019association se consacre ann\u00e9e apr\u00e8s ann\u00e9e \u00e0 la restauration et \u00e0 la pr\u00e9servation du Palazzo Barbarigo Minotto, dont les d\u00e9penses sont importantes dans une ville comme Venise.[\/vc_column_text][\/vc_column_inner][\/vc_row_inner][\/vc_column][vc_column offset=&#8221;vc_col-lg-offset-1 vc_col-md-6 vc_hidden-sm vc_hidden-xs&#8221;][vc_empty_space][vc_single_image image=&#8221;235&#8243; img_size=&#8221;full&#8221; alignment=&#8221;center&#8221; style=&#8221;vc_box_circle&#8221;][\/vc_column][\/vc_row][vc_row el_class=&#8221;page-decoration&#8221;][vc_column][vc_raw_html]JTNDZGl2JTIwY2xhc3MlM0QlMjJkZWNvLXJpZ2h0JTIyJTNFJTNDJTJGZGl2JTNFJTBBJTNDZGl2JTIwY2xhc3MlM0QlMjJkZWNvLWxlZnQlMjIlM0UlM0MlMkZkaXYlM0U=[\/vc_raw_html][\/vc_column][\/vc_row]<\/p>\n<\/div>","protected":false},"excerpt":{"rendered":"<p>[vc_row][vc_column][vc_column_text] L\u2019ASSOCIATION Music at the Palace [\/vc_column_text][vc_empty_space][vc_row_inner][vc_column_inner offset=&#8221;vc_hidden-lg vc_hidden-md&#8221;][vc_single_image image=&#8221;232&#8243; img_size=&#8221;full&#8221; alignment=&#8221;center&#8221; style=&#8221;vc_box_circle&#8221;][\/vc_column_inner][vc_column_inner css=&#8221;.vc_custom_1500200829199{border-left-width: 1px !important;padding-top: 8px !important;padding-bottom: 8px !important;border-left-color: #c59c26 !important;border-left-style: solid !important;}&#8221; offset=&#8221;vc_col-lg-5 vc_col-md-6&#8243;][vc_column_text]Musica a Palazzo\u00a0est une association culturelle qui a \u00e9t\u00e9 fond\u00e9e en 2005 avec le d\u00e9sir de faire du Palais Barbarigo&#8230;<\/p>\n","protected":false},"author":101011,"featured_media":0,"parent":0,"menu_order":0,"comment_status":"closed","ping_status":"closed","template":"","meta":{"footnotes":""},"class_list":["post-314","page","type-page","status-publish","hentry"],"yoast_head":"<!-- This site is optimized with the Yoast SEO plugin v26.8 - https:\/\/yoast.com\/product\/yoast-seo-wordpress\/ -->\n<title>L\u2019ASSOCIATION - Musica Palazzo<\/title>\n<meta name=\"robots\" content=\"index, follow, max-snippet:-1, max-image-preview:large, max-video-preview:-1\" \/>\n<link rel=\"canonical\" href=\"https:\/\/www.musicapalazzo.com\/fr\/lassociation\/\" \/>\n<meta property=\"og:locale\" content=\"fr_FR\" \/>\n<meta property=\"og:type\" content=\"article\" \/>\n<meta property=\"og:title\" content=\"L\u2019ASSOCIATION - Musica Palazzo\" \/>\n<meta property=\"og:description\" content=\"[vc_row][vc_column][vc_column_text] L\u2019ASSOCIATION Music at the Palace [\/vc_column_text][vc_empty_space][vc_row_inner][vc_column_inner offset=&#8221;vc_hidden-lg vc_hidden-md&#8221;][vc_single_image image=&#8221;232&#8243; img_size=&#8221;full&#8221; alignment=&#8221;center&#8221; style=&#8221;vc_box_circle&#8221;][\/vc_column_inner][vc_column_inner css=&#8221;.vc_custom_1500200829199{border-left-width: 1px !important;padding-top: 8px !important;padding-bottom: 8px !important;border-left-color: #c59c26 !important;border-left-style: solid !important;}&#8221; offset=&#8221;vc_col-lg-5 vc_col-md-6&#8243;][vc_column_text]Musica a Palazzo\u00a0est une association culturelle qui a \u00e9t\u00e9 fond\u00e9e en 2005 avec le d\u00e9sir de faire du Palais Barbarigo...\" \/>\n<meta property=\"og:url\" content=\"https:\/\/www.musicapalazzo.com\/fr\/lassociation\/\" \/>\n<meta property=\"og:site_name\" content=\"Musica Palazzo\" \/>\n<meta name=\"twitter:card\" content=\"summary_large_image\" \/>\n<meta name=\"twitter:label1\" content=\"Est. reading time\" \/>\n\t<meta name=\"twitter:data1\" content=\"5 minutes\" \/>\n<script type=\"application\/ld+json\" class=\"yoast-schema-graph\">{\"@context\":\"https:\/\/schema.org\",\"@graph\":[{\"@type\":\"WebPage\",\"@id\":\"https:\/\/www.musicapalazzo.com\/fr\/lassociation\/\",\"url\":\"https:\/\/www.musicapalazzo.com\/fr\/lassociation\/\",\"name\":\"L\u2019ASSOCIATION - Musica Palazzo\",\"isPartOf\":{\"@id\":\"https:\/\/www.musicapalazzo.com\/fr\/#website\"},\"datePublished\":\"2018-01-30T18:37:06+00:00\",\"breadcrumb\":{\"@id\":\"https:\/\/www.musicapalazzo.com\/fr\/lassociation\/#breadcrumb\"},\"inLanguage\":\"fr-FR\",\"potentialAction\":[{\"@type\":\"ReadAction\",\"target\":[\"https:\/\/www.musicapalazzo.com\/fr\/lassociation\/\"]}]},{\"@type\":\"BreadcrumbList\",\"@id\":\"https:\/\/www.musicapalazzo.com\/fr\/lassociation\/#breadcrumb\",\"itemListElement\":[{\"@type\":\"ListItem\",\"position\":1,\"name\":\"Home\",\"item\":\"https:\/\/www.musicapalazzo.com\/fr\/\"},{\"@type\":\"ListItem\",\"position\":2,\"name\":\"L\u2019ASSOCIATION\"}]},{\"@type\":\"WebSite\",\"@id\":\"https:\/\/www.musicapalazzo.com\/fr\/#website\",\"url\":\"https:\/\/www.musicapalazzo.com\/fr\/\",\"name\":\"Musica Palazzo\",\"description\":\"Associazione Culturale Music at the Palace\",\"potentialAction\":[{\"@type\":\"SearchAction\",\"target\":{\"@type\":\"EntryPoint\",\"urlTemplate\":\"https:\/\/www.musicapalazzo.com\/fr\/?s={search_term_string}\"},\"query-input\":{\"@type\":\"PropertyValueSpecification\",\"valueRequired\":true,\"valueName\":\"search_term_string\"}}],\"inLanguage\":\"fr-FR\"}]}<\/script>\n<!-- \/ Yoast SEO plugin. -->","yoast_head_json":{"title":"L\u2019ASSOCIATION - Musica Palazzo","robots":{"index":"index","follow":"follow","max-snippet":"max-snippet:-1","max-image-preview":"max-image-preview:large","max-video-preview":"max-video-preview:-1"},"canonical":"https:\/\/www.musicapalazzo.com\/fr\/lassociation\/","og_locale":"fr_FR","og_type":"article","og_title":"L\u2019ASSOCIATION - Musica Palazzo","og_description":"[vc_row][vc_column][vc_column_text] L\u2019ASSOCIATION Music at the Palace [\/vc_column_text][vc_empty_space][vc_row_inner][vc_column_inner offset=&#8221;vc_hidden-lg vc_hidden-md&#8221;][vc_single_image image=&#8221;232&#8243; img_size=&#8221;full&#8221; alignment=&#8221;center&#8221; style=&#8221;vc_box_circle&#8221;][\/vc_column_inner][vc_column_inner css=&#8221;.vc_custom_1500200829199{border-left-width: 1px !important;padding-top: 8px !important;padding-bottom: 8px !important;border-left-color: #c59c26 !important;border-left-style: solid !important;}&#8221; offset=&#8221;vc_col-lg-5 vc_col-md-6&#8243;][vc_column_text]Musica a Palazzo\u00a0est une association culturelle qui a \u00e9t\u00e9 fond\u00e9e en 2005 avec le d\u00e9sir de faire du Palais Barbarigo...","og_url":"https:\/\/www.musicapalazzo.com\/fr\/lassociation\/","og_site_name":"Musica Palazzo","twitter_card":"summary_large_image","twitter_misc":{"Est. reading time":"5 minutes"},"schema":{"@context":"https:\/\/schema.org","@graph":[{"@type":"WebPage","@id":"https:\/\/www.musicapalazzo.com\/fr\/lassociation\/","url":"https:\/\/www.musicapalazzo.com\/fr\/lassociation\/","name":"L\u2019ASSOCIATION - Musica Palazzo","isPartOf":{"@id":"https:\/\/www.musicapalazzo.com\/fr\/#website"},"datePublished":"2018-01-30T18:37:06+00:00","breadcrumb":{"@id":"https:\/\/www.musicapalazzo.com\/fr\/lassociation\/#breadcrumb"},"inLanguage":"fr-FR","potentialAction":[{"@type":"ReadAction","target":["https:\/\/www.musicapalazzo.com\/fr\/lassociation\/"]}]},{"@type":"BreadcrumbList","@id":"https:\/\/www.musicapalazzo.com\/fr\/lassociation\/#breadcrumb","itemListElement":[{"@type":"ListItem","position":1,"name":"Home","item":"https:\/\/www.musicapalazzo.com\/fr\/"},{"@type":"ListItem","position":2,"name":"L\u2019ASSOCIATION"}]},{"@type":"WebSite","@id":"https:\/\/www.musicapalazzo.com\/fr\/#website","url":"https:\/\/www.musicapalazzo.com\/fr\/","name":"Musica Palazzo","description":"Associazione Culturale Music at the Palace","potentialAction":[{"@type":"SearchAction","target":{"@type":"EntryPoint","urlTemplate":"https:\/\/www.musicapalazzo.com\/fr\/?s={search_term_string}"},"query-input":{"@type":"PropertyValueSpecification","valueRequired":true,"valueName":"search_term_string"}}],"inLanguage":"fr-FR"}]}},"_links":{"self":[{"href":"https:\/\/www.musicapalazzo.com\/fr\/wp-json\/wp\/v2\/pages\/314","targetHints":{"allow":["GET"]}}],"collection":[{"href":"https:\/\/www.musicapalazzo.com\/fr\/wp-json\/wp\/v2\/pages"}],"about":[{"href":"https:\/\/www.musicapalazzo.com\/fr\/wp-json\/wp\/v2\/types\/page"}],"author":[{"embeddable":true,"href":"https:\/\/www.musicapalazzo.com\/fr\/wp-json\/wp\/v2\/users\/101011"}],"replies":[{"embeddable":true,"href":"https:\/\/www.musicapalazzo.com\/fr\/wp-json\/wp\/v2\/comments?post=314"}],"version-history":[{"count":5,"href":"https:\/\/www.musicapalazzo.com\/fr\/wp-json\/wp\/v2\/pages\/314\/revisions"}],"predecessor-version":[{"id":837,"href":"https:\/\/www.musicapalazzo.com\/fr\/wp-json\/wp\/v2\/pages\/314\/revisions\/837"}],"wp:attachment":[{"href":"https:\/\/www.musicapalazzo.com\/fr\/wp-json\/wp\/v2\/media?parent=314"}],"curies":[{"name":"wp","href":"https:\/\/api.w.org\/{rel}","templated":true}]}}