{"id":65792,"date":"2018-01-30T19:37:30","date_gmt":"2018-01-30T18:37:30","guid":{"rendered":"https:\/\/www.musicapalazzo.com\/book-now\/"},"modified":"2025-10-02T12:14:01","modified_gmt":"2025-10-02T10:14:01","slug":"reserva","status":"publish","type":"page","link":"https:\/\/www.musicapalazzo.com\/es\/reserva\/","title":{"rendered":"Reserva"},"content":{"rendered":"<div class=\"wpb-content-wrapper\"><p>[vc_row][vc_column offset=&#8221;vc_hidden-lg&#8221; css=&#8221;.vc_custom_1507051672438{margin-bottom: 2rem !important;}&#8221;][vc_column_text css=&#8221;&#8221;]<strong>Reservas<\/strong><br \/>\nDesde esta p\u00e1gina puede enviar su solicitud de reserva para el espect\u00e1culo de su elecci\u00f3n.<\/p>\n<p><strong>Horario<br \/>\n<\/strong>Los espect\u00e1culos comienzan a las 20:30 y duran 2 horas.<\/p>\n<p>El acceso al palacio es de 20:00 a 20:30 horas. La entrada no est\u00e1 garantizada una vez iniciado el espect\u00e1culo.<\/p>\n<p><strong>Precio<\/strong><br \/>\n2025: 95 euros por persona.<br \/>\n2026: 95 euros por persona.<\/p>\n<p>El pago de esta cuota le da derecho a recibir su tarjeta de socio personal ya asistir a una funci\u00f3n de Musica a Palazzo. La tarjeta tambi\u00e9n le permite participar en otras actividades culturales organizadas por la Asociaci\u00f3n Cultural Dimensione Lirica. (Para m\u00e1s informaci\u00f3n hagan clic <a href=\"https:\/\/www.musicapalazzo.com\/es\/preguntas-frecuentes\/\">aqu\u00ed<\/a>).[\/vc_column_text][\/vc_column][\/vc_row][vc_row][vc_column offset=&#8221;vc_col-lg-9&#8243;][vc_column_text]\n<ul class=\"calendar-legend\">\n    <li class=\"la-traviata\">\n        <span class=\"legend-color\"><\/span> La Traviata\n    <\/li>\n    <li class=\"il-barbiere-di-siviglia\">\n        <span class=\"legend-color\"><\/span> Il Barbiere di siviglia\n    <\/li>\n    <li class=\"rigoletto\">\n        <span class=\"legend-color\"><\/span> Rigoletto\n    <\/li>\n<\/ul>\n\n\t\t<table class=\"map-shows-calendar\">\n\t\t\t<thead>\n\t\t\t\t<tr>\n\t\t\t\t\t<th colspan=\"2\">\n\t\t\t\t\t\t\t\t\t\t<\/th>\n\t\t\t\t\t<th colspan=\"3\">\n\t\t\t\t\t\t<h3>May 2026<\/h3>\n\t\t\t\t\t<\/th>\n\t\t\t\t\t<th colspan=\"2\">\n\t\t\t\t   \t\t\t\t\t\t<a href=\"\n\t\t\t\t\t\t\/es\/wp-json\/wp\/v2\/pages\/65792?date=1780272000\t\t\t\t\t\t\">\n\t\t\t\t\t\t\t\t\t\tNext month\t\t\t\t\t\t<\/a>\n\t\t\t\t\t\t\t\t\n\t\t\t\t\t<\/th>\n\t\t\t\t<\/tr>\n\t\t\t\t<tr>\n\t\t\t\t\t\t<\/tr>\n\t\t\t<\/thead>\n\t\t\t<tbody><tr>\n\t\t\t\t<td class=\"mapc-day-passed mapc-day-passed \"\n\t\t\t\t>\n\t\t\t<div class=\"cell-inner\">\n\t\t\t\t<div class=\"cell-content\">\n\t\t\t\t\t<span class=\"mapc-day-number\"><\/span>\n\n\t\t\t\t\t\t\t\t\t<\/div>\n\t\t\t<\/div>\n\t\t<\/td>\n\t\t<\/tr><\/tbody><\/table>\n<div class=\"map-booking-form\">\n\n    <p>Please fill out the form to book the selected event:<\/p>\n    \n    <span id=\"map-booking-date\" style=\"font-size:20px;\"><\/span>, <span id=\"map-booking-title\" style=\"font-size:20px;\"><\/span><br><br>\n\n\n    <form action=\"\" method=\"post\" id=\"MaP-Form\">\n\n        <input type=\"hidden\" value=\"\" name=\"map_show\" id=\"map_show\">\n        <input type=\"hidden\" value=\"\" name=\"map_booking_day\" id=\"map_booking_day\">\n\n        <div class=\"MaP-Field\">\n            <label class=\"MaP-Label\" for=\"MaP-FullName\">First Name<\/label>\n            <input type=\"text\" name=\"map_first_name\" placeholder=\"Insert your first name\"\n                class=\"MaP-Input\" required>\n        <\/div>\n\n        <div class=\"MaP-Field\">\n            <label class=\"MaP-Label\" for=\"MaP-LastName\">Last Name<\/label>\n            <input type=\"text\" name=\"map_last_name\" placeholder=\"Insert your last name\"\n                class=\"MaP-Input\" required>\n        <\/div>\n\n        <small class=\"MaP-Note\" style=\"padding-top:7px\"><strong>PLEASE NOTE: If you are representing a travel agency, please do not use this form, but contact us directly at  <a href=\"mailto: info@musicapalazzo.com\">info@musicapalazzo.com<\/a>.<\/strong><\/small><br>\n\n        <div class=\"MaP-Field\">\n            <label class=\"MaP-Label\" for=\"MaP-Email\">E-mail<\/label>\n            <input oncopy=\"return false\" oncut=\"return false\" id=\"first-mail\" type=\"email\" name=\"map_mail\" class=\"MaP-Input\"\n                placeholder=\"Insert valid e-mail\" required><br>\n            <input oncopy=\"return false\" oncut=\"return false\" onpaste=\"return false\"  id=\"second-mail\" type=\"email\" name=\"map_second_mail\"\n                class=\"MaP-Input\" placeholder=\"Repeat mail\" required>\n        <\/div>\n\n        <div class=\"MaP-Field\">\n            <label class=\"MaP-Label\" for=\"MaP-FullName\">Number of seats<\/label>\n            <select name=\"map_number_seats\" class=\"MaP-Select\" required>\n                <option value=1>1<\/option><option value=2>2<\/option><option value=3>3<\/option><option value=4>4<\/option><option value=5>5<\/option><option value=6>6<\/option><option value=7>7<\/option><option value=8>8<\/option><option value=9>9<\/option><option value=10>10<\/option><option value=11>11<\/option><option value=12>12<\/option><option value=13>13<\/option><option value=14>14<\/option><option value=15>15<\/option><option value=16>16<\/option><option value=17>17<\/option><option value=18>18<\/option><option value=19>19<\/option><option value=20>20<\/option><option value=21>21<\/option><option value=22>22<\/option><option value=23>23<\/option><option value=24>24<\/option><option value=25>25<\/option><option value=26>26<\/option><option value=27>27<\/option><option value=28>28<\/option><option value=29>29<\/option><option value=30>30<\/option>            <\/select>\n        <\/div>\n\n        <div class=\"MaP-Field\">\n            <label class=\"MaP-Label\"\n                for=\"MaP-FullName\">Preferred language for reply<\/label>\n            <select name=\"map_language\" class=\"MaP-Select\" required>\n                <option  value=\"it\">Italiano\n                <\/option>\n                <option  value=\"en\">English<\/option>\n                <option  value=\"fr\">Fran\u00e7ais\n                <\/option>\n            <\/select>\n        <\/div>\n        <small><strong> PLEASE NOTE: Dimensione Lirica is an officially registered Cultural Association.<br> Personal data will be used only for registration and booking purposes, and deleted the day after the booked show date.<br>By clicking on the required checkbox, you accept our <a class=\"elan42-disclaimer-policy-button\" href=\"\/files\/musicapalazzo.com\/2025\/12\/PRIVACY-DIMENSIONE-LIRICA.pdf\" target=\"_blank\">Privacy Policy<\/a>.<br> For any further questions, please visit the <a href=\"https:\/\/www.musicapalazzo.com\/es\/preguntas-frecuentes\/\">FAQ<\/a> page or contact us at <a href=\"mailto: info@musicapalazzo.com\">info@musicapalazzo.com<\/a><\/small><\/strong><br><br>\n         <strong>Accept our privacy to continue<\/strong><br>\n        <input type=\"hidden\" name=\"map_redirect_url\"\n            value=\"https:\/\/www.musicapalazzo.com\/es\/thank-you\/\">\n        <input type=\"hidden\" name=\"map_booking\" value=\"true\">\n        <small class=\"MaP-Note\"><input required name=\"map_privacy\" type=\"checkbox\">I declare to accept the privacy policy<\/small>\n        <\/input><br\/>\n\n<!--         <strong>Fill in the box below<\/strong><br>\n        <small>Please compile the input box with the Captcha characters you see below<\/small><br\/>\n<img decoding=\"async\" id=\"captcha\" src=\"\/securimage\/securimage_show.php\" alt=\"CAPTCHA Image\" \/>\n<div><input type=\"text\" name=\"captcha_code\" size=\"10\" maxlength=\"6\" \/>\n<a href=\"#\" onclick=\"document.getElementById('captcha').src = '\/securimage\/securimage_show.php?' + Math.random(); return false\">[ Load a different image ]<\/a>\n<\/div>\n -->\n\n\n      <div class=\"g-recaptcha\" data-sitekey=\"6LfjgqUZAAAAABCvYSYky81-o2nOxjvG-iRPaLYW\" data-callback='recaptchaCallback'><\/div>\n   \n      \n        <div class=\"button-wrapper\">\n            <button id=\"final-button\" class=\"Button\" type=\"submit\" disabled>Book Now<\/button>\n        <\/div>\n    <\/form>\n<\/div>\n\n\n<script src=\"https:\/\/www.google.com\/recaptcha\/api.js?onload=onloadCallback\"><\/script>\n     <script>\n\n  function recaptchaCallback(){\n\n  if (\n    !jQuery('input[name=\"map_privacy\"]').is(\":checked\") ||\n    !jQuery('input[name=\"map_first_name\"]').val().length ||\n    !jQuery('input[name=\"map_last_name\"]').val().length ||\n    !jQuery('input[name=\"map_mail\"]').val().length ||\n    !jQuery('input[name=\"map_second_mail\"]').val().length ||\n    document.getElementById(\"first-mail\").value != document.getElementById(\"second-mail\").value\n  ) {\n    jQuery(\"#final-button\").prop(\"disabled\", true);\n  } else { \n        if (grecaptcha && grecaptcha.getResponse().length !== 0) {\n                jQuery(\"#final-button\").removeAttr(\"disabled\");\n        }\n  }\n\n}\n\n    function onloadCallback(){\n            \/\/ Google Recaptcha would remove it...\n            jQuery(\"#final-button\").prop(\"disabled\", true);\n    }\n\n       function onSubmit(token) {\n         document.getElementById(\"MaP-Form\").submit();\n       }\n     <\/script>\n\n\n\n<script>\n\njQuery(document).on('input', \"#MaP-Form input\", function(){\n\n  if (\n    !jQuery('input[name=\"map_privacy\"]').is(\":checked\") ||\n    !jQuery('input[name=\"map_first_name\"]').val().length ||\n    !jQuery('input[name=\"map_last_name\"]').val().length ||\n    !jQuery('input[name=\"map_mail\"]').val().length ||\n    !jQuery('input[name=\"map_second_mail\"]').val().length ||\n    document.getElementById(\"first-mail\").value != document.getElementById(\"second-mail\").value\n  ) {\n    jQuery(\"#final-button\").prop(\"disabled\", true);\n  } else { \n\tif (grecaptcha && grecaptcha.getResponse().length !== 0) {\n    \t\tjQuery(\"#final-button\").removeAttr(\"disabled\");\n\t}\n  }\n});\n\n<\/script>\n\n\n\n\n[\/vc_column_text][\/vc_column][vc_column width=&#8221;1\/4&#8243; offset=&#8221;vc_hidden-md vc_hidden-sm vc_hidden-xs&#8221; css=&#8221;.vc_custom_1507051869068{padding-top: 2rem !important;}&#8221;][vc_column_text css=&#8221;&#8221;]<strong>Reservas<\/strong><br \/>\nDesde esta p\u00e1gina puede enviar su solicitud de reserva para el espect\u00e1culo de su elecci\u00f3n.<\/p>\n<p><strong>Horario<br \/>\n<\/strong>Los espect\u00e1culos comienzan a las 20:30 y duran 2 horas.<\/p>\n<p>El acceso al palacio es de 20:00 a 20:30 horas. La entrada no est\u00e1 garantizada una vez iniciado el espect\u00e1culo.<\/p>\n<p>En caso de que un espect\u00e1culo comience en un horario diferente, se le informar\u00e1 por correo electr\u00f3nico.<\/p>\n<p><strong>Precio<\/strong><br \/>\n2025: 95 euros por persona.<br \/>\n2026: 95 euros por persona.<\/p>\n<p>El pago de esta cuota le da derecho a recibir su carnet personal y a asistir a uno espect\u00e0culo de Musica a Palazzo. El carnet tambi\u00e9n le permite participar en otras actividades culturales organizadas por la Asociaci\u00f3n Cultural Dimensione Lirica. (Para m\u00e1s informaci\u00f3n hagan clic <a href=\"https:\/\/www.musicapalazzo.com\/es\/preguntas-frecuentes\/\">aqu\u00ed<\/a>).[\/vc_column_text][\/vc_column][\/vc_row]<\/p>\n<\/div>","protected":false},"excerpt":{"rendered":"<p>[vc_row][vc_column offset=&#8221;vc_hidden-lg&#8221; css=&#8221;.vc_custom_1507051672438{margin-bottom: 2rem !important;}&#8221;][vc_column_text css=&#8221;&#8221;]Reservas Desde esta p\u00e1gina puede enviar su solicitud de reserva para el espect\u00e1culo de su elecci\u00f3n. Horario Los espect\u00e1culos comienzan a las 20:30 y duran 2 horas. El acceso al palacio es de 20:00 a 20:30 horas. La entrada no&#8230;<\/p>\n","protected":false},"author":101011,"featured_media":0,"parent":0,"menu_order":0,"comment_status":"closed","ping_status":"closed","template":"","meta":{"footnotes":""},"class_list":["post-65792","page","type-page","status-publish","hentry"],"yoast_head":"<!-- This site is optimized with the Yoast SEO plugin v26.8 - https:\/\/yoast.com\/product\/yoast-seo-wordpress\/ -->\n<title>Reserva - Musica Palazzo<\/title>\n<meta name=\"robots\" content=\"index, follow, max-snippet:-1, max-image-preview:large, max-video-preview:-1\" \/>\n<link rel=\"canonical\" href=\"https:\/\/www.musicapalazzo.com\/es\/reserva\/\" \/>\n<meta property=\"og:locale\" content=\"es_ES\" \/>\n<meta property=\"og:type\" content=\"article\" \/>\n<meta property=\"og:title\" content=\"Reserva - Musica Palazzo\" \/>\n<meta property=\"og:description\" content=\"[vc_row][vc_column offset=&#8221;vc_hidden-lg&#8221; css=&#8221;.vc_custom_1507051672438{margin-bottom: 2rem !important;}&#8221;][vc_column_text css=&#8221;&#8221;]Reservas Desde esta p\u00e1gina puede enviar su solicitud de reserva para el espect\u00e1culo de su elecci\u00f3n. Horario Los espect\u00e1culos comienzan a las 20:30 y duran 2 horas. El acceso al palacio es de 20:00 a 20:30 horas. La entrada no...\" \/>\n<meta property=\"og:url\" content=\"https:\/\/www.musicapalazzo.com\/es\/reserva\/\" \/>\n<meta property=\"og:site_name\" content=\"Musica Palazzo\" \/>\n<meta property=\"article:modified_time\" content=\"2025-10-02T10:14:01+00:00\" \/>\n<meta name=\"twitter:card\" content=\"summary_large_image\" \/>\n<meta name=\"twitter:label1\" content=\"Est. reading time\" \/>\n\t<meta name=\"twitter:data1\" content=\"2 minutes\" \/>\n<script type=\"application\/ld+json\" class=\"yoast-schema-graph\">{\"@context\":\"https:\/\/schema.org\",\"@graph\":[{\"@type\":\"WebPage\",\"@id\":\"https:\/\/www.musicapalazzo.com\/es\/reserva\/\",\"url\":\"https:\/\/www.musicapalazzo.com\/es\/reserva\/\",\"name\":\"Reserva - Musica Palazzo\",\"isPartOf\":{\"@id\":\"https:\/\/www.musicapalazzo.com\/es\/#website\"},\"datePublished\":\"2018-01-30T18:37:30+00:00\",\"dateModified\":\"2025-10-02T10:14:01+00:00\",\"breadcrumb\":{\"@id\":\"https:\/\/www.musicapalazzo.com\/es\/reserva\/#breadcrumb\"},\"inLanguage\":\"es-ES\",\"potentialAction\":[{\"@type\":\"ReadAction\",\"target\":[\"https:\/\/www.musicapalazzo.com\/es\/reserva\/\"]}]},{\"@type\":\"BreadcrumbList\",\"@id\":\"https:\/\/www.musicapalazzo.com\/es\/reserva\/#breadcrumb\",\"itemListElement\":[{\"@type\":\"ListItem\",\"position\":1,\"name\":\"Home\",\"item\":\"https:\/\/www.musicapalazzo.com\/es\/\"},{\"@type\":\"ListItem\",\"position\":2,\"name\":\"Reserva\"}]},{\"@type\":\"WebSite\",\"@id\":\"https:\/\/www.musicapalazzo.com\/es\/#website\",\"url\":\"https:\/\/www.musicapalazzo.com\/es\/\",\"name\":\"Musica Palazzo\",\"description\":\"Associazione Culturale Music at the Palace\",\"potentialAction\":[{\"@type\":\"SearchAction\",\"target\":{\"@type\":\"EntryPoint\",\"urlTemplate\":\"https:\/\/www.musicapalazzo.com\/es\/?s={search_term_string}\"},\"query-input\":{\"@type\":\"PropertyValueSpecification\",\"valueRequired\":true,\"valueName\":\"search_term_string\"}}],\"inLanguage\":\"es-ES\"}]}<\/script>\n<!-- \/ Yoast SEO plugin. -->","yoast_head_json":{"title":"Reserva - Musica Palazzo","robots":{"index":"index","follow":"follow","max-snippet":"max-snippet:-1","max-image-preview":"max-image-preview:large","max-video-preview":"max-video-preview:-1"},"canonical":"https:\/\/www.musicapalazzo.com\/es\/reserva\/","og_locale":"es_ES","og_type":"article","og_title":"Reserva - Musica Palazzo","og_description":"[vc_row][vc_column offset=&#8221;vc_hidden-lg&#8221; css=&#8221;.vc_custom_1507051672438{margin-bottom: 2rem !important;}&#8221;][vc_column_text css=&#8221;&#8221;]Reservas Desde esta p\u00e1gina puede enviar su solicitud de reserva para el espect\u00e1culo de su elecci\u00f3n. Horario Los espect\u00e1culos comienzan a las 20:30 y duran 2 horas. El acceso al palacio es de 20:00 a 20:30 horas. La entrada no...","og_url":"https:\/\/www.musicapalazzo.com\/es\/reserva\/","og_site_name":"Musica Palazzo","article_modified_time":"2025-10-02T10:14:01+00:00","twitter_card":"summary_large_image","twitter_misc":{"Est. reading time":"2 minutes"},"schema":{"@context":"https:\/\/schema.org","@graph":[{"@type":"WebPage","@id":"https:\/\/www.musicapalazzo.com\/es\/reserva\/","url":"https:\/\/www.musicapalazzo.com\/es\/reserva\/","name":"Reserva - Musica Palazzo","isPartOf":{"@id":"https:\/\/www.musicapalazzo.com\/es\/#website"},"datePublished":"2018-01-30T18:37:30+00:00","dateModified":"2025-10-02T10:14:01+00:00","breadcrumb":{"@id":"https:\/\/www.musicapalazzo.com\/es\/reserva\/#breadcrumb"},"inLanguage":"es-ES","potentialAction":[{"@type":"ReadAction","target":["https:\/\/www.musicapalazzo.com\/es\/reserva\/"]}]},{"@type":"BreadcrumbList","@id":"https:\/\/www.musicapalazzo.com\/es\/reserva\/#breadcrumb","itemListElement":[{"@type":"ListItem","position":1,"name":"Home","item":"https:\/\/www.musicapalazzo.com\/es\/"},{"@type":"ListItem","position":2,"name":"Reserva"}]},{"@type":"WebSite","@id":"https:\/\/www.musicapalazzo.com\/es\/#website","url":"https:\/\/www.musicapalazzo.com\/es\/","name":"Musica Palazzo","description":"Associazione Culturale Music at the Palace","potentialAction":[{"@type":"SearchAction","target":{"@type":"EntryPoint","urlTemplate":"https:\/\/www.musicapalazzo.com\/es\/?s={search_term_string}"},"query-input":{"@type":"PropertyValueSpecification","valueRequired":true,"valueName":"search_term_string"}}],"inLanguage":"es-ES"}]}},"_links":{"self":[{"href":"https:\/\/www.musicapalazzo.com\/es\/wp-json\/wp\/v2\/pages\/65792","targetHints":{"allow":["GET"]}}],"collection":[{"href":"https:\/\/www.musicapalazzo.com\/es\/wp-json\/wp\/v2\/pages"}],"about":[{"href":"https:\/\/www.musicapalazzo.com\/es\/wp-json\/wp\/v2\/types\/page"}],"author":[{"embeddable":true,"href":"https:\/\/www.musicapalazzo.com\/es\/wp-json\/wp\/v2\/users\/101011"}],"replies":[{"embeddable":true,"href":"https:\/\/www.musicapalazzo.com\/es\/wp-json\/wp\/v2\/comments?post=65792"}],"version-history":[{"count":6,"href":"https:\/\/www.musicapalazzo.com\/es\/wp-json\/wp\/v2\/pages\/65792\/revisions"}],"predecessor-version":[{"id":132392,"href":"https:\/\/www.musicapalazzo.com\/es\/wp-json\/wp\/v2\/pages\/65792\/revisions\/132392"}],"wp:attachment":[{"href":"https:\/\/www.musicapalazzo.com\/es\/wp-json\/wp\/v2\/media?parent=65792"}],"curies":[{"name":"wp","href":"https:\/\/api.w.org\/{rel}","templated":true}]}}