{"id":65757,"date":"2018-01-20T19:11:44","date_gmt":"2018-01-20T18:11:44","guid":{"rendered":"https:\/\/www.musicapalazzo.com\/home\/"},"modified":"2025-12-01T12:41:44","modified_gmt":"2025-12-01T11:41:44","slug":"home","status":"publish","type":"page","link":"https:\/\/www.musicapalazzo.com\/es\/","title":{"rendered":"Opera in Venice"},"content":{"rendered":"<div class=\"wpb-content-wrapper\"><p>[vc_row][vc_column][rev_slider_vc alias=&#8221;intro_es&#8221;][\/vc_column][\/vc_row][vc_row anchor=&#8221;intro&#8221;][vc_column css=&#8221;.vc_custom_1494169488162{padding-top: 30px !important;padding-right: 30px !important;padding-bottom: 30px !important;padding-left: 30px !important;background-color: #000000 !important;}&#8221; el_class=&#8221;intro-text&#8221; offset=&#8221;vc_hidden-lg vc_hidden-md&#8221;][vc_single_image image=&#8221;272&#8243; img_size=&#8221;large&#8221; alignment=&#8221;center&#8221;][vc_empty_space][vc_column_text]<\/p>\n<h2>Musica a Palazzo propone vivir la \u00f3pera l\u00edrica de una forma diferente.<\/h2>\n<p>[\/vc_column_text][vc_empty_space][vc_column_text]El espect\u00e1culo es itinerante y cada acto se representa en un diferente sal\u00f3n de uno de los palacios venecianos m\u00e1s fascinantes: <strong>Palazzo Barbarigo Minotto<\/strong>.[\/vc_column_text][vc_empty_space]<a href=\"https:\/\/www.musicapalazzo.com\/es\/asociacion\/\" target=\"_self\"  class=\"edgtf-btn edgtf-btn-small edgtf-btn-outline edgtf-has-hover map-button\"  >\n    <span class=\"edgtf-btn-text\">Descubre m\u00e1s<\/span>    <span class=\"edgtf-btn-background-holder\" ><\/span>\n    <span class=\"edgtf-btn-background-hover-holder\" ><\/span>\n<\/a>[\/vc_column][\/vc_row][vc_row row_type=&#8221;parallax&#8221; full_screen_section_height=&#8221;yes&#8221; vertically_align_content_in_middle=&#8221;yes&#8221; parallax_background_image=&#8221;272&#8243; parallax_speed=&#8221;0.5&#8243; el_class=&#8221;full-height-responsive&#8221;][vc_column width=&#8221;1\/2&#8243; css=&#8221;.vc_custom_1494168956171{margin-left: 15px !important;padding-top: 30px !important;padding-right: 30px !important;padding-bottom: 30px !important;padding-left: 30px !important;background-color: rgba(0,0,0,0.5) !important;*background-color: rgb(0,0,0) !important;}&#8221; el_class=&#8221;intro-text&#8221; offset=&#8221;vc_col-lg-3 vc_col-md-5&#8243;][vc_column_text]<\/p>\n<h2>Musica a Palazzo propone vivir la \u00f3pera l\u00edrica de una forma diferente.<\/h2>\n<p>[\/vc_column_text][vc_empty_space][vc_column_text]El espect\u00e1culo es itinerante y cada acto se representa en un diferente sal\u00f3n de uno de los palacios venecianos m\u00e1s fascinantes: <strong>Palazzo Barbarigo Minotto<\/strong>.[\/vc_column_text][vc_empty_space]<a href=\"https:\/\/www.musicapalazzo.com\/es\/asociacion\/\" target=\"_self\"  class=\"edgtf-btn edgtf-btn-small edgtf-btn-outline edgtf-has-hover map-button\"  >\n    <span class=\"edgtf-btn-text\">Descubre m\u00e1s<\/span>    <span class=\"edgtf-btn-background-holder\" ><\/span>\n    <span class=\"edgtf-btn-background-hover-holder\" ><\/span>\n<\/a>[\/vc_column][\/vc_row][vc_row anchor=&#8221;shows&#8221;][vc_column el_class=&#8221;homepage-shows&#8221;]<div class=\"edgtf-elements-holder edgtf-three-columns edgtf-responsive-mode-1024 edgtf-one-column-alignment-left\" ><div class=\"edgtf-elements-holder-item edgtf-vertical-alignment-bottom\"  >\n\t<div class=\"edgtf-elements-holder-item-background\" style=\"background-image: url(https:\/\/www.musicapalazzo.com\/files\/musicapalazzo.com\/2017\/02\/Traviata_Tiepolo_Gio.jpg)\"><\/div>\n\t<div class=\"edgtf-elements-holder-item-inner\">\n\t\t<div class=\"edgtf-elements-holder-item-content edgtf-elements-holder-custom-272050\" >\n\t\t\t\t\t\t[vc_raw_html]JTNDZGl2JTIwY2xhc3MlM0QlMjJob21lcGFnZS1zaG93cy1vdmVybGF5JTIyJTNFJTNDJTJGZGl2JTNF[\/vc_raw_html][vc_column_text]<\/p>\n<h1>La Traviata<\/h1>\n<p>Melodrama en tres actos<br \/>\nde Giuseppe Verdi[\/vc_column_text]<a href=\"https:\/\/www.musicapalazzo.com\/es\/la-traviata\/\" target=\"_self\"  class=\"edgtf-btn edgtf-btn-small edgtf-btn-outline edgtf-has-hover map-button map-button-gold\"  >\n    <span class=\"edgtf-btn-text\">Descubre<\/span>    <span class=\"edgtf-btn-background-holder\" ><\/span>\n    <span class=\"edgtf-btn-background-hover-holder\" ><\/span>\n<\/a><a href=\"https:\/\/www.musicapalazzo.com\/es\/reserva\" target=\"_self\"  class=\"edgtf-btn edgtf-btn-small edgtf-btn-outline edgtf-has-hover map-button map-button-gold\"  >\n    <span class=\"edgtf-btn-text\">Reserva<\/span>    <span class=\"edgtf-btn-background-holder\" ><\/span>\n    <span class=\"edgtf-btn-background-hover-holder\" ><\/span>\n<\/a>\t\t\t\t\t<\/div>\n\t<\/div>\n<\/div><div class=\"edgtf-elements-holder-item edgtf-vertical-alignment-bottom\"  >\n\t<div class=\"edgtf-elements-holder-item-background\" style=\"background-image: url(https:\/\/www.musicapalazzo.com\/files\/musicapalazzo.com\/2017\/02\/homepage_barbiere_new.jpg)\"><\/div>\n\t<div class=\"edgtf-elements-holder-item-inner\">\n\t\t<div class=\"edgtf-elements-holder-item-content edgtf-elements-holder-custom-496229\" >\n\t\t\t\t\t\t[vc_raw_html]JTNDZGl2JTIwY2xhc3MlM0QlMjJob21lcGFnZS1zaG93cy1vdmVybGF5JTIyJTNFJTNDJTJGZGl2JTNF[\/vc_raw_html][vc_column_text]<\/p>\n<h1>El barbero<br \/>\nde Sevilla<\/h1>\n<p>\u00f3pera bufa en dos actos<br \/>\nde Gioachino Rossini[\/vc_column_text]<a href=\"https:\/\/www.musicapalazzo.com\/es\/el-barbero-de-sevilla\/\" target=\"_self\"  class=\"edgtf-btn edgtf-btn-small edgtf-btn-outline edgtf-has-hover map-button map-button-gold\"  >\n    <span class=\"edgtf-btn-text\">Descubre<\/span>    <span class=\"edgtf-btn-background-holder\" ><\/span>\n    <span class=\"edgtf-btn-background-hover-holder\" ><\/span>\n<\/a><a href=\"https:\/\/www.musicapalazzo.com\/es\/reserva\" target=\"_self\"  class=\"edgtf-btn edgtf-btn-small edgtf-btn-outline edgtf-has-hover map-button map-button-gold\"  >\n    <span class=\"edgtf-btn-text\">Reserva<\/span>    <span class=\"edgtf-btn-background-holder\" ><\/span>\n    <span class=\"edgtf-btn-background-hover-holder\" ><\/span>\n<\/a>\t\t\t\t\t<\/div>\n\t<\/div>\n<\/div><div class=\"edgtf-elements-holder-item edgtf-vertical-alignment-bottom\"  >\n\t<div class=\"edgtf-elements-holder-item-background\" style=\"background-image: url(https:\/\/www.musicapalazzo.com\/files\/musicapalazzo.com\/2025\/12\/Rigoletto13-scaled.jpg)\"><\/div>\n\t<div class=\"edgtf-elements-holder-item-inner\">\n\t\t<div class=\"edgtf-elements-holder-item-content edgtf-elements-holder-custom-873196\" >\n\t\t\t\t\t\t[vc_raw_html]JTNDZGl2JTIwY2xhc3MlM0QlMjJob21lcGFnZS1zaG93cy1vdmVybGF5JTIyJTNFJTNDJTJGZGl2JTNF[\/vc_raw_html][vc_column_text]<\/p>\n<h1>Rigoletto<\/h1>\n<p>\u00f3pera en tres actos<br \/>\nde Giuseppe Verdi[\/vc_column_text]<a href=\"https:\/\/www.musicapalazzo.com\/es\/rigoletto\/\" target=\"_self\"  class=\"edgtf-btn edgtf-btn-small edgtf-btn-outline edgtf-has-hover map-button map-button-gold\"  >\n    <span class=\"edgtf-btn-text\">Descubre<\/span>    <span class=\"edgtf-btn-background-holder\" ><\/span>\n    <span class=\"edgtf-btn-background-hover-holder\" ><\/span>\n<\/a><a href=\"https:\/\/www.musicapalazzo.com\/es\/reserva\" target=\"_self\"  class=\"edgtf-btn edgtf-btn-small edgtf-btn-outline edgtf-has-hover map-button map-button-gold\"  >\n    <span class=\"edgtf-btn-text\">Reserva<\/span>    <span class=\"edgtf-btn-background-holder\" ><\/span>\n    <span class=\"edgtf-btn-background-hover-holder\" ><\/span>\n<\/a>\t\t\t\t\t<\/div>\n\t<\/div>\n<\/div><\/div>[\/vc_column][\/vc_row][vc_row anchor=&#8221;contact&#8221;][vc_column][vc_raw_html]JTNDZGl2JTIwaWQlM0QlMjJtYXAlMjIlMjBzdHlsZSUzRCUyMmhlaWdodCUzQSUyMDUwMHB4JTIyJTNFJTNDJTJGZGl2JTNFJTBBJTIwJTIwJTIwJTIwJTNDJTIxLS0lMjAlM0NzY3JpcHQlMjBzcmMlM0QlMjJodHRwcyUzQSUyRiUyRm1hcHMuZ29vZ2xlYXBpcy5jb20lMkZtYXBzJTJGYXBpJTJGanMlM0ZrZXklM0RBSXphU3lESVAzWHVhNEg4clJVbFIxdzktWW5LRDZlWTN4RGI5cmMlMjZsaWJyYXJpZXMlM0RwbGFjZXMlMjIlMEElMjAlMjAlMjAlMjBhc3luYyUyMGRlZmVyJTNFJTNDJTJGc2NyaXB0JTNFJTIwLS0lM0U=[\/vc_raw_html][\/vc_column][\/vc_row][vc_row content_width=&#8221;grid&#8221; css=&#8221;.vc_custom_1489601047700{padding-top: 64px !important;padding-bottom: 64px !important;}&#8221;][vc_column][vc_column_text]<\/p>\n<h1>Contactos<\/h1>\n<p>[\/vc_column_text][vc_row_inner css=&#8221;.vc_custom_1489600434696{margin-top: 32px !important;}&#8221;][vc_column_inner width=&#8221;1\/2&#8243;][vc_column_text]Musica a Palazzo se encuentra en Palazzo Barbarigo Minotto, cuya fachada principal mira al Canal Grande, al lado de la parada de barco &#8220;Giglio&#8221;. Se accede por tierra desde Fondamenta Duodo o Barbarigo en el sestiere de San Marco.<\/p>\n<p>&nbsp;<\/p>\n<p><a href=\"https:\/\/www.musicapalazzo.com\/files\/musicapalazzo.com\/2017\/10\/MAP_mappa_2.pdf\">C\u00f3mo llegar<\/a>[\/vc_column_text][\/vc_column_inner][vc_column_inner width=&#8221;1\/3&#8243; css=&#8221;.vc_custom_1489601000035{border-left-width: 1px !important;padding-top: 0px !important;border-left-color: #c59c26 !important;border-left-style: solid !important;}&#8221; offset=&#8221;vc_col-sm-offset-2&#8243;][vc_column_text]<strong>MUSICA A PALAZZO<\/strong><br \/>\nPalazzo Barbarigo Minotto<br \/>\nFondamenta Duodo o Barbarigo<br \/>\nS. Marco 2504, 30124 Venezia, Italy<\/p>\n<p>+39 340 97 17 272<br \/>\n<a href=\"mailto:info@musicapalazzo.com\">info@musicapalazzo.com<\/a>[\/vc_column_text][\/vc_column_inner][\/vc_row_inner][\/vc_column][\/vc_row]<\/p>\n<\/div>","protected":false},"excerpt":{"rendered":"<p>[vc_row][vc_column][rev_slider_vc alias=&#8221;intro_es&#8221;][\/vc_column][\/vc_row][vc_row anchor=&#8221;intro&#8221;][vc_column css=&#8221;.vc_custom_1494169488162{padding-top: 30px !important;padding-right: 30px !important;padding-bottom: 30px !important;padding-left: 30px !important;background-color: #000000 !important;}&#8221; el_class=&#8221;intro-text&#8221; offset=&#8221;vc_hidden-lg vc_hidden-md&#8221;][vc_single_image image=&#8221;272&#8243; img_size=&#8221;large&#8221; alignment=&#8221;center&#8221;][vc_empty_space][vc_column_text] Musica a Palazzo propone vivir la \u00f3pera l\u00edrica de una forma diferente. [\/vc_column_text][vc_empty_space][vc_column_text]El espect\u00e1culo es itinerante y cada acto se representa en un diferente sal\u00f3n&#8230;<\/p>\n","protected":false},"author":101011,"featured_media":0,"parent":0,"menu_order":0,"comment_status":"closed","ping_status":"closed","template":"full-width.php","meta":{"footnotes":""},"class_list":["post-65757","page","type-page","status-publish","hentry"],"yoast_head":"<!-- This site is optimized with the Yoast SEO plugin v26.8 - https:\/\/yoast.com\/product\/yoast-seo-wordpress\/ -->\n<title>Opera in Venice - Musica Palazzo<\/title>\n<meta name=\"robots\" content=\"index, follow, max-snippet:-1, max-image-preview:large, max-video-preview:-1\" \/>\n<link rel=\"canonical\" href=\"https:\/\/www.musicapalazzo.com\/es\/\" \/>\n<meta property=\"og:locale\" content=\"es_ES\" \/>\n<meta property=\"og:type\" content=\"article\" \/>\n<meta property=\"og:title\" content=\"Opera in Venice - Musica Palazzo\" \/>\n<meta property=\"og:description\" content=\"[vc_row][vc_column][rev_slider_vc alias=&#8221;intro_es&#8221;][\/vc_column][\/vc_row][vc_row anchor=&#8221;intro&#8221;][vc_column css=&#8221;.vc_custom_1494169488162{padding-top: 30px !important;padding-right: 30px !important;padding-bottom: 30px !important;padding-left: 30px !important;background-color: #000000 !important;}&#8221; el_class=&#8221;intro-text&#8221; offset=&#8221;vc_hidden-lg vc_hidden-md&#8221;][vc_single_image image=&#8221;272&#8243; img_size=&#8221;large&#8221; alignment=&#8221;center&#8221;][vc_empty_space][vc_column_text] Musica a Palazzo propone vivir la \u00f3pera l\u00edrica de una forma diferente. [\/vc_column_text][vc_empty_space][vc_column_text]El espect\u00e1culo es itinerante y cada acto se representa en un diferente sal\u00f3n...\" \/>\n<meta property=\"og:url\" content=\"https:\/\/www.musicapalazzo.com\/es\/\" \/>\n<meta property=\"og:site_name\" content=\"Musica Palazzo\" \/>\n<meta property=\"article:modified_time\" content=\"2025-12-01T11:41:44+00:00\" \/>\n<meta name=\"twitter:card\" content=\"summary_large_image\" \/>\n<meta name=\"twitter:label1\" content=\"Est. reading time\" \/>\n\t<meta name=\"twitter:data1\" content=\"2 minutes\" \/>\n<script type=\"application\/ld+json\" class=\"yoast-schema-graph\">{\"@context\":\"https:\/\/schema.org\",\"@graph\":[{\"@type\":\"WebPage\",\"@id\":\"https:\/\/www.musicapalazzo.com\/es\/\",\"url\":\"https:\/\/www.musicapalazzo.com\/es\/\",\"name\":\"Opera in Venice - Musica Palazzo\",\"isPartOf\":{\"@id\":\"https:\/\/www.musicapalazzo.com\/es\/#website\"},\"datePublished\":\"2018-01-20T18:11:44+00:00\",\"dateModified\":\"2025-12-01T11:41:44+00:00\",\"breadcrumb\":{\"@id\":\"https:\/\/www.musicapalazzo.com\/es\/#breadcrumb\"},\"inLanguage\":\"es-ES\",\"potentialAction\":[{\"@type\":\"ReadAction\",\"target\":[\"https:\/\/www.musicapalazzo.com\/es\/\"]}]},{\"@type\":\"BreadcrumbList\",\"@id\":\"https:\/\/www.musicapalazzo.com\/es\/#breadcrumb\",\"itemListElement\":[{\"@type\":\"ListItem\",\"position\":1,\"name\":\"Home\",\"item\":\"https:\/\/www.musicapalazzo.com\/es\/\"},{\"@type\":\"ListItem\",\"position\":2,\"name\":\"Opera in Venice\"}]},{\"@type\":\"WebSite\",\"@id\":\"https:\/\/www.musicapalazzo.com\/es\/#website\",\"url\":\"https:\/\/www.musicapalazzo.com\/es\/\",\"name\":\"Musica Palazzo\",\"description\":\"Associazione Culturale Music at the Palace\",\"potentialAction\":[{\"@type\":\"SearchAction\",\"target\":{\"@type\":\"EntryPoint\",\"urlTemplate\":\"https:\/\/www.musicapalazzo.com\/es\/?s={search_term_string}\"},\"query-input\":{\"@type\":\"PropertyValueSpecification\",\"valueRequired\":true,\"valueName\":\"search_term_string\"}}],\"inLanguage\":\"es-ES\"}]}<\/script>\n<!-- \/ Yoast SEO plugin. -->","yoast_head_json":{"title":"Opera in Venice - Musica Palazzo","robots":{"index":"index","follow":"follow","max-snippet":"max-snippet:-1","max-image-preview":"max-image-preview:large","max-video-preview":"max-video-preview:-1"},"canonical":"https:\/\/www.musicapalazzo.com\/es\/","og_locale":"es_ES","og_type":"article","og_title":"Opera in Venice - Musica Palazzo","og_description":"[vc_row][vc_column][rev_slider_vc alias=&#8221;intro_es&#8221;][\/vc_column][\/vc_row][vc_row anchor=&#8221;intro&#8221;][vc_column css=&#8221;.vc_custom_1494169488162{padding-top: 30px !important;padding-right: 30px !important;padding-bottom: 30px !important;padding-left: 30px !important;background-color: #000000 !important;}&#8221; el_class=&#8221;intro-text&#8221; offset=&#8221;vc_hidden-lg vc_hidden-md&#8221;][vc_single_image image=&#8221;272&#8243; img_size=&#8221;large&#8221; alignment=&#8221;center&#8221;][vc_empty_space][vc_column_text] Musica a Palazzo propone vivir la \u00f3pera l\u00edrica de una forma diferente. [\/vc_column_text][vc_empty_space][vc_column_text]El espect\u00e1culo es itinerante y cada acto se representa en un diferente sal\u00f3n...","og_url":"https:\/\/www.musicapalazzo.com\/es\/","og_site_name":"Musica Palazzo","article_modified_time":"2025-12-01T11:41:44+00:00","twitter_card":"summary_large_image","twitter_misc":{"Est. reading time":"2 minutes"},"schema":{"@context":"https:\/\/schema.org","@graph":[{"@type":"WebPage","@id":"https:\/\/www.musicapalazzo.com\/es\/","url":"https:\/\/www.musicapalazzo.com\/es\/","name":"Opera in Venice - Musica Palazzo","isPartOf":{"@id":"https:\/\/www.musicapalazzo.com\/es\/#website"},"datePublished":"2018-01-20T18:11:44+00:00","dateModified":"2025-12-01T11:41:44+00:00","breadcrumb":{"@id":"https:\/\/www.musicapalazzo.com\/es\/#breadcrumb"},"inLanguage":"es-ES","potentialAction":[{"@type":"ReadAction","target":["https:\/\/www.musicapalazzo.com\/es\/"]}]},{"@type":"BreadcrumbList","@id":"https:\/\/www.musicapalazzo.com\/es\/#breadcrumb","itemListElement":[{"@type":"ListItem","position":1,"name":"Home","item":"https:\/\/www.musicapalazzo.com\/es\/"},{"@type":"ListItem","position":2,"name":"Opera in Venice"}]},{"@type":"WebSite","@id":"https:\/\/www.musicapalazzo.com\/es\/#website","url":"https:\/\/www.musicapalazzo.com\/es\/","name":"Musica Palazzo","description":"Associazione Culturale Music at the Palace","potentialAction":[{"@type":"SearchAction","target":{"@type":"EntryPoint","urlTemplate":"https:\/\/www.musicapalazzo.com\/es\/?s={search_term_string}"},"query-input":{"@type":"PropertyValueSpecification","valueRequired":true,"valueName":"search_term_string"}}],"inLanguage":"es-ES"}]}},"_links":{"self":[{"href":"https:\/\/www.musicapalazzo.com\/es\/wp-json\/wp\/v2\/pages\/65757","targetHints":{"allow":["GET"]}}],"collection":[{"href":"https:\/\/www.musicapalazzo.com\/es\/wp-json\/wp\/v2\/pages"}],"about":[{"href":"https:\/\/www.musicapalazzo.com\/es\/wp-json\/wp\/v2\/types\/page"}],"author":[{"embeddable":true,"href":"https:\/\/www.musicapalazzo.com\/es\/wp-json\/wp\/v2\/users\/101011"}],"replies":[{"embeddable":true,"href":"https:\/\/www.musicapalazzo.com\/es\/wp-json\/wp\/v2\/comments?post=65757"}],"version-history":[{"count":6,"href":"https:\/\/www.musicapalazzo.com\/es\/wp-json\/wp\/v2\/pages\/65757\/revisions"}],"predecessor-version":[{"id":134261,"href":"https:\/\/www.musicapalazzo.com\/es\/wp-json\/wp\/v2\/pages\/65757\/revisions\/134261"}],"wp:attachment":[{"href":"https:\/\/www.musicapalazzo.com\/es\/wp-json\/wp\/v2\/media?parent=65757"}],"curies":[{"name":"wp","href":"https:\/\/api.w.org\/{rel}","templated":true}]}}