{"id":65787,"date":"2018-01-30T19:38:25","date_gmt":"2018-01-30T18:38:25","guid":{"rendered":"https:\/\/www.musicapalazzo.com\/faq\/"},"modified":"2026-01-29T13:29:52","modified_gmt":"2026-01-29T12:29:52","slug":"faq","status":"publish","type":"page","link":"https:\/\/www.musicapalazzo.com\/de\/faq\/","title":{"rendered":"FAQ"},"content":{"rendered":"<div class=\"wpb-content-wrapper\"><p>[vc_row][vc_column offset=&#8221;vc_col-lg-8 vc_col-md-10&#8243;][vc_column_text]<\/p>\n<h1>FAQ<\/h1>\n<p>[\/vc_column_text][vc_empty_space height=&#8221;64px&#8221;]<div class=\"edgtf-accordion-holder clearfix edgtf-accordion edgtf-initial \">\n\t<h3 class=\"clearfix edgtf-title-holder\">\n\t<span class=\"edgtf-acc-gradient\"><\/span>\n\t<span class=\"edgtf-tab-title\">\n\t\t<span class=\"edgtf-tab-title-inner\">\n\t\t\tWie kann ich einen Platz reservieren?\t\t<\/span>\n\t<\/span>\n\t<span class=\"edgtf-accordion-mark\">\n\t\t<span class=\"edgtf-accordion-mark-icon\">\n\t\t\t<span class=\"icon_plus\"><\/span>\n\t\t\t<span class=\"icon_minus-06\"><\/span>\n\t\t<\/span>\n\t<\/span>\n<\/h3>\n<div class=\"edgtf-accordion-content\">\n\t<div class=\"edgtf-accordion-content-inner\">\n\t\t[vc_column_text]Es ist m\u00f6glich, eine Buchungsanfrage stellen, wenn man auf die Taste \u201eBuchen\u201c im Men\u00fc auf der Homepage und in der Seite der Vorstellungen klicken. Wenn Sie m\u00f6chten, k\u00f6nnen Sie per Telefon unter der Nummer +39 340 97 17 272 (09:00 \u2013 19:00 Uhr, italienische Zeit) buchen.[\/vc_column_text]\t<\/div>\n<\/div><h3 class=\"clearfix edgtf-title-holder\">\n\t<span class=\"edgtf-acc-gradient\"><\/span>\n\t<span class=\"edgtf-tab-title\">\n\t\t<span class=\"edgtf-tab-title-inner\">\n\t\t\tSind die Pl\u00e4tze nummeriert? Wie kann ich meinen Platz ausw\u00e4hlen?\t\t<\/span>\n\t<\/span>\n\t<span class=\"edgtf-accordion-mark\">\n\t\t<span class=\"edgtf-accordion-mark-icon\">\n\t\t\t<span class=\"icon_plus\"><\/span>\n\t\t\t<span class=\"icon_minus-06\"><\/span>\n\t\t<\/span>\n\t<\/span>\n<\/h3>\n<div class=\"edgtf-accordion-content\">\n\t<div class=\"edgtf-accordion-content-inner\">\n\t\t[vc_column_text]Die Pl\u00e4tze sind nicht nummeriert und man darf sie im Voraus nicht ausw\u00e4hlen. Ihren Sitzplatz k\u00f6nnen Sie ausw\u00e4hlen, nach dem Sie die Eintragungsanfrage beim Verein Musica a Palazzo abgegeben haben.[\/vc_column_text]\t<\/div>\n<\/div><h3 class=\"clearfix edgtf-title-holder\">\n\t<span class=\"edgtf-acc-gradient\"><\/span>\n\t<span class=\"edgtf-tab-title\">\n\t\t<span class=\"edgtf-tab-title-inner\">\n\t\t\tUm an Musica a Palazzo teilzunehmen muss ich ein Formular ausf\u00fcllen und die Mitgliedskarte kaufen. Worum geht es?\t\t<\/span>\n\t<\/span>\n\t<span class=\"edgtf-accordion-mark\">\n\t\t<span class=\"edgtf-accordion-mark-icon\">\n\t\t\t<span class=\"icon_plus\"><\/span>\n\t\t\t<span class=\"icon_minus-06\"><\/span>\n\t\t<\/span>\n\t<\/span>\n<\/h3>\n<div class=\"edgtf-accordion-content\">\n\t<div class=\"edgtf-accordion-content-inner\">\n\t\t[vc_column_text]Musica a Palazzo ist ein Kulturverein. Aus diesem Grund m\u00fcssen alle G\u00e4ste als Mitglieder eingetragen sein. Dies erfolgt durch eine Mitgliedskarte, die ausgestellt wird, nachdem das Eintrittsformular mit den eigenen Personalangaben ausgef\u00fcllt wird. Der Preis f\u00fcr 2023 betr\u00e4gt 95 Euro pro Person.[\/vc_column_text]\t<\/div>\n<\/div><h3 class=\"clearfix edgtf-title-holder\">\n\t<span class=\"edgtf-acc-gradient\"><\/span>\n\t<span class=\"edgtf-tab-title\">\n\t\t<span class=\"edgtf-tab-title-inner\">\n\t\t\tWann muss ich das formular ausf\u00fcllen?\t\t<\/span>\n\t<\/span>\n\t<span class=\"edgtf-accordion-mark\">\n\t\t<span class=\"edgtf-accordion-mark-icon\">\n\t\t\t<span class=\"icon_plus\"><\/span>\n\t\t\t<span class=\"icon_minus-06\"><\/span>\n\t\t<\/span>\n\t<\/span>\n<\/h3>\n<div class=\"edgtf-accordion-content\">\n\t<div class=\"edgtf-accordion-content-inner\">\n\t\t[vc_column_text css=&#8221;&#8221;]Das Formular wird vor der Teilnahme an den Aktivit\u00e4ten von Musica a Palazzo ausgef\u00fcllt. Sie k\u00f6nnen es am Eingang ausf\u00fcllen, aber &#8211; um Warteschlagen zu vermeiden &#8211; Sie k\u00f6nnen es auch im Voraus ausf\u00fcllen und den Anhang ausdr\u00fccken, den Sie bei der Buchungsbest\u00e4tigung erhalten. Das Formular laden Sie unter <a href=\"https:\/\/www.musicapalazzo.com\/files\/musicapalazzo.com\/2026\/01\/Membership_Application.pdf\">diesem Link<\/a> herunter.[\/vc_column_text]\t<\/div>\n<\/div><h3 class=\"clearfix edgtf-title-holder\">\n\t<span class=\"edgtf-acc-gradient\"><\/span>\n\t<span class=\"edgtf-tab-title\">\n\t\t<span class=\"edgtf-tab-title-inner\">\n\t\t\tWerden meine Angaben an Dritte weitergegeben?\t\t<\/span>\n\t<\/span>\n\t<span class=\"edgtf-accordion-mark\">\n\t\t<span class=\"edgtf-accordion-mark-icon\">\n\t\t\t<span class=\"icon_plus\"><\/span>\n\t\t\t<span class=\"icon_minus-06\"><\/span>\n\t\t<\/span>\n\t<\/span>\n<\/h3>\n<div class=\"edgtf-accordion-content\">\n\t<div class=\"edgtf-accordion-content-inner\">\n\t\t[vc_column_text]Auf keinem Fall. Ihre Personalangaben werden im Mitgliederregister von Musica a Palazzo gespeichert.[\/vc_column_text]\t<\/div>\n<\/div><h3 class=\"clearfix edgtf-title-holder\">\n\t<span class=\"edgtf-acc-gradient\"><\/span>\n\t<span class=\"edgtf-tab-title\">\n\t\t<span class=\"edgtf-tab-title-inner\">\n\t\t\tGibt es ein Mindestalter f\u00fcr Kinder?\t\t<\/span>\n\t<\/span>\n\t<span class=\"edgtf-accordion-mark\">\n\t\t<span class=\"edgtf-accordion-mark-icon\">\n\t\t\t<span class=\"icon_plus\"><\/span>\n\t\t\t<span class=\"icon_minus-06\"><\/span>\n\t\t<\/span>\n\t<\/span>\n<\/h3>\n<div class=\"edgtf-accordion-content\">\n\t<div class=\"edgtf-accordion-content-inner\">\n\t\t[vc_column_text]Unsere Aktivit\u00e4ten sind f\u00fcr Kinder unter 5 Jahren nicht geeignet.[\/vc_column_text]\t<\/div>\n<\/div><h3 class=\"clearfix edgtf-title-holder\">\n\t<span class=\"edgtf-acc-gradient\"><\/span>\n\t<span class=\"edgtf-tab-title\">\n\t\t<span class=\"edgtf-tab-title-inner\">\n\t\t\tWann \u00f6ffnet Palazzo Barbarigo Minotto?\t\t<\/span>\n\t<\/span>\n\t<span class=\"edgtf-accordion-mark\">\n\t\t<span class=\"edgtf-accordion-mark-icon\">\n\t\t\t<span class=\"icon_plus\"><\/span>\n\t\t\t<span class=\"icon_minus-06\"><\/span>\n\t\t<\/span>\n\t<\/span>\n<\/h3>\n<div class=\"edgtf-accordion-content\">\n\t<div class=\"edgtf-accordion-content-inner\">\n\t\t[vc_column_text]Der Zugang zu Palazzo Barbarigo Minotto f\u00fcr die Abendvorstellung ist ab 20:00 Uhr bis 20:30 Uhr. Die Abendvorstellungen enden in der Regel gegen 22:30 Uhr.<\/p>\n<p>Sollte eine Show zu einem anderen Zeitpunkt beginnen, werden Sie per E-Mail informiert.<\/p>\n<p>F\u00fcr die Aktivit\u00e4ten am Nachmittag besuchen Sie unseren Bereich <a href=\"https:\/\/www.musicapalazzo.com\/de\/news\/\">News<\/a>, wo Sie Daten und Uhrzeiten unserer Konferenzen, Treffen, Tagungen und Seminare finden.[\/vc_column_text]\t<\/div>\n<\/div><h3 class=\"clearfix edgtf-title-holder\">\n\t<span class=\"edgtf-acc-gradient\"><\/span>\n\t<span class=\"edgtf-tab-title\">\n\t\t<span class=\"edgtf-tab-title-inner\">\n\t\t\tIst es m\u00f6glich, das Libretto f\u00fcr die Oper zu erhalten, die ich gebucht habe?\t\t<\/span>\n\t<\/span>\n\t<span class=\"edgtf-accordion-mark\">\n\t\t<span class=\"edgtf-accordion-mark-icon\">\n\t\t\t<span class=\"icon_plus\"><\/span>\n\t\t\t<span class=\"icon_minus-06\"><\/span>\n\t\t<\/span>\n\t<\/span>\n<\/h3>\n<div class=\"edgtf-accordion-content\">\n\t<div class=\"edgtf-accordion-content-inner\">\n\t\t[vc_column_text]Sie k\u00f6nnen den Opern mithilfe der Opernlibrettos folgen, die Sie am Eingang in der italienisch-englischen oder italienisch-franz\u00f6sischen Fassung kaufen k\u00f6nnen.[\/vc_column_text]\t<\/div>\n<\/div><h3 class=\"clearfix edgtf-title-holder\">\n\t<span class=\"edgtf-acc-gradient\"><\/span>\n\t<span class=\"edgtf-tab-title\">\n\t\t<span class=\"edgtf-tab-title-inner\">\n\t\t\tKann ich w\u00e4hrend der Vorstellung Fotos machen?\t\t<\/span>\n\t<\/span>\n\t<span class=\"edgtf-accordion-mark\">\n\t\t<span class=\"edgtf-accordion-mark-icon\">\n\t\t\t<span class=\"icon_plus\"><\/span>\n\t\t\t<span class=\"icon_minus-06\"><\/span>\n\t\t<\/span>\n\t<\/span>\n<\/h3>\n<div class=\"edgtf-accordion-content\">\n\t<div class=\"edgtf-accordion-content-inner\">\n\t\t[vc_column_text]Nein, wir bitten Sie darum, keine Fotos oder Videos w\u00e4hrend der Vorstellungen aufzunehmen, damit Sie unsere Musiker und die anderen G\u00e4ste nicht st\u00f6ren. Es ist jedoch m\u00f6glich, Fotos und Videos vor und nach der Vorstellung und w\u00e4hrend der Intervalle zu machen.[\/vc_column_text]\t<\/div>\n<\/div><h3 class=\"clearfix edgtf-title-holder\">\n\t<span class=\"edgtf-acc-gradient\"><\/span>\n\t<span class=\"edgtf-tab-title\">\n\t\t<span class=\"edgtf-tab-title-inner\">\n\t\t\tWas ist der Dresscode?\t\t<\/span>\n\t<\/span>\n\t<span class=\"edgtf-accordion-mark\">\n\t\t<span class=\"edgtf-accordion-mark-icon\">\n\t\t\t<span class=\"icon_plus\"><\/span>\n\t\t\t<span class=\"icon_minus-06\"><\/span>\n\t\t<\/span>\n\t<\/span>\n<\/h3>\n<div class=\"edgtf-accordion-content\">\n\t<div class=\"edgtf-accordion-content-inner\">\n\t\t[vc_column_text]Der empfohlene Dresscode ist Evening Casual; ein eleganter Anzug\/elegantes Kleid ist gesch\u00e4tzt aber nicht obligatorisch. Die Herren sollen lange Hose und Schuhe tragen, die zum Anlass passen.[\/vc_column_text]\t<\/div>\n<\/div><h3 class=\"clearfix edgtf-title-holder\">\n\t<span class=\"edgtf-acc-gradient\"><\/span>\n\t<span class=\"edgtf-tab-title\">\n\t\t<span class=\"edgtf-tab-title-inner\">\n\t\t\tWo kann ich vor oder nach der Vorstellung essen?\t\t<\/span>\n\t<\/span>\n\t<span class=\"edgtf-accordion-mark\">\n\t\t<span class=\"edgtf-accordion-mark-icon\">\n\t\t\t<span class=\"icon_plus\"><\/span>\n\t\t\t<span class=\"icon_minus-06\"><\/span>\n\t\t<\/span>\n\t<\/span>\n<\/h3>\n<div class=\"edgtf-accordion-content\">\n\t<div class=\"edgtf-accordion-content-inner\">\n\t\t[vc_column_text]In der Gegend von Palazzo Barbarigo Minotto und auf Campo Santo Stefano (in Richtung Accademia) finden Sie sehr gute Restaurants und typische venezianische Osterie. Wenn Sie nach den Abendvorstellungen essen m\u00f6chten, die normalerweise gegen 22:30 enden \u2013 ist es empfehlenswert, das Restaurant anzurufen, um zu kontrollieren, dass die K\u00fcche noch offen ist. Unten den n\u00e4chsten Restaurants finden Sie <a href=\"http:\/\/www.restaurantlacaravella.com\/it\/\">La Caravella<\/a>, das <a href=\"http:\/\/www.ristorantealgiglio.com\/\">Restaurant al Giglio<\/a>, <a href=\"http:\/\/www.abeccafico.com\/\">A Beccafico<\/a>, wenn Sie einen schnellen Snack lieber haben, schauen Sie bei der <a href=\"https:\/\/www.hotelala.it\/en\/american-bar\/\">American Bar Tarnowska vorbei<\/a>.[\/vc_column_text]\t<\/div>\n<\/div><h3 class=\"clearfix edgtf-title-holder\">\n\t<span class=\"edgtf-acc-gradient\"><\/span>\n\t<span class=\"edgtf-tab-title\">\n\t\t<span class=\"edgtf-tab-title-inner\">\n\t\t\tAnkunft zum Palazzo Barbarigo Minotto\t\t<\/span>\n\t<\/span>\n\t<span class=\"edgtf-accordion-mark\">\n\t\t<span class=\"edgtf-accordion-mark-icon\">\n\t\t\t<span class=\"icon_plus\"><\/span>\n\t\t\t<span class=\"icon_minus-06\"><\/span>\n\t\t<\/span>\n\t<\/span>\n<\/h3>\n<div class=\"edgtf-accordion-content\">\n\t<div class=\"edgtf-accordion-content-inner\">\n\t\t[vc_column_text]Der Sitz von Musica a Palazzo ist Palazzo Barbarigo Minotto, dessen Hauptfassade sich auf dem Canal Grande, neben der Vaporetto-Haltestelle \u201eGiglio\u201c befindet. Der Eingang ist auf dem Festland ist von Fondamenta Duodo o Barbarigo, S. Marco 2504 Venedig. Unter <a href=\"https:\/\/www.google.it\/maps\/dir\/\/Musica+a+Palazzo,+Palazzo+Barbarigo+Minotto,+Fondamenta+Duodo,+2504+San+Marco,+Venezia+VE\/@45.4316652,12.2973056,13z\/data=!4m9!4m8!1m0!1m5!1m1!1s0x477eb1d77377c4fd:0xe30dcc55eb1c0c93!2m2!1d12.3323249!2d45.4316103!3e0\">diesem Link<\/a> k\u00f6nnen Sie den Weg auf GoogleMaps ausw\u00e4hlen, indem Sie Ihre Lage eingeben.[\/vc_column_text]\t<\/div>\n<\/div><h3 class=\"clearfix edgtf-title-holder\">\n\t<span class=\"edgtf-acc-gradient\"><\/span>\n\t<span class=\"edgtf-tab-title\">\n\t\t<span class=\"edgtf-tab-title-inner\">\n\t\t\tAnfahrt in Venedig mit dem Auto\t\t<\/span>\n\t<\/span>\n\t<span class=\"edgtf-accordion-mark\">\n\t\t<span class=\"edgtf-accordion-mark-icon\">\n\t\t\t<span class=\"icon_plus\"><\/span>\n\t\t\t<span class=\"icon_minus-06\"><\/span>\n\t\t<\/span>\n\t<\/span>\n<\/h3>\n<div class=\"edgtf-accordion-content\">\n\t<div class=\"edgtf-accordion-content-inner\">\n\t\t[vc_column_text]Wenn Sie mit dem Auto anfahren, k\u00f6nnen Sie in den privaten Parkh\u00e4usern in Piazzale Roma oder Tronchetto parken, von hier k\u00f6nnen Sie die Vaporetto-Linie Nr. 1 nehmen. Die Parkpl\u00e4tze sind die ganze Nacht ge\u00f6ffnet und Sie werden keine Schwierigkeit haben, Ihr Auto abzuholen, wenn die Vorstellung abgeschlossen sind (wir empfehlen, anzurufen, um die Schlie\u00dfzeiten Ihres Parkplatzes zu kontrollieren).[\/vc_column_text]\t<\/div>\n<\/div><h3 class=\"clearfix edgtf-title-holder\">\n\t<span class=\"edgtf-acc-gradient\"><\/span>\n\t<span class=\"edgtf-tab-title\">\n\t\t<span class=\"edgtf-tab-title-inner\">\n\t\t\tAnfahrt mit dem Vaporetto\t\t<\/span>\n\t<\/span>\n\t<span class=\"edgtf-accordion-mark\">\n\t\t<span class=\"edgtf-accordion-mark-icon\">\n\t\t\t<span class=\"icon_plus\"><\/span>\n\t\t\t<span class=\"icon_minus-06\"><\/span>\n\t\t<\/span>\n\t<\/span>\n<\/h3>\n<div class=\"edgtf-accordion-content\">\n\t<div class=\"edgtf-accordion-content-inner\">\n\t\t[vc_column_text]Wenn Sie mit dem Vaporetto anfahren m\u00f6chten, ist die Haltestelle \u201eGiglio\u201c mit der Linie Nr. 1. Nachdem Sie angekommen sind, biegen Sie sobald wie m\u00f6glich nach links, \u00fcbergehen Sie die erste Br\u00fccke auf der linken Seite und dann sind Sie in Fondamenta Duodo oder Barbarigo. Die Linie Nr.1 stopp an den wichtigen Sehensw\u00fcrdigkeiten Venedigs: San Marco (Haltestelle S. Zaccaria), Rialto, Accademia, Piazzale Roma und Ferrovia (Bahnhof). Die Vaporettos fahren die ganze Nacht: Sie werden keine Schwierigkeit haben, nach der Vorstellung zu Ihrer Unterkunft zur\u00fcckzukehren.[\/vc_column_text]\t<\/div>\n<\/div><h3 class=\"clearfix edgtf-title-holder\">\n\t<span class=\"edgtf-acc-gradient\"><\/span>\n\t<span class=\"edgtf-tab-title\">\n\t\t<span class=\"edgtf-tab-title-inner\">\n\t\t\tAnfahrt mit einem Taxi\t\t<\/span>\n\t<\/span>\n\t<span class=\"edgtf-accordion-mark\">\n\t\t<span class=\"edgtf-accordion-mark-icon\">\n\t\t\t<span class=\"icon_plus\"><\/span>\n\t\t\t<span class=\"icon_minus-06\"><\/span>\n\t\t<\/span>\n\t<\/span>\n<\/h3>\n<div class=\"edgtf-accordion-content\">\n\t<div class=\"edgtf-accordion-content-inner\">\n\t\t[vc_column_text]Im Falle, dass Sie ein Taxi m\u00f6chten, k\u00f6nnen Sie eins unter der Nummer +39 041 5222303, oder auf der Seite des <a href=\"https:\/\/www.motoscafivenezia.it\/it\/biglietto\/scegli-destinazione.php\">Consorzio Motoscafi Venezia<\/a> buchen. Um Palazzo Barbarigo Minotto zu erreichen, bitten Sie Ihren Taxifahrer, in Rio de Santa Maria del Giglio neben dem Landungssteg \u201eGiglio\u201c einzufahren und an den Arkaden bei der Locanda Barbarigo anzulegen.[\/vc_column_text]\t<\/div>\n<\/div><\/div>[\/vc_column][\/vc_row][vc_row el_class=&#8221;page-decoration&#8221;][vc_column][vc_raw_html]JTNDZGl2JTIwY2xhc3MlM0QlMjJkZWNvLXJpZ2h0JTIyJTNFJTNDJTJGZGl2JTNFJTBBJTNDZGl2JTIwY2xhc3MlM0QlMjJkZWNvLWxlZnQlMjIlM0UlM0MlMkZkaXYlM0U=[\/vc_raw_html][\/vc_column][\/vc_row]<\/p>\n<\/div>","protected":false},"excerpt":{"rendered":"<p>[vc_row][vc_column offset=&#8221;vc_col-lg-8 vc_col-md-10&#8243;][vc_column_text] FAQ [\/vc_column_text][vc_empty_space height=&#8221;64px&#8221;][\/vc_column][\/vc_row][vc_row el_class=&#8221;page-decoration&#8221;][vc_column][vc_raw_html]JTNDZGl2JTIwY2xhc3MlM0QlMjJkZWNvLXJpZ2h0JTIyJTNFJTNDJTJGZGl2JTNFJTBBJTNDZGl2JTIwY2xhc3MlM0QlMjJkZWNvLWxlZnQlMjIlM0UlM0MlMkZkaXYlM0U=[\/vc_raw_html][\/vc_column][\/vc_row]<\/p>\n","protected":false},"author":101011,"featured_media":0,"parent":0,"menu_order":0,"comment_status":"closed","ping_status":"closed","template":"","meta":{"footnotes":""},"class_list":["post-65787","page","type-page","status-publish","hentry"],"yoast_head":"<!-- This site is optimized with the Yoast SEO plugin v26.8 - https:\/\/yoast.com\/product\/yoast-seo-wordpress\/ -->\n<title>FAQ - Musica Palazzo<\/title>\n<meta name=\"robots\" content=\"index, follow, max-snippet:-1, max-image-preview:large, max-video-preview:-1\" \/>\n<link rel=\"canonical\" href=\"https:\/\/www.musicapalazzo.com\/de\/faq\/\" \/>\n<meta property=\"og:locale\" content=\"de_DE\" \/>\n<meta property=\"og:type\" content=\"article\" \/>\n<meta property=\"og:title\" content=\"FAQ - Musica Palazzo\" \/>\n<meta property=\"og:description\" content=\"[vc_row][vc_column offset=&#8221;vc_col-lg-8 vc_col-md-10&#8243;][vc_column_text] FAQ [\/vc_column_text][vc_empty_space height=&#8221;64px&#8221;][\/vc_column][\/vc_row][vc_row el_class=&#8221;page-decoration&#8221;][vc_column][vc_raw_html]JTNDZGl2JTIwY2xhc3MlM0QlMjJkZWNvLXJpZ2h0JTIyJTNFJTNDJTJGZGl2JTNFJTBBJTNDZGl2JTIwY2xhc3MlM0QlMjJkZWNvLWxlZnQlMjIlM0UlM0MlMkZkaXYlM0U=[\/vc_raw_html][\/vc_column][\/vc_row]\" \/>\n<meta property=\"og:url\" content=\"https:\/\/www.musicapalazzo.com\/de\/faq\/\" \/>\n<meta property=\"og:site_name\" content=\"Musica Palazzo\" \/>\n<meta property=\"article:modified_time\" content=\"2026-01-29T12:29:52+00:00\" \/>\n<meta name=\"twitter:card\" content=\"summary_large_image\" \/>\n<meta name=\"twitter:label1\" content=\"Est. reading time\" \/>\n\t<meta name=\"twitter:data1\" content=\"4 minutes\" \/>\n<script type=\"application\/ld+json\" class=\"yoast-schema-graph\">{\"@context\":\"https:\/\/schema.org\",\"@graph\":[{\"@type\":\"WebPage\",\"@id\":\"https:\/\/www.musicapalazzo.com\/de\/faq\/\",\"url\":\"https:\/\/www.musicapalazzo.com\/de\/faq\/\",\"name\":\"FAQ - Musica Palazzo\",\"isPartOf\":{\"@id\":\"https:\/\/www.musicapalazzo.com\/de\/#website\"},\"datePublished\":\"2018-01-30T18:38:25+00:00\",\"dateModified\":\"2026-01-29T12:29:52+00:00\",\"breadcrumb\":{\"@id\":\"https:\/\/www.musicapalazzo.com\/de\/faq\/#breadcrumb\"},\"inLanguage\":\"de-DE\",\"potentialAction\":[{\"@type\":\"ReadAction\",\"target\":[\"https:\/\/www.musicapalazzo.com\/de\/faq\/\"]}]},{\"@type\":\"BreadcrumbList\",\"@id\":\"https:\/\/www.musicapalazzo.com\/de\/faq\/#breadcrumb\",\"itemListElement\":[{\"@type\":\"ListItem\",\"position\":1,\"name\":\"Home\",\"item\":\"https:\/\/www.musicapalazzo.com\/de\/\"},{\"@type\":\"ListItem\",\"position\":2,\"name\":\"FAQ\"}]},{\"@type\":\"WebSite\",\"@id\":\"https:\/\/www.musicapalazzo.com\/de\/#website\",\"url\":\"https:\/\/www.musicapalazzo.com\/de\/\",\"name\":\"Musica Palazzo\",\"description\":\"Associazione Culturale Music at the Palace\",\"potentialAction\":[{\"@type\":\"SearchAction\",\"target\":{\"@type\":\"EntryPoint\",\"urlTemplate\":\"https:\/\/www.musicapalazzo.com\/de\/?s={search_term_string}\"},\"query-input\":{\"@type\":\"PropertyValueSpecification\",\"valueRequired\":true,\"valueName\":\"search_term_string\"}}],\"inLanguage\":\"de-DE\"}]}<\/script>\n<!-- \/ Yoast SEO plugin. -->","yoast_head_json":{"title":"FAQ - Musica Palazzo","robots":{"index":"index","follow":"follow","max-snippet":"max-snippet:-1","max-image-preview":"max-image-preview:large","max-video-preview":"max-video-preview:-1"},"canonical":"https:\/\/www.musicapalazzo.com\/de\/faq\/","og_locale":"de_DE","og_type":"article","og_title":"FAQ - Musica Palazzo","og_description":"[vc_row][vc_column offset=&#8221;vc_col-lg-8 vc_col-md-10&#8243;][vc_column_text] FAQ [\/vc_column_text][vc_empty_space height=&#8221;64px&#8221;][\/vc_column][\/vc_row][vc_row el_class=&#8221;page-decoration&#8221;][vc_column][vc_raw_html]JTNDZGl2JTIwY2xhc3MlM0QlMjJkZWNvLXJpZ2h0JTIyJTNFJTNDJTJGZGl2JTNFJTBBJTNDZGl2JTIwY2xhc3MlM0QlMjJkZWNvLWxlZnQlMjIlM0UlM0MlMkZkaXYlM0U=[\/vc_raw_html][\/vc_column][\/vc_row]","og_url":"https:\/\/www.musicapalazzo.com\/de\/faq\/","og_site_name":"Musica Palazzo","article_modified_time":"2026-01-29T12:29:52+00:00","twitter_card":"summary_large_image","twitter_misc":{"Est. reading time":"4 minutes"},"schema":{"@context":"https:\/\/schema.org","@graph":[{"@type":"WebPage","@id":"https:\/\/www.musicapalazzo.com\/de\/faq\/","url":"https:\/\/www.musicapalazzo.com\/de\/faq\/","name":"FAQ - Musica Palazzo","isPartOf":{"@id":"https:\/\/www.musicapalazzo.com\/de\/#website"},"datePublished":"2018-01-30T18:38:25+00:00","dateModified":"2026-01-29T12:29:52+00:00","breadcrumb":{"@id":"https:\/\/www.musicapalazzo.com\/de\/faq\/#breadcrumb"},"inLanguage":"de-DE","potentialAction":[{"@type":"ReadAction","target":["https:\/\/www.musicapalazzo.com\/de\/faq\/"]}]},{"@type":"BreadcrumbList","@id":"https:\/\/www.musicapalazzo.com\/de\/faq\/#breadcrumb","itemListElement":[{"@type":"ListItem","position":1,"name":"Home","item":"https:\/\/www.musicapalazzo.com\/de\/"},{"@type":"ListItem","position":2,"name":"FAQ"}]},{"@type":"WebSite","@id":"https:\/\/www.musicapalazzo.com\/de\/#website","url":"https:\/\/www.musicapalazzo.com\/de\/","name":"Musica Palazzo","description":"Associazione Culturale Music at the Palace","potentialAction":[{"@type":"SearchAction","target":{"@type":"EntryPoint","urlTemplate":"https:\/\/www.musicapalazzo.com\/de\/?s={search_term_string}"},"query-input":{"@type":"PropertyValueSpecification","valueRequired":true,"valueName":"search_term_string"}}],"inLanguage":"de-DE"}]}},"_links":{"self":[{"href":"https:\/\/www.musicapalazzo.com\/de\/wp-json\/wp\/v2\/pages\/65787","targetHints":{"allow":["GET"]}}],"collection":[{"href":"https:\/\/www.musicapalazzo.com\/de\/wp-json\/wp\/v2\/pages"}],"about":[{"href":"https:\/\/www.musicapalazzo.com\/de\/wp-json\/wp\/v2\/types\/page"}],"author":[{"embeddable":true,"href":"https:\/\/www.musicapalazzo.com\/de\/wp-json\/wp\/v2\/users\/101011"}],"replies":[{"embeddable":true,"href":"https:\/\/www.musicapalazzo.com\/de\/wp-json\/wp\/v2\/comments?post=65787"}],"version-history":[{"count":5,"href":"https:\/\/www.musicapalazzo.com\/de\/wp-json\/wp\/v2\/pages\/65787\/revisions"}],"predecessor-version":[{"id":136229,"href":"https:\/\/www.musicapalazzo.com\/de\/wp-json\/wp\/v2\/pages\/65787\/revisions\/136229"}],"wp:attachment":[{"href":"https:\/\/www.musicapalazzo.com\/de\/wp-json\/wp\/v2\/media?parent=65787"}],"curies":[{"name":"wp","href":"https:\/\/api.w.org\/{rel}","templated":true}]}}